{"id":3517,"date":"2025-05-20T15:28:58","date_gmt":"2025-05-20T12:28:58","guid":{"rendered":"https:\/\/testlnm.lt\/?post_type=product&#038;p=3517"},"modified":"2026-04-17T09:20:42","modified_gmt":"2026-04-17T06:20:42","slug":"algimantas-kuncius-susitikimai-praeitame-simtmetyje-1963-2000-meetings-in-the-last-century-1963-2000","status":"publish","type":"product","link":"https:\/\/testlnm.lt\/en\/product\/algimantas-kuncius-susitikimai-praeitame-simtmetyje-1963-2000-meetings-in-the-last-century-1963-2000\/","title":{"rendered":"Algimantas Kun\u010dius. Meetings in the Last Century 1963\u20132000"},"content":{"rendered":"<p>Photographer Algimantas Kun\u010dius donated his archive to the National Museum of Lithuania, which consists of about 80,000 negatives and 2,600 original photographs that immortalized people and events of culture and art from 1963 to 2000. This album, published in Lithuanian and English, contains most of the vintage prints exhibited in the 2019\u20132020 photographer's exhibition at the museum, and is also a kind of reconstruction of the publication Glavlit censored during the Soviet era (Minties Publishing House, 1984) - at that time, public figures who did not trust the Soviet government were not allowed to enter its pages.<br \/>\nThe archive was accumulated while working as a photojournalist for cultural publications \u201cLiterature and Art\u201d and \u201cCultural Bars\u201d. For anniversaries, articles about exhibitions, concerts, and books, high-quality and non-boring portraits were needed that revealed the personality, its work, and its environment. Therefore, these are not studio portraits \u2013 Kun\u010dius photographs while being among people, encountering them in their everyday lives \u2013 writing, painting, thinking, arriving, or leaving. And not all portraits are commissioned, they happen along the way, when meeting. <\/p>\n<p>Compiled by Onut\u0117 Butkut\u0117, Algimantas Kun\u010dius.<br \/>\nEditor Nijol\u0117 Deveikien\u0117.<br \/>\nTranslated by Au\u0161ra Simanavi\u010di\u016bt\u0117, Monika Kisliakovait\u0117-\u010caplikien\u0117.<br \/>\nArtist Vida Ona Kurait\u0117.<br \/>\nPhotographs from copyright negatives were prepared for publication by Arvydas Maknys and Onut\u0117 Butkut\u0117.<br \/>\nLanguages: Lithuanian and English <\/p>","protected":false},"excerpt":{"rendered":"<p>Vilnius, 2025, Lithuanian, English. ISBN 978-609-478-087-5.<\/p>","protected":false},"featured_media":3518,"template":"","meta":{"_acf_changed":false,"inline_featured_image":false},"product_brand":[],"product_cat":[71,23,19,183,147,174],"product_tag":[],"class_list":{"0":"post-3517","1":"product","2":"type-product","3":"status-publish","4":"has-post-thumbnail","6":"product_cat-fotografiju-albumai","7":"product_cat-istorija","8":"product_cat-leidiniai","9":"product_cat-leidiniai-anglu-kalba","10":"product_cat-naujausi-leidiniai","11":"product_cat-naujienos","13":"first","14":"instock","15":"taxable","16":"shipping-taxable","17":"purchasable","18":"product-type-simple"},"acf":[],"_links":{"self":[{"href":"https:\/\/testlnm.lt\/en\/wp-json\/wp\/v2\/product\/3517","targetHints":{"allow":["GET"]}}],"collection":[{"href":"https:\/\/testlnm.lt\/en\/wp-json\/wp\/v2\/product"}],"about":[{"href":"https:\/\/testlnm.lt\/en\/wp-json\/wp\/v2\/types\/product"}],"wp:featuredmedia":[{"embeddable":true,"href":"https:\/\/testlnm.lt\/en\/wp-json\/wp\/v2\/media\/3518"}],"wp:attachment":[{"href":"https:\/\/testlnm.lt\/en\/wp-json\/wp\/v2\/media?parent=3517"}],"wp:term":[{"taxonomy":"product_brand","embeddable":true,"href":"https:\/\/testlnm.lt\/en\/wp-json\/wp\/v2\/product_brand?post=3517"},{"taxonomy":"product_cat","embeddable":true,"href":"https:\/\/testlnm.lt\/en\/wp-json\/wp\/v2\/product_cat?post=3517"},{"taxonomy":"product_tag","embeddable":true,"href":"https:\/\/testlnm.lt\/en\/wp-json\/wp\/v2\/product_tag?post=3517"}],"curies":[{"name":"wp","href":"https:\/\/api.w.org\/{rel}","templated":true}]}}