{"id":365,"date":"2021-09-01T13:55:50","date_gmt":"2021-09-01T10:55:50","guid":{"rendered":"https:\/\/testlnm.lt\/?post_type=product&#038;p=365"},"modified":"2026-04-17T09:21:17","modified_gmt":"2026-04-17T06:21:17","slug":"rimute-rimantiene-akmens-amziaus-zvejai-prie-pajurio-lagunos","status":"publish","type":"product","link":"https:\/\/testlnm.lt\/en\/product\/rimute-rimantiene-akmens-amziaus-zvejai-prie-pajurio-lagunos\/","title":{"rendered":"Stone Age Fisherman at the Seaside Lagoon"},"content":{"rendered":"<p>The author of the book, Rimut\u0117 Rimantien\u0117, is a renowned Lithuanian researcher of the Stone Age. The Lithuanian National Museum is pleased to present readers with a book about the research of Stone Age monuments in \u0160ventoji (5th-3rd millennium BC), which lasted almost 40 years. This material now constitutes a part of the Archaeology Department's gold fund at the National Museum. The \u0160ventoji monuments deserve to be alongside the most important Stone Age monuments of Northern Europe, researched in marshes. This book, providing a wealth of information, will be interesting and useful not only for archaeologists but also for cultural and art historians, naturalists, geologists, and all those interested in Lithuania's past.<\/p>","protected":false},"excerpt":{"rendered":"<p>Stone Age Fisherman at the Seaside Lagoon<\/p>\n<p>Vilnius, 2005. 528 p., Lithuanian, summaries in English, ISBN 9955-415-43-6.<br \/>\nArtist: Agn\u0117 Beinaravi\u010di\u016bt\u0117. Editor: Dovil\u0117 Svetikien\u0117.<\/p>","protected":false},"featured_media":603,"template":"","meta":{"_acf_changed":false,"inline_featured_image":false},"product_brand":[],"product_cat":[34,19],"product_tag":[],"class_list":{"0":"post-365","1":"product","2":"type-product","3":"status-publish","4":"has-post-thumbnail","6":"product_cat-archeologija","7":"product_cat-leidiniai","9":"first","10":"instock","11":"taxable","12":"shipping-taxable","13":"purchasable","14":"product-type-simple"},"acf":[],"_links":{"self":[{"href":"https:\/\/testlnm.lt\/en\/wp-json\/wp\/v2\/product\/365","targetHints":{"allow":["GET"]}}],"collection":[{"href":"https:\/\/testlnm.lt\/en\/wp-json\/wp\/v2\/product"}],"about":[{"href":"https:\/\/testlnm.lt\/en\/wp-json\/wp\/v2\/types\/product"}],"wp:featuredmedia":[{"embeddable":true,"href":"https:\/\/testlnm.lt\/en\/wp-json\/wp\/v2\/media\/603"}],"wp:attachment":[{"href":"https:\/\/testlnm.lt\/en\/wp-json\/wp\/v2\/media?parent=365"}],"wp:term":[{"taxonomy":"product_brand","embeddable":true,"href":"https:\/\/testlnm.lt\/en\/wp-json\/wp\/v2\/product_brand?post=365"},{"taxonomy":"product_cat","embeddable":true,"href":"https:\/\/testlnm.lt\/en\/wp-json\/wp\/v2\/product_cat?post=365"},{"taxonomy":"product_tag","embeddable":true,"href":"https:\/\/testlnm.lt\/en\/wp-json\/wp\/v2\/product_tag?post=365"}],"curies":[{"name":"wp","href":"https:\/\/api.w.org\/{rel}","templated":true}]}}