{"id":366,"date":"2021-09-01T14:00:06","date_gmt":"2021-09-01T11:00:06","guid":{"rendered":"https:\/\/testlnm.lt\/?post_type=product&#038;p=366"},"modified":"2026-01-07T16:31:40","modified_gmt":"2026-01-07T14:31:40","slug":"ziemgaliai-the-semigallians","status":"publish","type":"product","link":"https:\/\/testlnm.lt\/en\/product\/ziemgaliai-the-semigallians\/","title":{"rendered":"\u017diemgaliai. The Semigallians."},"content":{"rendered":"<p>Leidinyje pristatomi \u017eiemgaliai \u2013 viena i\u0161 balt\u0173 gen\u010di\u0173, susiformavusi apie V am\u017ei\u0173 gana pla\u010dioje pilkapi\u0173 kult\u016bros teritorijoje. \u017diemgaliai istoriniuose \u0161altiniuose pirm\u0105syk pamin\u0117ti IX am\u017eiuje, nuo XIV am\u017eiaus \u017diemgalos vardas jau nebeminimas. Daugiausia \u017einomi ir i\u0161tirti \u017eiemgali\u0173 archeologijos paminklai \u2013 kapinynai. Laidosenoje geriausiai atsispindi turtinga ir savita genties kult\u016bra. Archeologijos radiniai lieka svarbiausias to laiko dokumentas. Parodos Lietuvos nacionaliniame muziejuje knyga \u2013 i\u0161samus, iliustruotas parodos katalogas lietuvi\u0173 ir angl\u0173 kalbomis.<\/p>\n<p>&nbsp;<\/p>","protected":false},"excerpt":{"rendered":"<p>\u017diemgaliai. The Semigallians.<\/p>\n<p>Balt\u0173 archeologijos paroda. Katalogas<\/p>\n<p>&nbsp;<\/p>\n<p>Vilnius, 2005. 240 p., lietuvi\u0173 ir angl\u0173 k., ISBN 9955-415-42-8.<\/p>\n<p>Pareng\u0117 Egl\u0117 Griciuvien\u0117. Dailinink\u0117 Vida Kurait\u0117, redaktor\u0117 Loreta Urt\u0117 Urbait\u0117<\/p>","protected":false},"featured_media":668,"template":"","meta":{"_acf_changed":false,"inline_featured_image":false},"product_brand":[],"product_cat":[34,19,183],"product_tag":[84],"class_list":{"0":"post-366","1":"product","2":"type-product","3":"status-publish","4":"has-post-thumbnail","6":"product_cat-archeologija","7":"product_cat-leidiniai","8":"product_cat-leidiniai-anglu-kalba","9":"product_tag-parodu-katalogai","11":"first","12":"outofstock","13":"taxable","14":"shipping-taxable","15":"purchasable","16":"product-type-simple"},"acf":[],"_links":{"self":[{"href":"https:\/\/testlnm.lt\/en\/wp-json\/wp\/v2\/product\/366","targetHints":{"allow":["GET"]}}],"collection":[{"href":"https:\/\/testlnm.lt\/en\/wp-json\/wp\/v2\/product"}],"about":[{"href":"https:\/\/testlnm.lt\/en\/wp-json\/wp\/v2\/types\/product"}],"wp:featuredmedia":[{"embeddable":true,"href":"https:\/\/testlnm.lt\/en\/wp-json\/wp\/v2\/media\/668"}],"wp:attachment":[{"href":"https:\/\/testlnm.lt\/en\/wp-json\/wp\/v2\/media?parent=366"}],"wp:term":[{"taxonomy":"product_brand","embeddable":true,"href":"https:\/\/testlnm.lt\/en\/wp-json\/wp\/v2\/product_brand?post=366"},{"taxonomy":"product_cat","embeddable":true,"href":"https:\/\/testlnm.lt\/en\/wp-json\/wp\/v2\/product_cat?post=366"},{"taxonomy":"product_tag","embeddable":true,"href":"https:\/\/testlnm.lt\/en\/wp-json\/wp\/v2\/product_tag?post=366"}],"curies":[{"name":"wp","href":"https:\/\/api.w.org\/{rel}","templated":true}]}}