{"id":3717,"date":"2025-04-24T14:27:40","date_gmt":"2025-04-24T11:27:40","guid":{"rendered":"https:\/\/testlnm.lt\/?post_type=product&#038;p=3717"},"modified":"2026-04-01T11:44:21","modified_gmt":"2026-04-01T08:44:21","slug":"lipduku-rinkinys-istorija-vizgina-uodega","status":"publish","type":"product","link":"https:\/\/testlnm.lt\/en\/product\/lipduku-rinkinys-istorija-vizgina-uodega\/","title":{"rendered":"Sticker set \"History Wags Its Tail\""},"content":{"rendered":"<p>A set of stickers from the House of History exhibition \"History Wags Its Tail\".<\/p>\n<p>The author of the illustrations is Reda Tomingas, the designer is Justina Bruk\u0161tut\u0117-\u0160imk\u0117.<\/p>","protected":false},"excerpt":{"rendered":"<p>Istorij\u0173 nam\u0173 parodos \u201eIstorija vizgina uodeg\u0105\u201c lipduk\u0173 rinkinys. Iliustracij\u0173 autor\u0117  [&#8230;]<\/p>\n","protected":false},"featured_media":3718,"template":"","meta":{"_acf_changed":false,"inline_featured_image":false},"product_brand":[],"product_cat":[20,174,175,21],"product_tag":[],"class_list":{"0":"post-3717","1":"product","2":"type-product","3":"status-publish","4":"has-post-thumbnail","6":"product_cat-dovanos-suvenyrai","7":"product_cat-naujienos","8":"product_cat-istorija-vizgina-uodega","9":"product_cat-vaikams","11":"first","12":"onbackorder","13":"taxable","14":"shipping-taxable","15":"purchasable","16":"product-type-simple"},"acf":[],"_links":{"self":[{"href":"https:\/\/testlnm.lt\/en\/wp-json\/wp\/v2\/product\/3717","targetHints":{"allow":["GET"]}}],"collection":[{"href":"https:\/\/testlnm.lt\/en\/wp-json\/wp\/v2\/product"}],"about":[{"href":"https:\/\/testlnm.lt\/en\/wp-json\/wp\/v2\/types\/product"}],"wp:featuredmedia":[{"embeddable":true,"href":"https:\/\/testlnm.lt\/en\/wp-json\/wp\/v2\/media\/3718"}],"wp:attachment":[{"href":"https:\/\/testlnm.lt\/en\/wp-json\/wp\/v2\/media?parent=3717"}],"wp:term":[{"taxonomy":"product_brand","embeddable":true,"href":"https:\/\/testlnm.lt\/en\/wp-json\/wp\/v2\/product_brand?post=3717"},{"taxonomy":"product_cat","embeddable":true,"href":"https:\/\/testlnm.lt\/en\/wp-json\/wp\/v2\/product_cat?post=3717"},{"taxonomy":"product_tag","embeddable":true,"href":"https:\/\/testlnm.lt\/en\/wp-json\/wp\/v2\/product_tag?post=3717"}],"curies":[{"name":"wp","href":"https:\/\/api.w.org\/{rel}","templated":true}]}}