{"id":379,"date":"2021-09-01T15:35:29","date_gmt":"2021-09-01T12:35:29","guid":{"rendered":"https:\/\/testlnm.lt\/?post_type=product&#038;p=379"},"modified":"2026-04-17T09:21:16","modified_gmt":"2026-04-17T06:21:16","slug":"the-restitution-of-lithuanias-statehood-aut-bronislovas-genzelis","status":"publish","type":"product","link":"https:\/\/testlnm.lt\/en\/product\/the-restitution-of-lithuanias-statehood-aut-bronislovas-genzelis\/","title":{"rendered":"Bronislovas Genzelis. The restitution of Lithuania\u2019s statehood"},"content":{"rendered":"<p>\u017dinomo kult\u016bros istoriko, Kovo 11-osios Nepriklausomyb\u0117s Akto signataro prof. Bronislovo Genzelio knyga angl\u0173 kalba apie lietuvi\u0173 tautin\u0117s-valstybin\u0117s savimon\u0117s brendim\u0105 ir keli\u0105 \u012f 1918 met\u0173 Vasario 16-\u0105j\u0105.<\/p>","protected":false},"excerpt":{"rendered":"<p>Bronislovas Genzelis. The restitution of Lithuania\u2019s statehood<\/p>\n<p>&nbsp;<\/p>\n<p>Vilnius, 2007. 111 pages, English, ISBN 9955-415-66-4.<\/p>\n<p>Translated by Martynas Augustinaitis, Au\u0161ra Simanavi\u010di\u016bt\u0117<\/p>","protected":false},"featured_media":674,"template":"","meta":{"_acf_changed":false,"inline_featured_image":false},"product_brand":[],"product_cat":[23,19,183],"product_tag":[80],"class_list":{"0":"post-379","1":"product","2":"type-product","3":"status-publish","4":"has-post-thumbnail","6":"product_cat-istorija","7":"product_cat-leidiniai","8":"product_cat-leidiniai-anglu-kalba","9":"product_tag-istorija","11":"first","12":"instock","13":"taxable","14":"shipping-taxable","15":"purchasable","16":"product-type-simple"},"acf":[],"_links":{"self":[{"href":"https:\/\/testlnm.lt\/en\/wp-json\/wp\/v2\/product\/379","targetHints":{"allow":["GET"]}}],"collection":[{"href":"https:\/\/testlnm.lt\/en\/wp-json\/wp\/v2\/product"}],"about":[{"href":"https:\/\/testlnm.lt\/en\/wp-json\/wp\/v2\/types\/product"}],"wp:featuredmedia":[{"embeddable":true,"href":"https:\/\/testlnm.lt\/en\/wp-json\/wp\/v2\/media\/674"}],"wp:attachment":[{"href":"https:\/\/testlnm.lt\/en\/wp-json\/wp\/v2\/media?parent=379"}],"wp:term":[{"taxonomy":"product_brand","embeddable":true,"href":"https:\/\/testlnm.lt\/en\/wp-json\/wp\/v2\/product_brand?post=379"},{"taxonomy":"product_cat","embeddable":true,"href":"https:\/\/testlnm.lt\/en\/wp-json\/wp\/v2\/product_cat?post=379"},{"taxonomy":"product_tag","embeddable":true,"href":"https:\/\/testlnm.lt\/en\/wp-json\/wp\/v2\/product_tag?post=379"}],"curies":[{"name":"wp","href":"https:\/\/api.w.org\/{rel}","templated":true}]}}