{"id":382,"date":"2021-09-01T15:45:16","date_gmt":"2021-09-01T12:45:16","guid":{"rendered":"https:\/\/testlnm.lt\/?post_type=product&#038;p=382"},"modified":"2026-04-01T11:44:59","modified_gmt":"2026-04-01T08:44:59","slug":"seliai-the-selonians","status":"publish","type":"product","link":"https:\/\/testlnm.lt\/en\/product\/seliai-the-selonians\/","title":{"rendered":"S\u0117liai. The Selonians"},"content":{"rendered":"<p>Leidinyje pristatomi s\u0117liai \u2013 viena i\u0161 balt\u0173 gen\u010di\u0173, apie VI am\u017ei\u0173 susiformavusi pilkapi\u0173 kult\u016bros arealo rytin\u0117je dalyje. 1261 m. Lietuvos karaliui Mindaugui dovanojus s\u0117li\u0173 \u017eemes Livonijos ordinui, didesnioji genties teritorijos dalis atiteko Livonijos valstybei. \u0160iuo metu buvusioje S\u0117los teritorijoje \u017einoma arti 500 s\u0117li\u0173 archeologijos paminkl\u0173 ar paskir\u0173 radimvie\u010di\u0173, kuriose aptikta archeologini\u0173 radini\u0173, atspindin\u010di\u0173 s\u0117li\u0173 materialin\u0119 kult\u016br\u0105. Lietuvos nacionalinio muziejaus katalogas \u201eS\u0117liai. The Selonians\u201c lietuvi\u0173 ir angl\u0173 kalbomis skirtas supa\u017eindinti mokslo ir pla\u010di\u0105j\u0105 visuomen\u0119 su \u0161ios balt\u0173 genties kult\u016bros reliktais.<\/p>\n<p>Leidinio kalbos: lietuvi\u0173 ir angl\u0173.<\/p>","protected":false},"excerpt":{"rendered":"<p>S\u0117liai. The Selonians.<\/p>\n<p>Balt\u0173 archeologijos paroda. Katalogas<\/p>\n<p>&nbsp;<\/p>\n<p>Vilnius, 2007. 280 p., lietuvi\u0173 ir angl\u0173 k., ISBN 978-99559415-68-8.<\/p>\n<p>Pareng\u0117 Egl\u0117 Griciuvien\u0117. Dailinink\u0117 Vida Ona Kurait\u0117, redaktor\u0117 Nijol\u0117 Deveikien\u0117<\/p>","protected":false},"featured_media":677,"template":"","meta":{"_acf_changed":false,"inline_featured_image":false},"product_brand":[],"product_cat":[34,19,183],"product_tag":[83,80],"class_list":{"0":"post-382","1":"product","2":"type-product","3":"status-publish","4":"has-post-thumbnail","6":"product_cat-archeologija","7":"product_cat-leidiniai","8":"product_cat-leidiniai-anglu-kalba","9":"product_tag-archeologija","10":"product_tag-istorija","12":"first","13":"instock","14":"taxable","15":"shipping-taxable","16":"purchasable","17":"product-type-simple"},"acf":[],"_links":{"self":[{"href":"https:\/\/testlnm.lt\/en\/wp-json\/wp\/v2\/product\/382","targetHints":{"allow":["GET"]}}],"collection":[{"href":"https:\/\/testlnm.lt\/en\/wp-json\/wp\/v2\/product"}],"about":[{"href":"https:\/\/testlnm.lt\/en\/wp-json\/wp\/v2\/types\/product"}],"wp:featuredmedia":[{"embeddable":true,"href":"https:\/\/testlnm.lt\/en\/wp-json\/wp\/v2\/media\/677"}],"wp:attachment":[{"href":"https:\/\/testlnm.lt\/en\/wp-json\/wp\/v2\/media?parent=382"}],"wp:term":[{"taxonomy":"product_brand","embeddable":true,"href":"https:\/\/testlnm.lt\/en\/wp-json\/wp\/v2\/product_brand?post=382"},{"taxonomy":"product_cat","embeddable":true,"href":"https:\/\/testlnm.lt\/en\/wp-json\/wp\/v2\/product_cat?post=382"},{"taxonomy":"product_tag","embeddable":true,"href":"https:\/\/testlnm.lt\/en\/wp-json\/wp\/v2\/product_tag?post=382"}],"curies":[{"name":"wp","href":"https:\/\/api.w.org\/{rel}","templated":true}]}}