{"id":385,"date":"2021-09-01T16:35:17","date_gmt":"2021-09-01T13:35:17","guid":{"rendered":"https:\/\/testlnm.lt\/?post_type=product&#038;p=385"},"modified":"2026-04-01T11:44:59","modified_gmt":"2026-04-01T08:44:59","slug":"jan-bulhak-vaikystes-metu-krastas","status":"publish","type":"product","link":"https:\/\/testlnm.lt\/en\/product\/jan-bulhak-vaikystes-metu-krastas\/","title":{"rendered":"Jan Bu\u0142hak. The Land of Childhood"},"content":{"rendered":"<p>The book by the famous photographer Jan Bu\u0142hak (1876\u20131950) publishes two literary works: the memoirs \u201cThe Land of Childhood Years\u201d and the collection of eighteen short stories \u201cHomes\u201d. The memoirs cover the years 1882\u20131886, spent in his native Ostashino estate. J. Bu\u0142hak lovingly describes his native home, parents and relatives, childhood games, impressions of trips around the Novgorod region, visits to neighboring estates, and homeschooling before leaving for Vilnius Gymnasium. It is a hymn to his native land, a confession of love for his father and mother, and the apotheosis of rural life.<br \/>\nThe collection of autobiographical short stories is a continuation of the famous \"Photographer's Travels in Vilnius\" and its surroundings, only now it returns to the land of childhood.<\/p>","protected":false},"excerpt":{"rendered":"<p>Jan Bu\u0142hak. The Land of Childhood<\/p>\n<p>&nbsp;<\/p>\n<p>Vilnius, 2008. 472 p., lietuvi\u0173 k., ISBN 978-9955-415-77-0.<\/p>\n<p>Translated from Polish by Stanislovas \u017dvirg\u017edas. Artist Ar\u016bnas Prelgauskas, editor Gediminas Mikelaitis<\/p>","protected":false},"featured_media":678,"template":"","meta":{"_acf_changed":false,"inline_featured_image":false},"product_brand":[],"product_cat":[73,19],"product_tag":[82],"class_list":{"0":"post-385","1":"product","2":"type-product","3":"status-publish","4":"has-post-thumbnail","6":"product_cat-kiti-leidiniai","7":"product_cat-leidiniai","8":"product_tag-biografija","10":"first","11":"instock","12":"taxable","13":"shipping-taxable","14":"purchasable","15":"product-type-simple"},"acf":[],"_links":{"self":[{"href":"https:\/\/testlnm.lt\/en\/wp-json\/wp\/v2\/product\/385","targetHints":{"allow":["GET"]}}],"collection":[{"href":"https:\/\/testlnm.lt\/en\/wp-json\/wp\/v2\/product"}],"about":[{"href":"https:\/\/testlnm.lt\/en\/wp-json\/wp\/v2\/types\/product"}],"wp:featuredmedia":[{"embeddable":true,"href":"https:\/\/testlnm.lt\/en\/wp-json\/wp\/v2\/media\/678"}],"wp:attachment":[{"href":"https:\/\/testlnm.lt\/en\/wp-json\/wp\/v2\/media?parent=385"}],"wp:term":[{"taxonomy":"product_brand","embeddable":true,"href":"https:\/\/testlnm.lt\/en\/wp-json\/wp\/v2\/product_brand?post=385"},{"taxonomy":"product_cat","embeddable":true,"href":"https:\/\/testlnm.lt\/en\/wp-json\/wp\/v2\/product_cat?post=385"},{"taxonomy":"product_tag","embeddable":true,"href":"https:\/\/testlnm.lt\/en\/wp-json\/wp\/v2\/product_tag?post=385"}],"curies":[{"name":"wp","href":"https:\/\/api.w.org\/{rel}","templated":true}]}}