{"id":3852,"date":"2025-11-18T11:54:05","date_gmt":"2025-11-18T09:54:05","guid":{"rendered":"https:\/\/testlnm.lt\/?post_type=product&#038;p=3852"},"modified":"2026-04-01T11:44:17","modified_gmt":"2026-04-01T08:44:17","slug":"marskineliai-karaliene-karalyste-ir-jausmai","status":"publish","type":"product","link":"https:\/\/testlnm.lt\/en\/product\/marskineliai-karaliene-karalyste-ir-jausmai\/","title":{"rendered":"T-shirt \u201cQueens, Realms, and Emotions\u201d"},"content":{"rendered":"<p>T-shirts from the international exhibition \"Queen, Realms, and Emotions.\" More about the exhibition: <a href=\"https:\/\/lnm.lt\/renginiai\/tarptautine-paroda-karaliene-karalyste-ir-jausmai\/\">https:\/\/lnm.lt\/renginiai\/tarptautine-paroda-karaliene-karalyste-ir-jausmai\/<\/a>.<br \/>\nThere are two types of T-shirts available: Barbora Radvilait\u0117 and Kotryna Jogailait\u0117.<br \/>\nAvailable sizes: S-XL.<\/p>\n<p>Exhibition souvenir design: \"Secret Love.\"<\/p>\n<p>Made in Lithuania.<br \/>\nLimited quantity.<\/p>","protected":false},"excerpt":{"rendered":"<p>Tarptautin\u0117s parodos \u201eKaralien\u0117, karalyst\u0117 ir jausmai\u201c mar\u0161kin\u0117liai. Daugiau apie parod\u0105:  [&#8230;]<\/p>\n","protected":false},"featured_media":3855,"template":"","meta":{"_acf_changed":false,"inline_featured_image":false},"product_brand":[],"product_cat":[20,174],"product_tag":[],"class_list":{"0":"post-3852","1":"product","2":"type-product","3":"status-publish","4":"has-post-thumbnail","6":"product_cat-dovanos-suvenyrai","7":"product_cat-naujienos","9":"first","10":"instock","11":"taxable","12":"shipping-taxable","13":"purchasable","14":"product-type-variable"},"acf":[],"_links":{"self":[{"href":"https:\/\/testlnm.lt\/en\/wp-json\/wp\/v2\/product\/3852","targetHints":{"allow":["GET"]}}],"collection":[{"href":"https:\/\/testlnm.lt\/en\/wp-json\/wp\/v2\/product"}],"about":[{"href":"https:\/\/testlnm.lt\/en\/wp-json\/wp\/v2\/types\/product"}],"wp:featuredmedia":[{"embeddable":true,"href":"https:\/\/testlnm.lt\/en\/wp-json\/wp\/v2\/media\/3855"}],"wp:attachment":[{"href":"https:\/\/testlnm.lt\/en\/wp-json\/wp\/v2\/media?parent=3852"}],"wp:term":[{"taxonomy":"product_brand","embeddable":true,"href":"https:\/\/testlnm.lt\/en\/wp-json\/wp\/v2\/product_brand?post=3852"},{"taxonomy":"product_cat","embeddable":true,"href":"https:\/\/testlnm.lt\/en\/wp-json\/wp\/v2\/product_cat?post=3852"},{"taxonomy":"product_tag","embeddable":true,"href":"https:\/\/testlnm.lt\/en\/wp-json\/wp\/v2\/product_tag?post=3852"}],"curies":[{"name":"wp","href":"https:\/\/api.w.org\/{rel}","templated":true}]}}