{"id":391,"date":"2021-09-01T16:50:12","date_gmt":"2021-09-01T13:50:12","guid":{"rendered":"https:\/\/testlnm.lt\/?post_type=product&#038;p=391"},"modified":"2026-04-01T11:44:59","modified_gmt":"2026-04-01T08:44:59","slug":"lietuvos-valstybine-veliava-gedimino-kalne-2","status":"publish","type":"product","link":"https:\/\/testlnm.lt\/en\/product\/lietuvos-valstybine-veliava-gedimino-kalne-2\/","title":{"rendered":"Lithuania's State Flag On Gediminas' HIll"},"content":{"rendered":"<p>In this richly illustrated publication, the history of the Lithuanian state flag on the tower of the Upper Castle in Vilnius is presented from its first hoisting on January 1, 1919, until October 7, 1988, when, with the onset of Lithuania's national revival, it once again fluttered on the tower. The Upper Castle tower in Vilnius with the Lithuanian state flag has become a symbol of the nation's struggle for independence and statehood. This is the second revised and expanded edition of the book.<\/p>","protected":false},"excerpt":{"rendered":"<p>Lithuania's State Flag On Gediminas' HIll<\/p>\n<p>&nbsp;<\/p>\n<p>The Lithuanian State Flag on the Gediminas Hill. Vilnius, 2008. 94 p., Lithuanian, summaries in English., ISBN 978-9955-415-88-6.<\/p>\n<p>Prepared by Liuda Gaigalien\u0117 and Vitalija Jo\u010dyt\u0117. Artist: Vida Kurait\u0117. Editor: Nijol\u0117 Deveikien\u0117.<\/p>","protected":false},"featured_media":657,"template":"","meta":{"_acf_changed":false,"inline_featured_image":false},"product_brand":[],"product_cat":[23,19],"product_tag":[80,87],"class_list":{"0":"post-391","1":"product","2":"type-product","3":"status-publish","4":"has-post-thumbnail","6":"product_cat-istorija","7":"product_cat-leidiniai","8":"product_tag-istorija","9":"product_tag-vilnius","11":"first","12":"instock","13":"taxable","14":"shipping-taxable","15":"purchasable","16":"product-type-simple"},"acf":[],"_links":{"self":[{"href":"https:\/\/testlnm.lt\/en\/wp-json\/wp\/v2\/product\/391","targetHints":{"allow":["GET"]}}],"collection":[{"href":"https:\/\/testlnm.lt\/en\/wp-json\/wp\/v2\/product"}],"about":[{"href":"https:\/\/testlnm.lt\/en\/wp-json\/wp\/v2\/types\/product"}],"wp:featuredmedia":[{"embeddable":true,"href":"https:\/\/testlnm.lt\/en\/wp-json\/wp\/v2\/media\/657"}],"wp:attachment":[{"href":"https:\/\/testlnm.lt\/en\/wp-json\/wp\/v2\/media?parent=391"}],"wp:term":[{"taxonomy":"product_brand","embeddable":true,"href":"https:\/\/testlnm.lt\/en\/wp-json\/wp\/v2\/product_brand?post=391"},{"taxonomy":"product_cat","embeddable":true,"href":"https:\/\/testlnm.lt\/en\/wp-json\/wp\/v2\/product_cat?post=391"},{"taxonomy":"product_tag","embeddable":true,"href":"https:\/\/testlnm.lt\/en\/wp-json\/wp\/v2\/product_tag?post=391"}],"curies":[{"name":"wp","href":"https:\/\/api.w.org\/{rel}","templated":true}]}}