{"id":4019,"date":"2025-06-30T10:15:17","date_gmt":"2025-06-30T07:15:17","guid":{"rendered":"https:\/\/testlnm.lt\/?post_type=product&#038;p=4019"},"modified":"2026-04-01T11:44:20","modified_gmt":"2026-04-01T08:44:20","slug":"opartine-rankine","status":"publish","type":"product","link":"https:\/\/testlnm.lt\/en\/product\/opartine-rankine\/","title":{"rendered":"Op art bag"},"content":{"rendered":"<p>The spotlight on our culture is in our hands.<\/p>\n<p>A year ago, the ethno-fashion line of the National Museum of Lithuania took its first steps, and today it is leaping forward: bolder, more modern, but still maintaining what is most important - a connection with the craft, identity and respect for the textile heritage. One-of-a-kind handmade textile products are designed for modern people who, at the same time, seek inspiration in the tradition of the past, and who are no strangers to high standards of quality and sustainability.<\/p>\n<p>Every article is one-of-a-kind, so hurry up and make your purchase. It will be a great gift for your loved ones or for yourself.<\/p>\n<p>More information:<br \/>\n<a href=\"https:\/\/lnm.lt\/aktualijos\/etnomada-kuri-tinka-siandien-apie-siuolaikine-tapatybe-su-dizainere-dovile-gudaciauskaite\/\">https:\/\/lnm.lt\/aktualijos\/etnomada-kuri-tinka-siandien-apie-siuolaikine-tapatybe-su-dizainere-dovile-gudaciauskaite\/<\/a>. <\/p>","protected":false},"excerpt":{"rendered":"<p>Galimi du rankini\u0173 tipai: su ilga rankena (pa\u017eym\u0117ta kaip rankin\u0117) ir su trumpu dir\u017eu (delnin\u0117). Papildomai pridedame rankini\u0173 d\u0117klus, sukurtus dizainer\u0117s Dovil\u0117s Guda\u010diauskait\u0117s. D\u0117klai pasi\u016bti i\u0161 juodos neper\u0161lampan\u010dios med\u017eiagos ir pritaikyti prie rankin\u0117s dyd\u017eio.<\/p>\n<p>Each black and white handbag and clutch has a unique colored zipper. For specific colors, please inquire by email. pagalba@lnm.lt.<\/p>\n<p>Materials: cotton, linen, viscose, metal.<\/p>\n<p>Interpretation on the theme of ethnographic opart, reproducing authentic examples of bedspreads from the late 19th century \u2013 early 20th century preserved at the Lithuanian National Museum. Created by certified traditional craftswomen. Designer \u2013 Dovil\u0117 Guda\u010diauskait\u0117.<\/p>\n<p>Made in the Textile Restoration Workshop of the National Museum of Lithuania.<\/p>\n<p>Matmenys: 16 x 22 cm, 22 x 18 cm.<\/p>\n<p>Limited quantity. <\/p>","protected":false},"featured_media":4787,"template":"","meta":{"_acf_changed":false,"inline_featured_image":false},"product_brand":[],"product_cat":[20,22,174],"product_tag":[],"class_list":{"0":"post-4019","1":"product","2":"type-product","3":"status-publish","4":"has-post-thumbnail","6":"product_cat-dovanos-suvenyrai","7":"product_cat-etnomada","8":"product_cat-naujienos","10":"first","11":"instock","12":"taxable","13":"shipping-taxable","14":"purchasable","15":"product-type-variable"},"acf":[],"_links":{"self":[{"href":"https:\/\/testlnm.lt\/en\/wp-json\/wp\/v2\/product\/4019","targetHints":{"allow":["GET"]}}],"collection":[{"href":"https:\/\/testlnm.lt\/en\/wp-json\/wp\/v2\/product"}],"about":[{"href":"https:\/\/testlnm.lt\/en\/wp-json\/wp\/v2\/types\/product"}],"wp:featuredmedia":[{"embeddable":true,"href":"https:\/\/testlnm.lt\/en\/wp-json\/wp\/v2\/media\/4787"}],"wp:attachment":[{"href":"https:\/\/testlnm.lt\/en\/wp-json\/wp\/v2\/media?parent=4019"}],"wp:term":[{"taxonomy":"product_brand","embeddable":true,"href":"https:\/\/testlnm.lt\/en\/wp-json\/wp\/v2\/product_brand?post=4019"},{"taxonomy":"product_cat","embeddable":true,"href":"https:\/\/testlnm.lt\/en\/wp-json\/wp\/v2\/product_cat?post=4019"},{"taxonomy":"product_tag","embeddable":true,"href":"https:\/\/testlnm.lt\/en\/wp-json\/wp\/v2\/product_tag?post=4019"}],"curies":[{"name":"wp","href":"https:\/\/api.w.org\/{rel}","templated":true}]}}