{"id":406,"date":"2021-09-01T18:05:14","date_gmt":"2021-09-01T15:05:14","guid":{"rendered":"https:\/\/testlnm.lt\/?post_type=product&#038;p=406"},"modified":"2026-04-01T11:44:57","modified_gmt":"2026-04-01T08:44:57","slug":"viktorija-daniliauskaite","status":"publish","type":"product","link":"https:\/\/testlnm.lt\/en\/product\/viktorija-daniliauskaite\/","title":{"rendered":"Viktorija Daniliauskait\u0117"},"content":{"rendered":"<p>The publication presents the artistic journey of graphic artist Viktorija Daniliauskait\u0117, spanning three decades of active work. During this time, she created more than four hundred etchings, miniatures, book illustrations, bookplates, monotypes, drawings, and experimented with various other art techniques. The extensive body of work reflects the evolution of Daniliauskait\u0117's unique style and diverse artistic themes, revealing her contentious relationship with cultural context and exploring the contradictory human world. Through the symbolism, themes, and moods of her works, there emerges a progression of spiritual quests, leading from a cryptic, multi-layered pagan worldview to a Christian spiritual clarification.<\/p>","protected":false},"excerpt":{"rendered":"<p>Viktorija Daniliauskait\u0117<\/p>\n<p>&nbsp;<\/p>\n<p>Vilnius, 2011. 192 p., Lithuanian, summaries in English, ISBN 978-609-8039-15-3.<\/p>\n<p>Publication compilers: Viktorija Daniliauskait\u0117 and Ar\u016bnas Prelgauskas. Artist: Ar\u016bnas Prelgauskas. Editor: Saul\u0117 Kriau\u010di\u016bn\u0117.<\/p>","protected":false},"featured_media":687,"template":"","meta":{"_acf_changed":false,"inline_featured_image":false},"product_brand":[],"product_cat":[19,74],"product_tag":[86],"class_list":{"0":"post-406","1":"product","2":"type-product","3":"status-publish","4":"has-post-thumbnail","6":"product_cat-leidiniai","7":"product_cat-menas-architektura","8":"product_tag-menas","10":"first","11":"instock","12":"taxable","13":"shipping-taxable","14":"purchasable","15":"product-type-simple"},"acf":[],"_links":{"self":[{"href":"https:\/\/testlnm.lt\/en\/wp-json\/wp\/v2\/product\/406","targetHints":{"allow":["GET"]}}],"collection":[{"href":"https:\/\/testlnm.lt\/en\/wp-json\/wp\/v2\/product"}],"about":[{"href":"https:\/\/testlnm.lt\/en\/wp-json\/wp\/v2\/types\/product"}],"wp:featuredmedia":[{"embeddable":true,"href":"https:\/\/testlnm.lt\/en\/wp-json\/wp\/v2\/media\/687"}],"wp:attachment":[{"href":"https:\/\/testlnm.lt\/en\/wp-json\/wp\/v2\/media?parent=406"}],"wp:term":[{"taxonomy":"product_brand","embeddable":true,"href":"https:\/\/testlnm.lt\/en\/wp-json\/wp\/v2\/product_brand?post=406"},{"taxonomy":"product_cat","embeddable":true,"href":"https:\/\/testlnm.lt\/en\/wp-json\/wp\/v2\/product_cat?post=406"},{"taxonomy":"product_tag","embeddable":true,"href":"https:\/\/testlnm.lt\/en\/wp-json\/wp\/v2\/product_tag?post=406"}],"curies":[{"name":"wp","href":"https:\/\/api.w.org\/{rel}","templated":true}]}}