{"id":407,"date":"2021-09-01T18:10:08","date_gmt":"2021-09-01T15:10:08","guid":{"rendered":"https:\/\/testlnm.lt\/?post_type=product&#038;p=407"},"modified":"2026-04-17T09:21:13","modified_gmt":"2026-04-17T06:21:13","slug":"ramute-aleksandra-jasudyte","status":"publish","type":"product","link":"https:\/\/testlnm.lt\/en\/product\/ramute-aleksandra-jasudyte\/","title":{"rendered":"Ramut\u0117 Aleksandra Jasudyt\u0117"},"content":{"rendered":"<p>Ramut\u0117 Aleksandra Jasudyt\u0117 is one of the most prominent figures in Lithuanian textiles. Through her moderate and harmonious work, she enriched Lithuanian textiles with a poetic and spiritual portrayal of historical themes, imbued with a vibrant image of her homeland, in which she perceived the infinity of the cosmos. Her most significant works, the triptych \"Struggle with the Crusaders\" (1973\u20131978) and the cycle \"Lithuania\" (1979\u20131986), remain unparalleled in Lithuanian textiles, captivating with their breathtaking scope and monumental power, offering a unique perspective on Lithuanian history. In the artist's oeuvre, the tradition of folk art merges with Christian iconography, giving birth to a new and distinct expression encompassing a primordial mythical worldview, archetypal symbols, as well as romantic and meaningful personifications of human values.<\/p>","protected":false},"excerpt":{"rendered":"<p>Ramut\u0117 Aleksandra Jasudyt\u0117<\/p>\n<p>&nbsp;<\/p>\n<p>Vilnius, 2011. 248 p., Lithuanian, summaries in English, ISBN 978-609-8039-16-0.<\/p>\n<p>Compiler: Lijana \u0160atavi\u010di\u016bt\u0117-Natalevi\u010dien\u0117. Artist: Art\u016bras Prelgauskas. Editor: Saul\u0117 Kriau\u010di\u016bn\u0117.<\/p>","protected":false},"featured_media":775,"template":"","meta":{"_acf_changed":false,"inline_featured_image":false},"product_brand":[],"product_cat":[19,74],"product_tag":[86],"class_list":{"0":"post-407","1":"product","2":"type-product","3":"status-publish","4":"has-post-thumbnail","6":"product_cat-leidiniai","7":"product_cat-menas-architektura","8":"product_tag-menas","10":"first","11":"instock","12":"taxable","13":"shipping-taxable","14":"purchasable","15":"product-type-simple"},"acf":[],"_links":{"self":[{"href":"https:\/\/testlnm.lt\/en\/wp-json\/wp\/v2\/product\/407","targetHints":{"allow":["GET"]}}],"collection":[{"href":"https:\/\/testlnm.lt\/en\/wp-json\/wp\/v2\/product"}],"about":[{"href":"https:\/\/testlnm.lt\/en\/wp-json\/wp\/v2\/types\/product"}],"wp:featuredmedia":[{"embeddable":true,"href":"https:\/\/testlnm.lt\/en\/wp-json\/wp\/v2\/media\/775"}],"wp:attachment":[{"href":"https:\/\/testlnm.lt\/en\/wp-json\/wp\/v2\/media?parent=407"}],"wp:term":[{"taxonomy":"product_brand","embeddable":true,"href":"https:\/\/testlnm.lt\/en\/wp-json\/wp\/v2\/product_brand?post=407"},{"taxonomy":"product_cat","embeddable":true,"href":"https:\/\/testlnm.lt\/en\/wp-json\/wp\/v2\/product_cat?post=407"},{"taxonomy":"product_tag","embeddable":true,"href":"https:\/\/testlnm.lt\/en\/wp-json\/wp\/v2\/product_tag?post=407"}],"curies":[{"name":"wp","href":"https:\/\/api.w.org\/{rel}","templated":true}]}}