{"id":408,"date":"2021-09-01T18:35:49","date_gmt":"2021-09-01T15:35:49","guid":{"rendered":"https:\/\/testlnm.lt\/?post_type=product&#038;p=408"},"modified":"2026-04-17T09:21:12","modified_gmt":"2026-04-17T06:21:12","slug":"jezuitai-lietuvoje-1608-2008-gyvenimas-veikla-paveldas","status":"publish","type":"product","link":"https:\/\/testlnm.lt\/en\/product\/jezuitai-lietuvoje-1608-2008-gyvenimas-veikla-paveldas\/","title":{"rendered":"Jesuits in Lithuania (1608-2008): Life, Work, Heritage"},"content":{"rendered":"<p>To commemorate the 400th anniversary of the establishment of the Lithuanian Jesuit Province, the province, together with the Lithuanian National Museum, organized an international scientific conference titled \"Jesuits in Lithuania (1608\u20132008): Life, Activity, Heritage\" in Vilnius on October 9\u201310, 2008. This publication is based on the presentations given at the conference. The scholarly articles discuss various aspects of the activities of Lithuanian Jesuits, introduce Jesuit historical sources and iconography, and highlight the most significant historical events and personalities.<\/p>","protected":false},"excerpt":{"rendered":"<p>Jesuits in Lithuania (1608-2008): Life, Work, Heritage<\/p>\n<p>&nbsp;<\/p>\n<p>Jesuits in Lithuania (1608\u20132008): Life, Work, Heritage. Vilnius, 2012. 306 p., Lithuanian, summary in English., ISBN 978-609-8039-17-7.<\/p>\n<p>Compiler: Neringa Markauskait\u0117. Artist: Vida Kurait\u0117. Editor: Saul\u0117 Kriau\u010di\u016bn\u0117.<\/p>","protected":false},"featured_media":773,"template":"","meta":{"_acf_changed":false,"inline_featured_image":false},"product_brand":[],"product_cat":[23,19],"product_tag":[80],"class_list":{"0":"post-408","1":"product","2":"type-product","3":"status-publish","4":"has-post-thumbnail","6":"product_cat-istorija","7":"product_cat-leidiniai","8":"product_tag-istorija","10":"first","11":"instock","12":"taxable","13":"shipping-taxable","14":"purchasable","15":"product-type-simple"},"acf":[],"_links":{"self":[{"href":"https:\/\/testlnm.lt\/en\/wp-json\/wp\/v2\/product\/408","targetHints":{"allow":["GET"]}}],"collection":[{"href":"https:\/\/testlnm.lt\/en\/wp-json\/wp\/v2\/product"}],"about":[{"href":"https:\/\/testlnm.lt\/en\/wp-json\/wp\/v2\/types\/product"}],"wp:featuredmedia":[{"embeddable":true,"href":"https:\/\/testlnm.lt\/en\/wp-json\/wp\/v2\/media\/773"}],"wp:attachment":[{"href":"https:\/\/testlnm.lt\/en\/wp-json\/wp\/v2\/media?parent=408"}],"wp:term":[{"taxonomy":"product_brand","embeddable":true,"href":"https:\/\/testlnm.lt\/en\/wp-json\/wp\/v2\/product_brand?post=408"},{"taxonomy":"product_cat","embeddable":true,"href":"https:\/\/testlnm.lt\/en\/wp-json\/wp\/v2\/product_cat?post=408"},{"taxonomy":"product_tag","embeddable":true,"href":"https:\/\/testlnm.lt\/en\/wp-json\/wp\/v2\/product_tag?post=408"}],"curies":[{"name":"wp","href":"https:\/\/api.w.org\/{rel}","templated":true}]}}