{"id":4114,"date":"2025-07-08T13:26:29","date_gmt":"2025-07-08T10:26:29","guid":{"rendered":"https:\/\/testlnm.lt\/?post_type=product&#038;p=4114"},"modified":"2026-04-17T09:20:40","modified_gmt":"2026-04-17T06:20:40","slug":"informacinis-leidinys-rave-nation-nakties-ritmais-i-laisve-1992-2004-lietuviu-k","status":"publish","type":"product","link":"https:\/\/testlnm.lt\/en\/product\/informacinis-leidinys-rave-nation-nakties-ritmais-i-laisve-1992-2004-lietuviu-k\/","title":{"rendered":"Informational publication \"RAVE NATION. Dancing to the Rhythm of Freedom. 1992\u20132004\" (lithuanian)"},"content":{"rendered":"<p><a href=\"https:\/\/lnm.lt\/renginiai\/paroda-rave-nation-nakties-ritmais-i-laisve-1992-2004\/\">\u201eRave nation\u201c<\/a> \u2013 tai paroda ne visai apie vakar\u0117lius. Arba \u2013 ne vien apie vakar\u0117lius.<br \/>\nIt is an archive, a map of the field of rupture, in which rave is recognized as a form of culture, as a machine of resistance, escape, and (re)formation, which is shown in the exhibition only in small fragments left after the intense party \"battle\": in flyers, photographs, and archival video recordings.<br \/>\nIn the West, rave culture emerged as an illegal infrastructure for collective ecstasy and post-industrial grief or dissatisfaction with life, but in Lithuania between 1992 and 2004, it mutated into something else \u2013 a rave imprinted with local history and political tension and the taste of newly regained freedom.<\/p>","protected":false},"excerpt":{"rendered":"<p>Compiled by Just\u0117 Kostikovait\u0117 and Egla Mikalaj\u016bn\u0117.<\/p>\n<p>Vilnius, 2025, 44 p., lithuanian. ISBN 978-609-478-091-2.<\/p>","protected":false},"featured_media":4120,"template":"","meta":{"_acf_changed":false,"inline_featured_image":false},"product_brand":[],"product_cat":[23,73,19,147,174,160],"product_tag":[],"class_list":{"0":"post-4114","1":"product","2":"type-product","3":"status-publish","4":"has-post-thumbnail","6":"product_cat-istorija","7":"product_cat-kiti-leidiniai","8":"product_cat-leidiniai","9":"product_cat-naujausi-leidiniai","10":"product_cat-naujienos","11":"product_cat-parodos-rave-nation-suvenyrai","13":"first","14":"instock","15":"taxable","16":"shipping-taxable","17":"purchasable","18":"product-type-simple"},"acf":[],"_links":{"self":[{"href":"https:\/\/testlnm.lt\/en\/wp-json\/wp\/v2\/product\/4114","targetHints":{"allow":["GET"]}}],"collection":[{"href":"https:\/\/testlnm.lt\/en\/wp-json\/wp\/v2\/product"}],"about":[{"href":"https:\/\/testlnm.lt\/en\/wp-json\/wp\/v2\/types\/product"}],"wp:featuredmedia":[{"embeddable":true,"href":"https:\/\/testlnm.lt\/en\/wp-json\/wp\/v2\/media\/4120"}],"wp:attachment":[{"href":"https:\/\/testlnm.lt\/en\/wp-json\/wp\/v2\/media?parent=4114"}],"wp:term":[{"taxonomy":"product_brand","embeddable":true,"href":"https:\/\/testlnm.lt\/en\/wp-json\/wp\/v2\/product_brand?post=4114"},{"taxonomy":"product_cat","embeddable":true,"href":"https:\/\/testlnm.lt\/en\/wp-json\/wp\/v2\/product_cat?post=4114"},{"taxonomy":"product_tag","embeddable":true,"href":"https:\/\/testlnm.lt\/en\/wp-json\/wp\/v2\/product_tag?post=4114"}],"curies":[{"name":"wp","href":"https:\/\/api.w.org\/{rel}","templated":true}]}}