{"id":4118,"date":"2025-07-08T13:26:58","date_gmt":"2025-07-08T10:26:58","guid":{"rendered":"https:\/\/testlnm.lt\/?post_type=product&#038;p=4118"},"modified":"2026-04-01T11:44:18","modified_gmt":"2026-04-01T08:44:18","slug":"informacinis-leidinys-rave-nation-dancing-to-the-sounds-of-freedom-1992-2004-anglu-k","status":"publish","type":"product","link":"https:\/\/testlnm.lt\/en\/product\/informacinis-leidinys-rave-nation-dancing-to-the-sounds-of-freedom-1992-2004-anglu-k\/","title":{"rendered":"Informational publication \"RAVE NATION. Dancing to the Rhythm of Freedom. 1992\u20132004\" (english)"},"content":{"rendered":"<p><a href=\"https:\/\/lnm.lt\/en\/events\/exhibition-rave-nation-to-the-rhythms-of-the-night-towards-freedom-1992-2004\/\">Rave nation<\/a> is not exactly an exhibition about parties. Or rather, not merely about parties.<br \/>\nIn fact, it is an archive and a cartography of the turning point at which rave emerged as a form of culture, a vehicle of resistance, escape and (trans)formation. This movement is presented in the exhibition solely through the small fragments \u2013 flyers, photographs and archival video snippets \u2013 left behind in the wake of an intense \u2018battle\u2019 on the dance floor.<br \/>\nIn the West, rave culture originated as an illicit infrastructure of collective ecstasy and post-industrial mourning or dissatisfaction with life. But in Lithuania, between 1992 and 2004, it mutated into something else entirely: a form of rave carrying the imprint of local history and political tensions, along with the entirely novel taste of hard-won freedom.<\/p>\n<p>Publication in English<\/p>","protected":false},"excerpt":{"rendered":"<p>Compiled by Just\u0117 Kostikovait\u0117 and Egla Mikalaj\u016bn\u0117.<\/p>\n<p>Vilnius, 2025, 40 p., english. ISBN 978-609-478-092-9.<\/p>","protected":false},"featured_media":4119,"template":"","meta":{"_acf_changed":false,"inline_featured_image":false},"product_brand":[],"product_cat":[23,73,19,183,147,174,160],"product_tag":[],"class_list":{"0":"post-4118","1":"product","2":"type-product","3":"status-publish","4":"has-post-thumbnail","6":"product_cat-istorija","7":"product_cat-kiti-leidiniai","8":"product_cat-leidiniai","9":"product_cat-leidiniai-anglu-kalba","10":"product_cat-naujausi-leidiniai","11":"product_cat-naujienos","12":"product_cat-parodos-rave-nation-suvenyrai","14":"first","15":"instock","16":"taxable","17":"shipping-taxable","18":"purchasable","19":"product-type-simple"},"acf":[],"_links":{"self":[{"href":"https:\/\/testlnm.lt\/en\/wp-json\/wp\/v2\/product\/4118","targetHints":{"allow":["GET"]}}],"collection":[{"href":"https:\/\/testlnm.lt\/en\/wp-json\/wp\/v2\/product"}],"about":[{"href":"https:\/\/testlnm.lt\/en\/wp-json\/wp\/v2\/types\/product"}],"wp:featuredmedia":[{"embeddable":true,"href":"https:\/\/testlnm.lt\/en\/wp-json\/wp\/v2\/media\/4119"}],"wp:attachment":[{"href":"https:\/\/testlnm.lt\/en\/wp-json\/wp\/v2\/media?parent=4118"}],"wp:term":[{"taxonomy":"product_brand","embeddable":true,"href":"https:\/\/testlnm.lt\/en\/wp-json\/wp\/v2\/product_brand?post=4118"},{"taxonomy":"product_cat","embeddable":true,"href":"https:\/\/testlnm.lt\/en\/wp-json\/wp\/v2\/product_cat?post=4118"},{"taxonomy":"product_tag","embeddable":true,"href":"https:\/\/testlnm.lt\/en\/wp-json\/wp\/v2\/product_tag?post=4118"}],"curies":[{"name":"wp","href":"https:\/\/api.w.org\/{rel}","templated":true}]}}