{"id":412,"date":"2021-09-01T18:48:43","date_gmt":"2021-09-01T15:48:43","guid":{"rendered":"https:\/\/testlnm.lt\/?post_type=product&#038;p=412"},"modified":"2026-04-01T11:44:56","modified_gmt":"2026-04-01T08:44:56","slug":"the-higher-castle-of-vilnius","status":"publish","type":"product","link":"https:\/\/testlnm.lt\/en\/product\/the-higher-castle-of-vilnius\/","title":{"rendered":"The Higher Castle of Vilnius"},"content":{"rendered":"<p>The publication presents the history of the Vilnius Higher Castle Hill from the first archaeological finds of the early settlement dated to the first half of the 1st millennium A.D., the appearance of the castle in the 13th century, its restoration and architectural reconstructions in various historical periods until our days. The Higher Castle Tower, which has become a symbol of the capital and the state, today holds a historical exhibition of weapons and the castle\u2019s iconography of the National Museum of Lithuania. The publication is illustrated with valuable iconographic documents.<\/p>\n<p>&nbsp;<\/p>","protected":false},"excerpt":{"rendered":"<p>The Higher Castle of Vilnius<\/p>\n<p>&nbsp;<\/p>\n<p>Vilnius, Vilnius, 2013. 96 pages, English, ISBN 978-609-8039-57-3<\/p>\n<p>Editors: Edita Povilaityt\u0117 and Birut\u0117 R\u016bta Vitkauskien\u0117. Translator Au\u0161ra Simanavi\u010di\u016bt\u0117. Copy editor Joseph Everatt. Designer Ar\u016bnas Prelgauskas<\/p>\n<p>&nbsp;<\/p>","protected":false},"featured_media":559,"template":"","meta":{"_acf_changed":false,"inline_featured_image":false},"product_brand":[],"product_cat":[25,23,19,183,72],"product_tag":[84,92,87],"class_list":{"0":"post-412","1":"product","2":"type-product","3":"status-publish","4":"has-post-thumbnail","6":"product_cat-apie-vilniu","7":"product_cat-istorija","8":"product_cat-leidiniai","9":"product_cat-leidiniai-anglu-kalba","10":"product_cat-parodu-katalogai-ir-kspoziciju-vadovai","11":"product_tag-parodu-katalogai","12":"product_tag-pilis","13":"product_tag-vilnius","15":"first","16":"outofstock","17":"taxable","18":"shipping-taxable","19":"purchasable","20":"product-type-simple"},"acf":[],"_links":{"self":[{"href":"https:\/\/testlnm.lt\/en\/wp-json\/wp\/v2\/product\/412","targetHints":{"allow":["GET"]}}],"collection":[{"href":"https:\/\/testlnm.lt\/en\/wp-json\/wp\/v2\/product"}],"about":[{"href":"https:\/\/testlnm.lt\/en\/wp-json\/wp\/v2\/types\/product"}],"wp:featuredmedia":[{"embeddable":true,"href":"https:\/\/testlnm.lt\/en\/wp-json\/wp\/v2\/media\/559"}],"wp:attachment":[{"href":"https:\/\/testlnm.lt\/en\/wp-json\/wp\/v2\/media?parent=412"}],"wp:term":[{"taxonomy":"product_brand","embeddable":true,"href":"https:\/\/testlnm.lt\/en\/wp-json\/wp\/v2\/product_brand?post=412"},{"taxonomy":"product_cat","embeddable":true,"href":"https:\/\/testlnm.lt\/en\/wp-json\/wp\/v2\/product_cat?post=412"},{"taxonomy":"product_tag","embeddable":true,"href":"https:\/\/testlnm.lt\/en\/wp-json\/wp\/v2\/product_tag?post=412"}],"curies":[{"name":"wp","href":"https:\/\/api.w.org\/{rel}","templated":true}]}}