{"id":413,"date":"2021-09-01T18:52:06","date_gmt":"2021-09-01T15:52:06","guid":{"rendered":"https:\/\/testlnm.lt\/?post_type=product&#038;p=413"},"modified":"2026-04-01T11:44:55","modified_gmt":"2026-04-01T08:44:55","slug":"antanas-tyla-lietuviai-ir-lietuvos-jaunimas-tartu-universitete-1802-1918-metais","status":"publish","type":"product","link":"https:\/\/testlnm.lt\/en\/product\/antanas-tyla-lietuviai-ir-lietuvos-jaunimas-tartu-universitete-1802-1918-metais\/","title":{"rendered":"Antanas Tyla. Lithuanians and the youth in Tartu University (1802-1918)"},"content":{"rendered":"<p>Based on the enrollment album of Tartu (Dorpat, Jurjevo) University students and archival materials, as well as literature, the number of students from Lithuania who studied at Tartu University has been determined. The annual dynamics of enrolled students, their social and geographical origins, ethnic composition, distribution by specialties, and the workplace of some graduates are presented. The Lithuanian Dorpat Student Society is introduced. It strengthened the identity of the oppressed Lithuanian nation and mobilized for common cultural and political emancipation efforts.<br \/>\nPristatoma Lietuvi\u0173 Dorpato student\u0173 draugija. Ji stiprino engiamos lietuvi\u0173 tautos tapatyb\u0119 ir telk\u0117 bendram kult\u016briniam ir politinio i\u0161sivadavimo darbui.<\/p>","protected":false},"excerpt":{"rendered":"<p>Antanas Tyla. Lithuanians and the youth in Tartu University (1802-1918)<\/p>\n<p>&nbsp;<\/p>\n<p>Vilnius, 2013. 190 p., Lithuanian, summary in English and Russian k., ISBN 978-609-8039-35-1.<\/p>\n<p>Artist: Vida Kurait\u0117. Editor: Nijol\u0117 Deveikien\u0117.<\/p>\n<p>&nbsp;<\/p>","protected":false},"featured_media":568,"template":"","meta":{"_acf_changed":false,"inline_featured_image":false},"product_brand":[],"product_cat":[23,19],"product_tag":[80],"class_list":{"0":"post-413","1":"product","2":"type-product","3":"status-publish","4":"has-post-thumbnail","6":"product_cat-istorija","7":"product_cat-leidiniai","8":"product_tag-istorija","10":"first","11":"instock","12":"taxable","13":"shipping-taxable","14":"purchasable","15":"product-type-simple"},"acf":[],"_links":{"self":[{"href":"https:\/\/testlnm.lt\/en\/wp-json\/wp\/v2\/product\/413","targetHints":{"allow":["GET"]}}],"collection":[{"href":"https:\/\/testlnm.lt\/en\/wp-json\/wp\/v2\/product"}],"about":[{"href":"https:\/\/testlnm.lt\/en\/wp-json\/wp\/v2\/types\/product"}],"wp:featuredmedia":[{"embeddable":true,"href":"https:\/\/testlnm.lt\/en\/wp-json\/wp\/v2\/media\/568"}],"wp:attachment":[{"href":"https:\/\/testlnm.lt\/en\/wp-json\/wp\/v2\/media?parent=413"}],"wp:term":[{"taxonomy":"product_brand","embeddable":true,"href":"https:\/\/testlnm.lt\/en\/wp-json\/wp\/v2\/product_brand?post=413"},{"taxonomy":"product_cat","embeddable":true,"href":"https:\/\/testlnm.lt\/en\/wp-json\/wp\/v2\/product_cat?post=413"},{"taxonomy":"product_tag","embeddable":true,"href":"https:\/\/testlnm.lt\/en\/wp-json\/wp\/v2\/product_tag?post=413"}],"curies":[{"name":"wp","href":"https:\/\/api.w.org\/{rel}","templated":true}]}}