{"id":414,"date":"2021-09-01T18:53:40","date_gmt":"2021-09-01T15:53:40","guid":{"rendered":"https:\/\/testlnm.lt\/?post_type=product&#038;p=414"},"modified":"2026-04-01T11:44:55","modified_gmt":"2026-04-01T08:44:55","slug":"zemaiciu-vyskupu-portretu-galerija","status":"publish","type":"product","link":"https:\/\/testlnm.lt\/en\/product\/zemaiciu-vyskupu-portretu-galerija\/","title":{"rendered":"The Portrait Hallery of Samogitian Bishops"},"content":{"rendered":"<p>The 600th anniversary of the Baptism of Samogitia (1413\u20132013) encourages a return to old portraits, hoping to revive historical memory, supplementing it with new insights. The collection of portraits of Samogitian bishops published in the book consists of forty portraits, all but one (Jonas Jeronimas Krispinas Kir\u0161en\u0161teinas) are reproduced here, along with Latin inscriptions, their translations into Lithuanian, and brief information about the Samogitian bishops. This is the most comprehensive publication of this collection of portraits.<\/p>","protected":false},"excerpt":{"rendered":"<p>The Portrait Hallery of Samogitian Bishops<\/p>\n<p>&nbsp;<\/p>\n<p>Vilnius, 2013. 108 p., Lithuanian, ISBN 978-609-8039-39-9.<\/p>\n<p>Compiled by Lijana Bir\u0161kyt\u0117-Klimien\u0117. Artist Ar\u016bnas Prelgauskas, editor Nijol\u0117 Deveikien\u0117<\/p>","protected":false},"featured_media":565,"template":"","meta":{"_acf_changed":false,"inline_featured_image":false},"product_brand":[],"product_cat":[23,73,19,74],"product_tag":[80,89,86,91],"class_list":{"0":"post-414","1":"product","2":"type-product","3":"status-publish","4":"has-post-thumbnail","6":"product_cat-istorija","7":"product_cat-kiti-leidiniai","8":"product_cat-leidiniai","9":"product_cat-menas-architektura","10":"product_tag-istorija","11":"product_tag-kolekciju-rinkiniai","12":"product_tag-menas","13":"product_tag-zemaitija","15":"first","16":"instock","17":"taxable","18":"shipping-taxable","19":"purchasable","20":"product-type-simple"},"acf":[],"_links":{"self":[{"href":"https:\/\/testlnm.lt\/en\/wp-json\/wp\/v2\/product\/414","targetHints":{"allow":["GET"]}}],"collection":[{"href":"https:\/\/testlnm.lt\/en\/wp-json\/wp\/v2\/product"}],"about":[{"href":"https:\/\/testlnm.lt\/en\/wp-json\/wp\/v2\/types\/product"}],"wp:featuredmedia":[{"embeddable":true,"href":"https:\/\/testlnm.lt\/en\/wp-json\/wp\/v2\/media\/565"}],"wp:attachment":[{"href":"https:\/\/testlnm.lt\/en\/wp-json\/wp\/v2\/media?parent=414"}],"wp:term":[{"taxonomy":"product_brand","embeddable":true,"href":"https:\/\/testlnm.lt\/en\/wp-json\/wp\/v2\/product_brand?post=414"},{"taxonomy":"product_cat","embeddable":true,"href":"https:\/\/testlnm.lt\/en\/wp-json\/wp\/v2\/product_cat?post=414"},{"taxonomy":"product_tag","embeddable":true,"href":"https:\/\/testlnm.lt\/en\/wp-json\/wp\/v2\/product_tag?post=414"}],"curies":[{"name":"wp","href":"https:\/\/api.w.org\/{rel}","templated":true}]}}