{"id":4146,"date":"2025-07-16T09:11:09","date_gmt":"2025-07-16T06:11:09","guid":{"rendered":"https:\/\/testlnm.lt\/?post_type=product&#038;p=4146"},"modified":"2026-04-17T09:20:39","modified_gmt":"2026-04-17T06:20:39","slug":"parodos-katalogas-austas-valstybingumo-simbolis-woven-symbol-of-statehood-el-tejido-como-simbolo-del-estado-el-teixit-com-a-simbol-de-lestat","status":"publish","type":"product","link":"https:\/\/testlnm.lt\/en\/product\/parodos-katalogas-austas-valstybingumo-simbolis-woven-symbol-of-statehood-el-tejido-como-simbolo-del-estado-el-teixit-com-a-simbol-de-lestat\/","title":{"rendered":"Exhibition catalogue \"A woven symbol of statehood\" Woven Symbol of Statehood. El tejido como s\u00edmbolo del Estado. El teixit com a s\u00edmbol de l\u2019Estat.\u201c"},"content":{"rendered":"<p><a href=\"https:\/\/lnm.lt\/renginiai\/tarptautine-paroda-austas-valstybingumo-simbolis-valensijos-silko-muziejuje\/\">International Exhibition \"Woven Symbol of Statehood\"<\/a>, vykstan\u010dios Valensijos \u0160ilko muziejuje 2025 06 25\u20132025 12 21, katalogas.<\/p>\n<p>In the 16th century, Lithuania united with Poland and together with it formed one of the largest European states - the Polish-Lithuanian Commonwealth. The country's territory in the 18th century covered more than a million square kilometers. It also included the territories of present-day Belarus and Ukraine, as well as parts of Russia, Latvia, Estonia, Moldova and Slovakia.<\/p>\n<p>During the existence of the Commonwealth of Nations, its borders, capitals, and monarchs changed, but the parliament always functioned. In it, the most important issues were decided by the political class \u2013 the nobility. To distinguish themselves from other nations and classes, the nobility of the Commonwealth of Nations wore a unique luxurious costume called a kontu\u0161, the most important detail of which was the impressive kontu\u0161a belt.<\/p>\n<p>A kontu\u0161a ribbon is a luxurious multi-colored ribbon, 3\u20134 m long, designed to tie a kontu\u0161a. It is considered a miracle of weaving technique \u2013 an exceptional cultural heritage value.<\/p>\n<p>Languages: Lithuanian, English, Spanish, Catalan.<\/p>","protected":false},"excerpt":{"rendered":"<p>Compiled by Dr. Giedr\u0117 Mileryt\u0117-Japertien\u0117, Agn\u0117 Andrulevi\u010dien\u0117.<\/p>\n<p>Vilnius, 2025, 88 p., Lithuanian, English, Spanish, Catalan. ISBN 978-609-478-093-6.<\/p>","protected":false},"featured_media":4149,"template":"","meta":{"_acf_changed":false,"inline_featured_image":false},"product_brand":[],"product_cat":[23,19,183,147,174,72],"product_tag":[],"class_list":{"0":"post-4146","1":"product","2":"type-product","3":"status-publish","4":"has-post-thumbnail","6":"product_cat-istorija","7":"product_cat-leidiniai","8":"product_cat-leidiniai-anglu-kalba","9":"product_cat-naujausi-leidiniai","10":"product_cat-naujienos","11":"product_cat-parodu-katalogai-ir-kspoziciju-vadovai","13":"first","14":"instock","15":"taxable","16":"shipping-taxable","17":"purchasable","18":"product-type-simple"},"acf":[],"_links":{"self":[{"href":"https:\/\/testlnm.lt\/en\/wp-json\/wp\/v2\/product\/4146","targetHints":{"allow":["GET"]}}],"collection":[{"href":"https:\/\/testlnm.lt\/en\/wp-json\/wp\/v2\/product"}],"about":[{"href":"https:\/\/testlnm.lt\/en\/wp-json\/wp\/v2\/types\/product"}],"wp:featuredmedia":[{"embeddable":true,"href":"https:\/\/testlnm.lt\/en\/wp-json\/wp\/v2\/media\/4149"}],"wp:attachment":[{"href":"https:\/\/testlnm.lt\/en\/wp-json\/wp\/v2\/media?parent=4146"}],"wp:term":[{"taxonomy":"product_brand","embeddable":true,"href":"https:\/\/testlnm.lt\/en\/wp-json\/wp\/v2\/product_brand?post=4146"},{"taxonomy":"product_cat","embeddable":true,"href":"https:\/\/testlnm.lt\/en\/wp-json\/wp\/v2\/product_cat?post=4146"},{"taxonomy":"product_tag","embeddable":true,"href":"https:\/\/testlnm.lt\/en\/wp-json\/wp\/v2\/product_tag?post=4146"}],"curies":[{"name":"wp","href":"https:\/\/api.w.org\/{rel}","templated":true}]}}