{"id":416,"date":"2021-09-01T18:55:59","date_gmt":"2021-09-01T15:55:59","guid":{"rendered":"https:\/\/testlnm.lt\/?post_type=product&#038;p=416"},"modified":"2026-04-17T09:21:11","modified_gmt":"2026-04-17T06:21:11","slug":"fotografas-raimondas-urbakavicius-atgimimo-kronika-1987-1993","status":"publish","type":"product","link":"https:\/\/testlnm.lt\/en\/product\/fotografas-raimondas-urbakavicius-atgimimo-kronika-1987-1993\/","title":{"rendered":"Photographer Raimondas Urbakevi\u010dius. The Chronicle of Rebirth (1987-1993)"},"content":{"rendered":"<p>The album features selected photographs printed from the archive of 10,300 negatives donated to the Lithuanian National Museum by the author. Photographer Raimondas Urbakavi\u010dius enthusiastically and comprehensively documented the events of the Restoration period. His unique perspective on the moments of Independent Lithuania's state significantly enriched the museum's collection of photo documents.<\/p>","protected":false},"excerpt":{"rendered":"<p>Photographer Raimondas Urbakevi\u010dius. The Chronicle of Rebirth (1987-1993)<\/p>\n<p>&nbsp;<\/p>\n<p>Vilnius, 2013. 368 p., Lithuanian., summary in English, ISBN 978-609-8039-40-5.<\/p>\n<p>Compiler: Ona Butkut\u0117. Artist: Ar\u016bnas Prelgauskas. Editor: Nijol\u0117 Deveikien\u0117.<\/p>","protected":false},"featured_media":759,"template":"","meta":{"_acf_changed":false,"inline_featured_image":false},"product_brand":[],"product_cat":[71,19],"product_tag":[88,80],"class_list":{"0":"post-416","1":"product","2":"type-product","3":"status-publish","4":"has-post-thumbnail","6":"product_cat-fotografiju-albumai","7":"product_cat-leidiniai","8":"product_tag-fotografiju-albumai","9":"product_tag-istorija","11":"first","12":"instock","13":"taxable","14":"shipping-taxable","15":"purchasable","16":"product-type-simple"},"acf":[],"_links":{"self":[{"href":"https:\/\/testlnm.lt\/en\/wp-json\/wp\/v2\/product\/416","targetHints":{"allow":["GET"]}}],"collection":[{"href":"https:\/\/testlnm.lt\/en\/wp-json\/wp\/v2\/product"}],"about":[{"href":"https:\/\/testlnm.lt\/en\/wp-json\/wp\/v2\/types\/product"}],"wp:featuredmedia":[{"embeddable":true,"href":"https:\/\/testlnm.lt\/en\/wp-json\/wp\/v2\/media\/759"}],"wp:attachment":[{"href":"https:\/\/testlnm.lt\/en\/wp-json\/wp\/v2\/media?parent=416"}],"wp:term":[{"taxonomy":"product_brand","embeddable":true,"href":"https:\/\/testlnm.lt\/en\/wp-json\/wp\/v2\/product_brand?post=416"},{"taxonomy":"product_cat","embeddable":true,"href":"https:\/\/testlnm.lt\/en\/wp-json\/wp\/v2\/product_cat?post=416"},{"taxonomy":"product_tag","embeddable":true,"href":"https:\/\/testlnm.lt\/en\/wp-json\/wp\/v2\/product_tag?post=416"}],"curies":[{"name":"wp","href":"https:\/\/api.w.org\/{rel}","templated":true}]}}