{"id":417,"date":"2021-09-01T18:56:39","date_gmt":"2021-09-01T15:56:39","guid":{"rendered":"https:\/\/testlnm.lt\/?post_type=product&#038;p=417"},"modified":"2026-04-01T11:44:54","modified_gmt":"2026-04-01T08:44:54","slug":"the-portrait-gallery-of-samogitian-bishops","status":"publish","type":"product","link":"https:\/\/testlnm.lt\/en\/product\/the-portrait-gallery-of-samogitian-bishops\/","title":{"rendered":"The Portrait Gallery of Samogitian Bishops"},"content":{"rendered":"<p>The preset publication contains the reproductions of the entire portrait gallery of Samogitian bishops except one portrait (John II Joreme Krispinas Kir\u0161en\u0161teinas), along with Latin inscriptions, their English translations, and short biographical data on the Samogitian bishops. It is the most comprehensive publication of this collection of portraits.<\/p>","protected":false},"excerpt":{"rendered":"<p>Vilnius, 2013. 96 pages, English, ISBN 978-609-8039-43-6.<\/p>\n<p>Compiler Lijana Bir\u0161kyt\u0117-Klimien\u0117. Designer Ar\u016bnas Prelgauskas<\/p>","protected":false},"featured_media":2040,"template":"","meta":{"_acf_changed":false,"inline_featured_image":false},"product_brand":[],"product_cat":[23,73,19,183,74],"product_tag":[80,91],"class_list":{"0":"post-417","1":"product","2":"type-product","3":"status-publish","4":"has-post-thumbnail","6":"product_cat-istorija","7":"product_cat-kiti-leidiniai","8":"product_cat-leidiniai","9":"product_cat-leidiniai-anglu-kalba","10":"product_cat-menas-architektura","11":"product_tag-istorija","12":"product_tag-zemaitija","14":"first","15":"instock","16":"taxable","17":"shipping-taxable","18":"purchasable","19":"product-type-simple"},"acf":[],"_links":{"self":[{"href":"https:\/\/testlnm.lt\/en\/wp-json\/wp\/v2\/product\/417","targetHints":{"allow":["GET"]}}],"collection":[{"href":"https:\/\/testlnm.lt\/en\/wp-json\/wp\/v2\/product"}],"about":[{"href":"https:\/\/testlnm.lt\/en\/wp-json\/wp\/v2\/types\/product"}],"wp:featuredmedia":[{"embeddable":true,"href":"https:\/\/testlnm.lt\/en\/wp-json\/wp\/v2\/media\/2040"}],"wp:attachment":[{"href":"https:\/\/testlnm.lt\/en\/wp-json\/wp\/v2\/media?parent=417"}],"wp:term":[{"taxonomy":"product_brand","embeddable":true,"href":"https:\/\/testlnm.lt\/en\/wp-json\/wp\/v2\/product_brand?post=417"},{"taxonomy":"product_cat","embeddable":true,"href":"https:\/\/testlnm.lt\/en\/wp-json\/wp\/v2\/product_cat?post=417"},{"taxonomy":"product_tag","embeddable":true,"href":"https:\/\/testlnm.lt\/en\/wp-json\/wp\/v2\/product_tag?post=417"}],"curies":[{"name":"wp","href":"https:\/\/api.w.org\/{rel}","templated":true}]}}