{"id":4253,"date":"2025-09-23T15:04:05","date_gmt":"2025-09-23T12:04:05","guid":{"rendered":"https:\/\/testlnm.lt\/?post_type=product&#038;p=4253"},"modified":"2026-04-01T11:44:17","modified_gmt":"2026-04-01T08:44:17","slug":"dovanu-kuponas","status":"publish","type":"product","link":"https:\/\/testlnm.lt\/en\/product\/dovanu-kuponas\/","title":{"rendered":"Gift Voucher"},"content":{"rendered":"","protected":false},"excerpt":{"rendered":"<p>Want to surprise your friends or loved ones? Give them a visit to the National Museum of Lithuania!<\/p>\n<ul>\n<li>The gift voucher is valid for 2 people.<\/li>\n<li>The coupon is valid for 10 museum branches. These include: Gediminas Castle Tower, the Old Arsenal, the Castle Keeper's House, the Bastion of the Vilnius Defensive Wall, the House of History, the House of the Signatories, the Kazys Varnelis House-Museum, the Birthplace of Jonas Basanavi\u010dius, the Vincas Kudirka Museum, and the Jonas \u0160li\u016bpas Museum.<\/li>\n<li>Valid for 1 year from purchase.<\/li>\n<\/ul>","protected":false},"featured_media":4254,"template":"","meta":{"_acf_changed":false,"inline_featured_image":false},"product_brand":[],"product_cat":[20,174],"product_tag":[],"class_list":{"0":"post-4253","1":"product","2":"type-product","3":"status-publish","4":"has-post-thumbnail","6":"product_cat-dovanos-suvenyrai","7":"product_cat-naujienos","9":"first","10":"outofstock","11":"taxable","12":"shipping-taxable","13":"purchasable","14":"product-type-simple"},"acf":[],"_links":{"self":[{"href":"https:\/\/testlnm.lt\/en\/wp-json\/wp\/v2\/product\/4253","targetHints":{"allow":["GET"]}}],"collection":[{"href":"https:\/\/testlnm.lt\/en\/wp-json\/wp\/v2\/product"}],"about":[{"href":"https:\/\/testlnm.lt\/en\/wp-json\/wp\/v2\/types\/product"}],"wp:featuredmedia":[{"embeddable":true,"href":"https:\/\/testlnm.lt\/en\/wp-json\/wp\/v2\/media\/4254"}],"wp:attachment":[{"href":"https:\/\/testlnm.lt\/en\/wp-json\/wp\/v2\/media?parent=4253"}],"wp:term":[{"taxonomy":"product_brand","embeddable":true,"href":"https:\/\/testlnm.lt\/en\/wp-json\/wp\/v2\/product_brand?post=4253"},{"taxonomy":"product_cat","embeddable":true,"href":"https:\/\/testlnm.lt\/en\/wp-json\/wp\/v2\/product_cat?post=4253"},{"taxonomy":"product_tag","embeddable":true,"href":"https:\/\/testlnm.lt\/en\/wp-json\/wp\/v2\/product_tag?post=4253"}],"curies":[{"name":"wp","href":"https:\/\/api.w.org\/{rel}","templated":true}]}}