{"id":430,"date":"2021-09-01T19:06:27","date_gmt":"2021-09-01T16:06:27","guid":{"rendered":"https:\/\/testlnm.lt\/?post_type=product&#038;p=430"},"modified":"2026-04-17T09:21:10","modified_gmt":"2026-04-17T06:21:10","slug":"vilniaus-aukstutine-pilis","status":"publish","type":"product","link":"https:\/\/testlnm.lt\/en\/product\/vilniaus-aukstutine-pilis\/","title":{"rendered":"The Higher Castle of Vilnius"},"content":{"rendered":"<p>The publication presents the history of Vilnius' Upper Castle Hill from the first archaeological finds of the old settlement, dating back to the first half of the 1st millennium AD, the emergence of the castle in the 13th century, its restoration and architectural reconstructions in various historical periods to the present day. The Upper Castle Tower, which has become a symbol of the capital and the state, today houses the historical exposition of weapons and castle iconography of the National Museum of Lithuania. The publication is illustrated with valuable iconographic documents.<\/p>","protected":false},"excerpt":{"rendered":"<p>The Higher Castle of Vilnius<\/p>\n<p>&nbsp;<\/p>\n<p>Vilnius, 2014. 96 pp., Lithuanian. ISBN 978-609-8039-47-4.<\/p>\n<p>Prepared by Edita Povilaityt\u0117 and Birut\u0117 R\u016bta Vitkauskien\u0117. Artist Ar\u016bnas Prelgauskas, editor Nijol\u0117 Deveikien\u0117<\/p>\n<p>&nbsp;<\/p>","protected":false},"featured_media":558,"template":"","meta":{"_acf_changed":false,"inline_featured_image":false},"product_brand":[],"product_cat":[25,23,19,72],"product_tag":[80,84,87],"class_list":{"0":"post-430","1":"product","2":"type-product","3":"status-publish","4":"has-post-thumbnail","6":"product_cat-apie-vilniu","7":"product_cat-istorija","8":"product_cat-leidiniai","9":"product_cat-parodu-katalogai-ir-kspoziciju-vadovai","10":"product_tag-istorija","11":"product_tag-parodu-katalogai","12":"product_tag-vilnius","14":"first","15":"instock","16":"taxable","17":"shipping-taxable","18":"purchasable","19":"product-type-simple"},"acf":[],"_links":{"self":[{"href":"https:\/\/testlnm.lt\/en\/wp-json\/wp\/v2\/product\/430","targetHints":{"allow":["GET"]}}],"collection":[{"href":"https:\/\/testlnm.lt\/en\/wp-json\/wp\/v2\/product"}],"about":[{"href":"https:\/\/testlnm.lt\/en\/wp-json\/wp\/v2\/types\/product"}],"wp:featuredmedia":[{"embeddable":true,"href":"https:\/\/testlnm.lt\/en\/wp-json\/wp\/v2\/media\/558"}],"wp:attachment":[{"href":"https:\/\/testlnm.lt\/en\/wp-json\/wp\/v2\/media?parent=430"}],"wp:term":[{"taxonomy":"product_brand","embeddable":true,"href":"https:\/\/testlnm.lt\/en\/wp-json\/wp\/v2\/product_brand?post=430"},{"taxonomy":"product_cat","embeddable":true,"href":"https:\/\/testlnm.lt\/en\/wp-json\/wp\/v2\/product_cat?post=430"},{"taxonomy":"product_tag","embeddable":true,"href":"https:\/\/testlnm.lt\/en\/wp-json\/wp\/v2\/product_tag?post=430"}],"curies":[{"name":"wp","href":"https:\/\/api.w.org\/{rel}","templated":true}]}}