{"id":432,"date":"2021-09-01T19:07:45","date_gmt":"2021-09-01T16:07:45","guid":{"rendered":"https:\/\/testlnm.lt\/?post_type=product&#038;p=432"},"modified":"2026-04-01T11:44:53","modified_gmt":"2026-04-01T08:44:53","slug":"jan-bulhak-dvidesimt-seseri-metai-su-ruscicu","status":"publish","type":"product","link":"https:\/\/testlnm.lt\/en\/product\/jan-bulhak-dvidesimt-seseri-metai-su-ruscicu\/","title":{"rendered":"Jan Bu\u0142hak. Twenty Six Years with Ru\u0161\u010dicas"},"content":{"rendered":"<p>This book by the renowned photographer Jan Bu\u0142hak (1876\u20131950) features two literary works: memoirs \"Twenty-Six Years with Ru\u0161\u010dica\" and descriptions of travels around Vilnius and its surroundings in \"Journey of the Photographer in Words and Images.\" In the memoir \"Twenty-Six Years with Ru\u0161\u010dicas,\" an impressive portrait of Ferdinand Ru\u0161\u010dicas, a renowned artist who contributed significantly to the city of Vilnius and a professor at Vilnius University, is presented. This memoir also reveals many secrets of the author's life and work, including intimate confessions and reflections. The famous \"Journey of the Photographer\" vividly describes the beauty of Vilnius and its surroundings through words and images.<\/p>","protected":false},"excerpt":{"rendered":"<p>Jan Bu\u0142hak. Dvide\u0161imt \u0161e\u0161eri metai su Ru\u0161\u010dicu<\/p>\n<p>&nbsp;<\/p>\n<p>Vilnius, 2014. 376 p., [28] iliustr. lap., lietuvi\u0173 k., ISBN 978-609-8039-54-2.<\/p>\n<p>Dailininkas Ar\u016bnas Prelgauskas, redaktor\u0117 Nijol\u0117 Deveikien\u0117<\/p>\n","protected":false},"featured_media":690,"template":"","meta":{"_acf_changed":false,"inline_featured_image":false},"product_brand":[],"product_cat":[75,19],"product_tag":[82,114],"class_list":{"0":"post-432","1":"product","2":"type-product","3":"status-publish","4":"has-post-thumbnail","6":"product_cat-biografijos","7":"product_cat-leidiniai","8":"product_tag-biografija","9":"product_tag-fotografija","11":"first","12":"instock","13":"taxable","14":"shipping-taxable","15":"purchasable","16":"product-type-simple"},"acf":[],"_links":{"self":[{"href":"https:\/\/testlnm.lt\/en\/wp-json\/wp\/v2\/product\/432","targetHints":{"allow":["GET"]}}],"collection":[{"href":"https:\/\/testlnm.lt\/en\/wp-json\/wp\/v2\/product"}],"about":[{"href":"https:\/\/testlnm.lt\/en\/wp-json\/wp\/v2\/types\/product"}],"wp:featuredmedia":[{"embeddable":true,"href":"https:\/\/testlnm.lt\/en\/wp-json\/wp\/v2\/media\/690"}],"wp:attachment":[{"href":"https:\/\/testlnm.lt\/en\/wp-json\/wp\/v2\/media?parent=432"}],"wp:term":[{"taxonomy":"product_brand","embeddable":true,"href":"https:\/\/testlnm.lt\/en\/wp-json\/wp\/v2\/product_brand?post=432"},{"taxonomy":"product_cat","embeddable":true,"href":"https:\/\/testlnm.lt\/en\/wp-json\/wp\/v2\/product_cat?post=432"},{"taxonomy":"product_tag","embeddable":true,"href":"https:\/\/testlnm.lt\/en\/wp-json\/wp\/v2\/product_tag?post=432"}],"curies":[{"name":"wp","href":"https:\/\/api.w.org\/{rel}","templated":true}]}}