{"id":434,"date":"2021-09-01T19:09:02","date_gmt":"2021-09-01T16:09:02","guid":{"rendered":"https:\/\/testlnm.lt\/?post_type=product&#038;p=434"},"modified":"2026-04-01T11:44:53","modified_gmt":"2026-04-01T08:44:53","slug":"eustachijus-tiskevicius-darbai-ir-kontekstai-mokslo-straipsniu-rinkinys","status":"publish","type":"product","link":"https:\/\/testlnm.lt\/en\/product\/eustachijus-tiskevicius-darbai-ir-kontekstai-mokslo-straipsniu-rinkinys\/","title":{"rendered":"Eustachijus Ti\u0161kevi\u010dius. Works and Contexts. A Collection of Research Articles"},"content":{"rendered":"<p>This collection of scientific articles is compiled based on presentations from the conference \"Eustachijus Ti\u0161kevi\u010dius: Works and Contexts.\" The main goal of the conference is to draw the broadest and most comprehensive portrait of E. Ti\u0161kevi\u010dius's personality in the context of 19th-century Lithuania by utilizing various perspectives of scientific inquiry.<\/p>","protected":false},"excerpt":{"rendered":"<p>Eustachijus Ti\u0161kevi\u010dius. Works and Contexts. A Collection of Research Articles<\/p>\n<p>&nbsp;<\/p>\n<p>Vilnius, 2014. 359 p., Lithuanian, Russian, summary in English, ISBN 978-609-8039-35-9.<\/p>\n<p>Publication compilers: \u017dygintas B\u016b\u010dys and Reda Gri\u0161kait\u0117. Artist: Ar\u016bnas Prelgauskas. Editor: Nijol\u0117 Deveikien\u0117.<\/p>","protected":false},"featured_media":583,"template":"","meta":{"_acf_changed":false,"inline_featured_image":false},"product_brand":[],"product_cat":[75,19],"product_tag":[90,95],"class_list":{"0":"post-434","1":"product","2":"type-product","3":"status-publish","4":"has-post-thumbnail","6":"product_cat-biografijos","7":"product_cat-leidiniai","8":"product_tag-kiti","9":"product_tag-pranesimai","11":"first","12":"instock","13":"taxable","14":"shipping-taxable","15":"purchasable","16":"product-type-simple"},"acf":[],"_links":{"self":[{"href":"https:\/\/testlnm.lt\/en\/wp-json\/wp\/v2\/product\/434","targetHints":{"allow":["GET"]}}],"collection":[{"href":"https:\/\/testlnm.lt\/en\/wp-json\/wp\/v2\/product"}],"about":[{"href":"https:\/\/testlnm.lt\/en\/wp-json\/wp\/v2\/types\/product"}],"wp:featuredmedia":[{"embeddable":true,"href":"https:\/\/testlnm.lt\/en\/wp-json\/wp\/v2\/media\/583"}],"wp:attachment":[{"href":"https:\/\/testlnm.lt\/en\/wp-json\/wp\/v2\/media?parent=434"}],"wp:term":[{"taxonomy":"product_brand","embeddable":true,"href":"https:\/\/testlnm.lt\/en\/wp-json\/wp\/v2\/product_brand?post=434"},{"taxonomy":"product_cat","embeddable":true,"href":"https:\/\/testlnm.lt\/en\/wp-json\/wp\/v2\/product_cat?post=434"},{"taxonomy":"product_tag","embeddable":true,"href":"https:\/\/testlnm.lt\/en\/wp-json\/wp\/v2\/product_tag?post=434"}],"curies":[{"name":"wp","href":"https:\/\/api.w.org\/{rel}","templated":true}]}}