{"id":442,"date":"2021-09-01T19:15:34","date_gmt":"2021-09-01T16:15:34","guid":{"rendered":"https:\/\/testlnm.lt\/?post_type=product&#038;p=442"},"modified":"2026-04-01T11:44:52","modified_gmt":"2026-04-01T08:44:52","slug":"time-eternal-wooden-church-interiors","status":"publish","type":"product","link":"https:\/\/testlnm.lt\/en\/product\/time-eternal-wooden-church-interiors\/","title":{"rendered":"Time Eternal. Wooden Church Interiors"},"content":{"rendered":"<p>Time Eternal. Wooden Church Interiors<\/p>\n<p>&nbsp;<\/p>\n<p>Photo exhibition by Raimondas Paknys. Vilnius, 2015. 36 pages, English<\/p>\n<p>Exhibition curator K\u0119stutis Sto\u0161kus, exhibition designer Giedr\u0117 Narbutien\u0117, publication designer Jok\u016bbas Jacovskis<\/p>","protected":false},"excerpt":{"rendered":"<p>Time Eternal. Wooden Church Interiors<\/p>\n<p>&nbsp;<\/p>\n<p>Photo exhibition by Raimondas Paknys. Vilnius, 2015. 36 pages, English<\/p>\n<p>Exhibition curator K\u0119stutis Sto\u0161kus, exhibition designer Giedr\u0117 Narbutien\u0117, publication designer Jok\u016bbas Jacovskis<\/p>","protected":false},"featured_media":767,"template":"","meta":{"_acf_changed":false,"inline_featured_image":false},"product_brand":[],"product_cat":[19,183,72],"product_tag":[88,84],"class_list":{"0":"post-442","1":"product","2":"type-product","3":"status-publish","4":"has-post-thumbnail","6":"product_cat-leidiniai","7":"product_cat-leidiniai-anglu-kalba","8":"product_cat-parodu-katalogai-ir-kspoziciju-vadovai","9":"product_tag-fotografiju-albumai","10":"product_tag-parodu-katalogai","12":"first","13":"instock","14":"taxable","15":"shipping-taxable","16":"purchasable","17":"product-type-simple"},"acf":[],"_links":{"self":[{"href":"https:\/\/testlnm.lt\/en\/wp-json\/wp\/v2\/product\/442","targetHints":{"allow":["GET"]}}],"collection":[{"href":"https:\/\/testlnm.lt\/en\/wp-json\/wp\/v2\/product"}],"about":[{"href":"https:\/\/testlnm.lt\/en\/wp-json\/wp\/v2\/types\/product"}],"wp:featuredmedia":[{"embeddable":true,"href":"https:\/\/testlnm.lt\/en\/wp-json\/wp\/v2\/media\/767"}],"wp:attachment":[{"href":"https:\/\/testlnm.lt\/en\/wp-json\/wp\/v2\/media?parent=442"}],"wp:term":[{"taxonomy":"product_brand","embeddable":true,"href":"https:\/\/testlnm.lt\/en\/wp-json\/wp\/v2\/product_brand?post=442"},{"taxonomy":"product_cat","embeddable":true,"href":"https:\/\/testlnm.lt\/en\/wp-json\/wp\/v2\/product_cat?post=442"},{"taxonomy":"product_tag","embeddable":true,"href":"https:\/\/testlnm.lt\/en\/wp-json\/wp\/v2\/product_tag?post=442"}],"curies":[{"name":"wp","href":"https:\/\/api.w.org\/{rel}","templated":true}]}}