{"id":445,"date":"2021-09-02T08:40:22","date_gmt":"2021-09-02T05:40:22","guid":{"rendered":"https:\/\/testlnm.lt\/?post_type=product&#038;p=445"},"modified":"2026-04-01T11:44:51","modified_gmt":"2026-04-01T08:44:51","slug":"islikes-laikas-mediniu-baznyciu-interjerai","status":"publish","type":"product","link":"https:\/\/testlnm.lt\/en\/product\/islikes-laikas-mediniu-baznyciu-interjerai\/","title":{"rendered":"The Time That Remains. Wooden Church Interiors"},"content":{"rendered":"<p>The publication showcases the photography of R. Paknio, a photographer and member of the Lithuanian Union of Photographic Artists, focusing on the interiors of wooden churches in Lithuania.<\/p>","protected":false},"excerpt":{"rendered":"<p>The Time That Remains. Wooden Church Interiors<\/p>\n<p>&nbsp;<\/p>\n<p>Raimondas Paknys' photography exposition. Vilnius, 2015. 36 p., Lithuanian.<\/p>\n<p>Curator of the exhibition: K\u0119stutis Sto\u0161kus. Exhibition's artist: Giedr\u0117 Narbutien\u0117. Publication's artist: Jok\u016bbas Jacovskis.<\/p>","protected":false},"featured_media":761,"template":"","meta":{"_acf_changed":false,"inline_featured_image":false},"product_brand":[],"product_cat":[19,72],"product_tag":[88,89],"class_list":{"0":"post-445","1":"product","2":"type-product","3":"status-publish","4":"has-post-thumbnail","6":"product_cat-leidiniai","7":"product_cat-parodu-katalogai-ir-kspoziciju-vadovai","8":"product_tag-fotografiju-albumai","9":"product_tag-kolekciju-rinkiniai","11":"first","12":"instock","13":"taxable","14":"shipping-taxable","15":"purchasable","16":"product-type-simple"},"acf":[],"_links":{"self":[{"href":"https:\/\/testlnm.lt\/en\/wp-json\/wp\/v2\/product\/445","targetHints":{"allow":["GET"]}}],"collection":[{"href":"https:\/\/testlnm.lt\/en\/wp-json\/wp\/v2\/product"}],"about":[{"href":"https:\/\/testlnm.lt\/en\/wp-json\/wp\/v2\/types\/product"}],"wp:featuredmedia":[{"embeddable":true,"href":"https:\/\/testlnm.lt\/en\/wp-json\/wp\/v2\/media\/761"}],"wp:attachment":[{"href":"https:\/\/testlnm.lt\/en\/wp-json\/wp\/v2\/media?parent=445"}],"wp:term":[{"taxonomy":"product_brand","embeddable":true,"href":"https:\/\/testlnm.lt\/en\/wp-json\/wp\/v2\/product_brand?post=445"},{"taxonomy":"product_cat","embeddable":true,"href":"https:\/\/testlnm.lt\/en\/wp-json\/wp\/v2\/product_cat?post=445"},{"taxonomy":"product_tag","embeddable":true,"href":"https:\/\/testlnm.lt\/en\/wp-json\/wp\/v2\/product_tag?post=445"}],"curies":[{"name":"wp","href":"https:\/\/api.w.org\/{rel}","templated":true}]}}