{"id":448,"date":"2021-09-02T08:43:52","date_gmt":"2021-09-02T05:43:52","guid":{"rendered":"https:\/\/testlnm.lt\/?post_type=product&#038;p=448"},"modified":"2026-04-17T09:21:09","modified_gmt":"2026-04-17T06:21:09","slug":"zemaiciu-vyskupijos-istorija-ir-paveldas","status":"publish","type":"product","link":"https:\/\/testlnm.lt\/en\/product\/zemaiciu-vyskupijos-istorija-ir-paveldas\/","title":{"rendered":"History of the Samogitian Diocese and its Heritage"},"content":{"rendered":"<p>The Lithuanian National Museum, in collaboration with the Diocese of Tel\u0161iai, organized two exhibitions in 2013 and 2014: \"History of the Samogitian Diocese\" and \"Signs of Samogitian Baptism,\" dedicated to the 600th anniversary of the Samogitian Baptism. Based on them, this book was prepared, supplemented with abundant historical and iconographic material not exhibited in the mentioned exhibitions and often unpublished, collected from Lithuanian museums, archives, and churches, revealing the interesting and lesser-known past of the Samogitian Diocese.<\/p>\n<p>The book consists of two parts: the first part describes the Samogitian Diocese from an institutional perspective, while the second part presents the Catholic life traditions and practices of Samogitia during various periods.<\/p>\n<p>The publication is intended for a wide range of readers \u2013 not only specialists in various humanities fields but also anyone interested in the history and cultural heritage of the region.<\/p>","protected":false},"excerpt":{"rendered":"<p>History of the Samogitian Diocese and its Heritage<\/p>\n<p>&nbsp;<\/p>\n<p>History of the Samogitian diocese. 2013 m. gegu\u017e\u0117s 24 d. \u2013 spalio 27 d. Samogitian baptismal signs. 2013 m. gruod\u017eio 5 d. \u2013 2014 m. kovo 3 d. Exhibition book. Vilnius, 2015. 440 p., Lithuanian, ISBN 978-609-8039-69-6.<\/p>\n<p>The exhibition and publication were prepared by: Lijana Bir\u0161kyt\u0117-Klimien\u0117 and Diana Streikuvien\u0117. Artist: Ar\u016bnas Prelgauskas. Editor: Nijol\u0117 Deveikien\u0117.<\/p>","protected":false},"featured_media":694,"template":"","meta":{"_acf_changed":false,"inline_featured_image":false},"product_brand":[],"product_cat":[23,19,72],"product_tag":[80,84,91],"class_list":{"0":"post-448","1":"product","2":"type-product","3":"status-publish","4":"has-post-thumbnail","6":"product_cat-istorija","7":"product_cat-leidiniai","8":"product_cat-parodu-katalogai-ir-kspoziciju-vadovai","9":"product_tag-istorija","10":"product_tag-parodu-katalogai","11":"product_tag-zemaitija","13":"first","14":"instock","15":"taxable","16":"shipping-taxable","17":"purchasable","18":"product-type-simple"},"acf":[],"_links":{"self":[{"href":"https:\/\/testlnm.lt\/en\/wp-json\/wp\/v2\/product\/448","targetHints":{"allow":["GET"]}}],"collection":[{"href":"https:\/\/testlnm.lt\/en\/wp-json\/wp\/v2\/product"}],"about":[{"href":"https:\/\/testlnm.lt\/en\/wp-json\/wp\/v2\/types\/product"}],"wp:featuredmedia":[{"embeddable":true,"href":"https:\/\/testlnm.lt\/en\/wp-json\/wp\/v2\/media\/694"}],"wp:attachment":[{"href":"https:\/\/testlnm.lt\/en\/wp-json\/wp\/v2\/media?parent=448"}],"wp:term":[{"taxonomy":"product_brand","embeddable":true,"href":"https:\/\/testlnm.lt\/en\/wp-json\/wp\/v2\/product_brand?post=448"},{"taxonomy":"product_cat","embeddable":true,"href":"https:\/\/testlnm.lt\/en\/wp-json\/wp\/v2\/product_cat?post=448"},{"taxonomy":"product_tag","embeddable":true,"href":"https:\/\/testlnm.lt\/en\/wp-json\/wp\/v2\/product_tag?post=448"}],"curies":[{"name":"wp","href":"https:\/\/api.w.org\/{rel}","templated":true}]}}