{"id":4489,"date":"2025-11-26T14:34:11","date_gmt":"2025-11-26T12:34:11","guid":{"rendered":"https:\/\/testlnm.lt\/?post_type=product&#038;p=4489"},"modified":"2026-04-01T11:44:13","modified_gmt":"2026-04-01T08:44:13","slug":"arunas-baltenas-nuo-pirmadienio-iki-sekmadienio","status":"publish","type":"product","link":"https:\/\/testlnm.lt\/en\/product\/arunas-baltenas-nuo-pirmadienio-iki-sekmadienio\/","title":{"rendered":"Ar\u016bnas Balt\u0117nas \u201eNuo pirmadienio iki sekmadienio&#8221;"},"content":{"rendered":"<p>Lietuvos nacionalinis muziejus kartu su \u201eBalt\u0117no archyvais\u201c pristato Ar\u016bno Balt\u0117no fotografij\u0173 knyg\u0105, kurios akiratyje \u2013 dirbanti m\u016bs\u0173 dien\u0173 Lietuva.<\/p>\n<p>Tai portret\u0173 ir trump\u0173 pasakojim\u0173 pirmuoju asmeniu rinktin\u0117, kurioje u\u017efiksuota daugiau nei \u0161imtas profesij\u0173 ir joms atstovaujantys \u017emon\u0117s \u2013 nuo mikrochirurgo ar d\u017eiazo muzikanto iki siuv\u0117jos, duobkasio ar troleibuso vairuotojos. Kiekvienas j\u0173 turi savo istorij\u0105, bals\u0105 ir santyk\u012f su darbu. \u0160ie pasakojimai suteikia knygai intymumo ir autenti\u0161kumo \u2013 skaitytojas tampa tarsi pa\u0161nekovu, pris\u0117dusiu \u0161alia dirban\u010dio ir apie savo darb\u0105 pasakojan\u010dio \u017emogaus.<\/p>\n<p>Knygos heroj\u0173 \u012fvairiapusi\u0161kumas ir pasakojamos istorijos leid\u017eia pa\u017evelgti \u012f \u012fprastus darbus kitaip, o kartu atrasti tuos, apie kuriuos da\u017enas net nesusim\u0105sto egzistuojant.<\/p>\n<p>\u0160is leidinys \u2013 tai ne tik profesij\u0173 panorama, bet ir gyvas kasdienyb\u0117s dokumentas, liudysiantis m\u016bs\u0173 laik\u0105 ateities kartoms. Nespalvot\u0173 nuotrauk\u0173 dokumenti\u0161kumas \u010dia \u012fgauna i\u0161liekam\u0105j\u0105 vert\u0119: \u0161iandien atpa\u017e\u012fstama darbo aplinka, \u012frankiai, technologijos, apranga ir net veido i\u0161rai\u0161kos ar laikysena metams b\u0117gant kei\u010diasi ir ateityje \u012fgis nauj\u0173 prasmi\u0173.<\/p>\n<p>Fotografas ir sudarytojas: Ar\u016bnas Balt\u0117nas Knygos dailininkas: Aleksejus Mura\u0161ko Redaktoriai: Audra Kairien\u0117, Stanislovas Kairys, Saul\u0117 Matulevi\u010dien\u0117 Vaizd\u0173 redaktoriai: Vytautas Karosas, Aleksejus Mura\u0161ko<\/p>\n<p>Lietuvos Respublikos kult\u016bros ministerijos organizuojamame Knygos meno konkurse premija skirta Ar\u016bno Balt\u0117no leidiniui \u201eP\u2013S. Nuo pirmadienio iki sekmadienio\u201c. Apdovanojimas \u012fteiktas knygos dailininkui Aleksejui Mura\u0161ko, \u201eBalt\u0117no archyvams\u201c, Lietuvos nacionaliniam muziejui ir spaustuvei \u201eJelgavas Tipogr\u0101fija\u201c.<\/p>","protected":false},"excerpt":{"rendered":"<p>Vilnius, 2025, lietuvi\u0173 k., kieti vir\u0161eliai, 260 p. ISBN 978-609-478-094-3<\/p>\n<p>Fotografas ir sudarytojas: Ar\u016bnas Balt\u0117nas<br \/>\nKnygos dailininkas: Aleksejus Mura\u0161ko<br \/>\nRedaktoriai: Audra Kairien\u0117, Stanislovas Kairys, Saul\u0117 Matulevi\u010dien\u0117<br \/>\nVaizd\u0173 redaktoriai: Vytautas Karosas, Aleksejus Mura\u0161ko<\/p>","protected":false},"featured_media":4490,"template":"","meta":{"_acf_changed":false,"inline_featured_image":false},"product_brand":[],"product_cat":[71,19,147,174],"product_tag":[],"class_list":{"0":"post-4489","1":"product","2":"type-product","3":"status-publish","4":"has-post-thumbnail","6":"product_cat-fotografiju-albumai","7":"product_cat-leidiniai","8":"product_cat-naujausi-leidiniai","9":"product_cat-naujienos","11":"first","12":"instock","13":"taxable","14":"shipping-taxable","15":"purchasable","16":"product-type-simple"},"acf":[],"_links":{"self":[{"href":"https:\/\/testlnm.lt\/en\/wp-json\/wp\/v2\/product\/4489","targetHints":{"allow":["GET"]}}],"collection":[{"href":"https:\/\/testlnm.lt\/en\/wp-json\/wp\/v2\/product"}],"about":[{"href":"https:\/\/testlnm.lt\/en\/wp-json\/wp\/v2\/types\/product"}],"wp:featuredmedia":[{"embeddable":true,"href":"https:\/\/testlnm.lt\/en\/wp-json\/wp\/v2\/media\/4490"}],"wp:attachment":[{"href":"https:\/\/testlnm.lt\/en\/wp-json\/wp\/v2\/media?parent=4489"}],"wp:term":[{"taxonomy":"product_brand","embeddable":true,"href":"https:\/\/testlnm.lt\/en\/wp-json\/wp\/v2\/product_brand?post=4489"},{"taxonomy":"product_cat","embeddable":true,"href":"https:\/\/testlnm.lt\/en\/wp-json\/wp\/v2\/product_cat?post=4489"},{"taxonomy":"product_tag","embeddable":true,"href":"https:\/\/testlnm.lt\/en\/wp-json\/wp\/v2\/product_tag?post=4489"}],"curies":[{"name":"wp","href":"https:\/\/api.w.org\/{rel}","templated":true}]}}