{"id":4491,"date":"2025-11-26T14:36:06","date_gmt":"2025-11-26T12:36:06","guid":{"rendered":"https:\/\/testlnm.lt\/?post_type=product&#038;p=4491"},"modified":"2026-01-05T14:28:23","modified_gmt":"2026-01-05T12:28:23","slug":"elektronine-knyga-istorija-vizgina-uodega-trumpos-istorijos-apie-ilga-zmogaus-ir-suns-draugyste-lietuvoje","status":"publish","type":"product","link":"https:\/\/testlnm.lt\/en\/product\/elektronine-knyga-istorija-vizgina-uodega-trumpos-istorijos-apie-ilga-zmogaus-ir-suns-draugyste-lietuvoje\/","title":{"rendered":"E-book \"History wags its tail: short stories about the long friendship between man and dog in Lithuania\""},"content":{"rendered":"<p>\"History Wags Its Tail\" is the second e-book of the National Museum of Lithuania, created according to the principles of inclusive publishing and receiving a certificate confirming this. The book was voiced by professional narrators. The inclusive EPUB format allows you to adapt the reading experience to individual needs: you can change the text size, font, contrast, use voice synthesis or professional voiceover, and the text on the screen is highlighted in real time - which is extremely important for people with dyslexia, visual or learning disabilities. The project was implemented with the help of the Audiosensory Library, which bravely accepts challenges and actively cooperates in the field of communication.<\/p>\n<p>*EPUB formatas \u2013 <strong> After purchasing the e-book, you will receive an email with a download link.<\/strong><\/p>\n<p>The publication meets the requirements of EPUB accessibility \u2013 EPUB Accessibility 1.1 and WCAG 2.2 AA level \u2013 which ensure a quality reading experience for all readers, including people with reading disabilities and visual impairments. The publication was certified by LAB (Lithuanian Audiosensory Library).\u00a0<a href=\"https:\/\/itraukiojileidyba.lt\/cert\/13b49f87-245b-4a55-9f75-c6a5d931872e.html\" target=\"_blank\" rel=\"noopener\"> Publication certificate<\/a><\/p>\n<p>It is incredible that a wild animal that existed thousands of years ago has become an irreplaceable collaborator and most loyal friend to man. In this book, the reader will discover the stories of dogs who lived in Lithuania in different historical periods about their lives, the joys and sorrows they experienced. The stories of all four-legged friends are based on real events: some dogs made it to the pages of historical chronicles or the press, so we know both their names and the details of their lives. From here we have knowledge about Sigismund Augustus's favorite Grif or the writer Vai\u017egantas' mischievous Kaukas. The names of other puppies have disappeared in the labyrinths of history, but their traces remain in archaeological finds, old photographs or the stories of their owners.<\/p>\n<p>You can purchase the physical book <a href=\"https:\/\/testlnm.lt\/en\/product\/istorija-vizgina-uodega-trumpos-istorijos-apie-ilga-zmogaus-ir-suns-draugyste-lietuvoje\/\">\u010dia<\/a>.<\/p>\n<p>Published by the National Museum of Lithuania<\/p>\n<p>__<\/p>\n<p><strong>How to read EPUB publications?<\/strong><\/p>\n<p>The EPUB format ensures a reading experience for everyone \u2013 EPUB not only allows you to change the font, its size, contrast, and line spacing, but you can also listen to the text! This EPUB is voiced, and the narrator's voice is synchronized with the text of the book (the reading position is marked on the screen in a different color). This functionality of the EPUB format is perfect for those with reading disabilities or those learning to read.<\/p>\n<p>It's important to note that not all EPUB reading programs support narration. Therefore, we recommend:<\/p>\n<p>\ud83d\udfe1If you are reading on a computer, download a free program <a href=\"https:\/\/thorium.edrlab.org\/en\/\">\u201eThorium Reader&#8221;<\/a>.<\/p>\n<p>\ud83d\udfe1If you are reading on a phone\/tablet with Android operating system, download the free app <a href=\"https:\/\/play.google.com\/store\/apps\/details?id=com.colibrio.reader\">\u201eColibrio Reader\u201c<\/a>.<\/p>\n<p>\ud83d\udfe1If you are reading on a phone\/tablet with iOS operating system, download the free app <a href=\"https:\/\/apps.apple.com\/us\/app\/bookfusion\/id1141834096\">\u201eBook Fusion\u201c<\/a>.<\/p>","protected":false},"excerpt":{"rendered":"<p>Text author Sigita Mik\u0161ait\u0117<br \/>\nAuthor of alternative texts Sigita Mik\u0161ait\u0117<br \/>\nIllustrations by Reda Tomingas<br \/>\nCover illustration by Justinas Dadonas<br \/>\nEditor Nijol\u0117 Deveikien\u0117<br \/>\nDesigners Justinas Dadonas and Justina Bruk\u0161tut\u0117-\u0160imk\u0117<br \/>\nEpub format designer Albertas Rinkevi\u010dius<br \/>\nAnnouncers: Virgilijus Kubilius and Monika Baranauskait\u0117<\/p>\n<p>Vilnius, 2025, iliustr., lithuanian,  ISBN 978-609-478-095-0.<\/p>\n<p>Format EPUB<\/p>","protected":false},"featured_media":4498,"template":"","meta":{"_acf_changed":false,"inline_featured_image":false},"product_brand":[],"product_cat":[73,19,147,174,21],"product_tag":[145],"class_list":{"0":"post-4491","1":"product","2":"type-product","3":"status-publish","4":"has-post-thumbnail","6":"product_cat-kiti-leidiniai","7":"product_cat-leidiniai","8":"product_cat-naujausi-leidiniai","9":"product_cat-naujienos","10":"product_cat-vaikams","11":"product_tag-kiti-leidiniai","13":"first","14":"instock","15":"downloadable","16":"virtual","17":"taxable","18":"purchasable","19":"product-type-simple"},"acf":[],"_links":{"self":[{"href":"https:\/\/testlnm.lt\/en\/wp-json\/wp\/v2\/product\/4491","targetHints":{"allow":["GET"]}}],"collection":[{"href":"https:\/\/testlnm.lt\/en\/wp-json\/wp\/v2\/product"}],"about":[{"href":"https:\/\/testlnm.lt\/en\/wp-json\/wp\/v2\/types\/product"}],"wp:featuredmedia":[{"embeddable":true,"href":"https:\/\/testlnm.lt\/en\/wp-json\/wp\/v2\/media\/4498"}],"wp:attachment":[{"href":"https:\/\/testlnm.lt\/en\/wp-json\/wp\/v2\/media?parent=4491"}],"wp:term":[{"taxonomy":"product_brand","embeddable":true,"href":"https:\/\/testlnm.lt\/en\/wp-json\/wp\/v2\/product_brand?post=4491"},{"taxonomy":"product_cat","embeddable":true,"href":"https:\/\/testlnm.lt\/en\/wp-json\/wp\/v2\/product_cat?post=4491"},{"taxonomy":"product_tag","embeddable":true,"href":"https:\/\/testlnm.lt\/en\/wp-json\/wp\/v2\/product_tag?post=4491"}],"curies":[{"name":"wp","href":"https:\/\/api.w.org\/{rel}","templated":true}]}}