{"id":457,"date":"2021-09-02T10:05:32","date_gmt":"2021-09-02T07:05:32","guid":{"rendered":"https:\/\/testlnm.lt\/?post_type=product&#038;p=457"},"modified":"2026-04-01T11:44:48","modified_gmt":"2026-04-01T08:44:48","slug":"kursiai-genties-kultura-papuosalai-ir-nesiosena-katalogas","status":"publish","type":"product","link":"https:\/\/testlnm.lt\/en\/product\/kursiai-genties-kultura-papuosalai-ir-nesiosena-katalogas\/","title":{"rendered":"Curonians. Tribal culture: jewelry and clothing. Catalog"},"content":{"rendered":"<p>Curonians are one of the Baltic tribes, which formed around the 5th\u2013early 6th centuries on the southeastern coast of the Baltic Sea and, during their heyday in the 9th\u201312th centuries, expanded their territory northward. Today, the historical lands inhabited by the Curonians are located in the territory of Lithuania and Latvia.<\/p>\n<p>This publication presents only the jewelry, their wearing style and clothing details typical of this tribe. Jewelry constitutes the most abundant group of archaeological finds, and they are the best studied in terms of typology. The catalog provides a detailed description of the burial site in the description of each item, and the burial method is noted next to the grave number: skeletal or cremated.<\/p>\n<p>Kur\u0161i\u0173 papuo\u0161alai rodo \u0161ios genties dvasin\u0117s ir materialin\u0117s kult\u016bros turtingum\u0105 ir savitum\u0105, o audini\u0173 liekanos mena drabu\u017ei\u0173 detales. Ne\u0161iosenos tradicijos geriausiai atsispindi laidosenoje. Tai leid\u017eia geriau pa\u017einti kur\u0161i\u0173 gent\u012f, kuri istorini\u0173 aplinkybi\u0173 buvo suskaldyta ir ilgainiui \u012fsiliejo \u012f dvi balt\u0173 tautas \u2013 lietuvi\u0173 ir latvi\u0173.<\/p>","protected":false},"excerpt":{"rendered":"<p>Curonians. Tribal culture: jewelry and clothing. Catalog<\/p>\n<p>&nbsp;<\/p>\n<p>The Curonians. Tribe Culture According to the Ornaments and Wear. Catalogue. Vilnius, 2016. 264 p., Lithuanian and English, ISBN 978-609-8039-86-3<\/p>\n<p>Prepared by Egl\u0117 Griciuvien\u0117. Artist Vida Ona Kurait\u0117, editor Daiva Staki\u0161aitien\u0117<\/p>","protected":false},"featured_media":587,"template":"","meta":{"_acf_changed":false,"inline_featured_image":false},"product_brand":[],"product_cat":[34,19],"product_tag":[83,80,84],"class_list":{"0":"post-457","1":"product","2":"type-product","3":"status-publish","4":"has-post-thumbnail","6":"product_cat-archeologija","7":"product_cat-leidiniai","8":"product_tag-archeologija","9":"product_tag-istorija","10":"product_tag-parodu-katalogai","12":"first","13":"instock","14":"taxable","15":"shipping-taxable","16":"purchasable","17":"product-type-simple"},"acf":[],"_links":{"self":[{"href":"https:\/\/testlnm.lt\/en\/wp-json\/wp\/v2\/product\/457","targetHints":{"allow":["GET"]}}],"collection":[{"href":"https:\/\/testlnm.lt\/en\/wp-json\/wp\/v2\/product"}],"about":[{"href":"https:\/\/testlnm.lt\/en\/wp-json\/wp\/v2\/types\/product"}],"wp:featuredmedia":[{"embeddable":true,"href":"https:\/\/testlnm.lt\/en\/wp-json\/wp\/v2\/media\/587"}],"wp:attachment":[{"href":"https:\/\/testlnm.lt\/en\/wp-json\/wp\/v2\/media?parent=457"}],"wp:term":[{"taxonomy":"product_brand","embeddable":true,"href":"https:\/\/testlnm.lt\/en\/wp-json\/wp\/v2\/product_brand?post=457"},{"taxonomy":"product_cat","embeddable":true,"href":"https:\/\/testlnm.lt\/en\/wp-json\/wp\/v2\/product_cat?post=457"},{"taxonomy":"product_tag","embeddable":true,"href":"https:\/\/testlnm.lt\/en\/wp-json\/wp\/v2\/product_tag?post=457"}],"curies":[{"name":"wp","href":"https:\/\/api.w.org\/{rel}","templated":true}]}}