{"id":458,"date":"2021-09-02T10:10:06","date_gmt":"2021-09-02T07:10:06","guid":{"rendered":"https:\/\/testlnm.lt\/?post_type=product&#038;p=458"},"modified":"2026-04-01T11:44:48","modified_gmt":"2026-04-01T08:44:48","slug":"kursiai-genties-kultura-laidosenos-duomenimis-katalogas","status":"publish","type":"product","link":"https:\/\/testlnm.lt\/en\/product\/kursiai-genties-kultura-laidosenos-duomenimis-katalogas\/","title":{"rendered":"Kur\u0161iai. Genties kult\u016bra laidosenos duomenimis. Katalogas"},"content":{"rendered":"<p>Kur\u0161iai \u2013 viena i\u0161 balt\u0173 gen\u010di\u0173, susiformavusi\u0173 apie VI am\u017ei\u0173, dabar yra dviej\u0173 valstybi\u0173 teritorijoje: \u0161iaurvakarin\u0117s Lietuvos dalyje ir Latvijos Kur\u0161o pusiasalio vakarin\u0117je dalyje. Kataloge parodyta genties kult\u016bra kap\u0173 \u012fkapi\u0173 komplektais, lobiais \u2013 aukomis, apeiginiais dirbiniais ir kasdien\u0117s buities reliktais i\u0161 piliakalni\u0173 bei gyvenvie\u010di\u0173.<\/p>\n<p>Katalogui sudaryti 4 topografiniai kapinyn\u0173 \u017eem\u0117lapiai, jame apra\u0161yta 101 \u017einomas kur\u0161i\u0173 laidojimo paminklas Lietuvoje ir Latvijoje. Leidinyje pateikti 166 kap\u0173 laidosenos apra\u0161ai, 49 kap\u0173 tyrin\u0117jim\u0173 br\u0117\u017einiai, i\u0161 viso \u012ftraukta 2390 eksponat\u0173. Katalogas iliustruotas 175 spalvotomis kap\u0173 \u012fkapi\u0173 nuotraukomis, 77 nespalvotomis archeologijos paminkl\u0173 ir tyrin\u0117jim\u0173 vaizd\u0173 nuotraukomis.<\/p>\n<p>Tai tre\u010dioji knyga i\u0161 balt\u0173 gen\u010di\u0173 archeologijos ciklo. Ji prieinama ir aktuali pla\u010diam skaitytoj\u0173 ratui ne tik Lietuvoje ir Latvijoje, bet ir pla\u010diau Europoje. Did\u017eioji dalis kataloge pateikt\u0173 archeologini\u0173 radini\u0173 skelbiama pirm\u0105 kart\u0105. Kur\u0161i\u0173 gentis iki \u0161iol nebuvo susilaukusi atskiro leidinio jos istorijai ir kult\u016brai nu\u0161viesti.<\/p>\n<p>Antras leidimas.<\/p>","protected":false},"excerpt":{"rendered":"<p>Kur\u0161iai. Genties kult\u016bra laidosenos duomenimis. Katalogas<\/p>\n<p>Other publications<\/p>\n<p>The Curonians. Tribe Culture According to the Burial Data. Catalogue. Vilnius, 2016. 462 p., lietuvi\u0173 ir angl\u0173 k., ISBN 978-609-8039-00-9<\/p>\n<p>Pareng\u0117 Egl\u0117 Griciuvien\u0117. Dailinink\u0117 Vida Ona Kurait\u0117, redaktor\u0117s Nijol\u0117 Deveikien\u0117 ir Saul\u0117 Kriau\u010di\u016bn\u0117<\/p>","protected":false},"featured_media":684,"template":"","meta":{"_acf_changed":false,"inline_featured_image":false},"product_brand":[],"product_cat":[34,19],"product_tag":[83,80,84],"class_list":{"0":"post-458","1":"product","2":"type-product","3":"status-publish","4":"has-post-thumbnail","6":"product_cat-archeologija","7":"product_cat-leidiniai","8":"product_tag-archeologija","9":"product_tag-istorija","10":"product_tag-parodu-katalogai","12":"first","13":"outofstock","14":"taxable","15":"shipping-taxable","16":"purchasable","17":"product-type-simple"},"acf":[],"_links":{"self":[{"href":"https:\/\/testlnm.lt\/en\/wp-json\/wp\/v2\/product\/458","targetHints":{"allow":["GET"]}}],"collection":[{"href":"https:\/\/testlnm.lt\/en\/wp-json\/wp\/v2\/product"}],"about":[{"href":"https:\/\/testlnm.lt\/en\/wp-json\/wp\/v2\/types\/product"}],"wp:featuredmedia":[{"embeddable":true,"href":"https:\/\/testlnm.lt\/en\/wp-json\/wp\/v2\/media\/684"}],"wp:attachment":[{"href":"https:\/\/testlnm.lt\/en\/wp-json\/wp\/v2\/media?parent=458"}],"wp:term":[{"taxonomy":"product_brand","embeddable":true,"href":"https:\/\/testlnm.lt\/en\/wp-json\/wp\/v2\/product_brand?post=458"},{"taxonomy":"product_cat","embeddable":true,"href":"https:\/\/testlnm.lt\/en\/wp-json\/wp\/v2\/product_cat?post=458"},{"taxonomy":"product_tag","embeddable":true,"href":"https:\/\/testlnm.lt\/en\/wp-json\/wp\/v2\/product_tag?post=458"}],"curies":[{"name":"wp","href":"https:\/\/api.w.org\/{rel}","templated":true}]}}