{"id":460,"date":"2021-09-02T10:35:33","date_gmt":"2021-09-02T07:35:33","guid":{"rendered":"https:\/\/testlnm.lt\/?post_type=product&#038;p=460"},"modified":"2026-04-17T09:21:05","modified_gmt":"2026-04-17T06:21:05","slug":"stanislovas-zvirgzdas-2010-2016-metu-fotografijos","status":"publish","type":"product","link":"https:\/\/testlnm.lt\/en\/product\/stanislovas-zvirgzdas-2010-2016-metu-fotografijos\/","title":{"rendered":"Stanislovas \u017dvirg\u017edas. Photos from 2010-2016"},"content":{"rendered":"<p>Stanislovas \u017dvirg\u017edas is a photographer, photography historian, and translator. The exhibition catalog presents photographs from 2010 to 2016, accompanied by the author's bibliography and a list of exhibitions.<\/p>\n<p>In 2016, the photographer Stanislovas \u017dvirg\u017edas donated his creative legacy\u2014more than 11 thousand negatives and 5000 prints of his own photographs\u2014to the Lithuanian National Museum.<\/p>","protected":false},"excerpt":{"rendered":"<p>Stanislovas \u017dvirg\u017edas. Photos from 2010-2016<\/p>\n<p>&nbsp;<\/p>\n<p>Vilnius, 2016. 84 p., Lithuanian, summary in English, ISBN 978-609-8039-90-0<\/p>\n<p>Curator of the exhibition: Vitalija Jo\u010dyt\u0117. Exhibition's artist: Giedr\u0117 Narbutien\u0117. Publication's artist: Vida Kurait\u0117. Editor: Nijol\u0117 Deveikien\u0117. Translator: Au\u0161ra Simanavi\u010di\u016bt\u0117.<\/p>","protected":false},"featured_media":608,"template":"","meta":{"_acf_changed":false,"inline_featured_image":false},"product_brand":[],"product_cat":[19,72],"product_tag":[88,84],"class_list":{"0":"post-460","1":"product","2":"type-product","3":"status-publish","4":"has-post-thumbnail","6":"product_cat-leidiniai","7":"product_cat-parodu-katalogai-ir-kspoziciju-vadovai","8":"product_tag-fotografiju-albumai","9":"product_tag-parodu-katalogai","11":"first","12":"instock","13":"taxable","14":"shipping-taxable","15":"purchasable","16":"product-type-simple"},"acf":[],"_links":{"self":[{"href":"https:\/\/testlnm.lt\/en\/wp-json\/wp\/v2\/product\/460","targetHints":{"allow":["GET"]}}],"collection":[{"href":"https:\/\/testlnm.lt\/en\/wp-json\/wp\/v2\/product"}],"about":[{"href":"https:\/\/testlnm.lt\/en\/wp-json\/wp\/v2\/types\/product"}],"wp:featuredmedia":[{"embeddable":true,"href":"https:\/\/testlnm.lt\/en\/wp-json\/wp\/v2\/media\/608"}],"wp:attachment":[{"href":"https:\/\/testlnm.lt\/en\/wp-json\/wp\/v2\/media?parent=460"}],"wp:term":[{"taxonomy":"product_brand","embeddable":true,"href":"https:\/\/testlnm.lt\/en\/wp-json\/wp\/v2\/product_brand?post=460"},{"taxonomy":"product_cat","embeddable":true,"href":"https:\/\/testlnm.lt\/en\/wp-json\/wp\/v2\/product_cat?post=460"},{"taxonomy":"product_tag","embeddable":true,"href":"https:\/\/testlnm.lt\/en\/wp-json\/wp\/v2\/product_tag?post=460"}],"curies":[{"name":"wp","href":"https:\/\/api.w.org\/{rel}","templated":true}]}}