{"id":463,"date":"2021-09-02T11:50:40","date_gmt":"2021-09-02T08:50:40","guid":{"rendered":"https:\/\/testlnm.lt\/?post_type=product&#038;p=463"},"modified":"2026-04-01T11:44:45","modified_gmt":"2026-04-01T08:44:45","slug":"lietuvos-tautodailininku-sajungai-50-parodos-katalogas","status":"publish","type":"product","link":"https:\/\/testlnm.lt\/en\/product\/lietuvos-tautodailininku-sajungai-50-parodos-katalogas\/","title":{"rendered":"Fifty Years to the Lithuanian Folk Artist's Union. Exhibition Catalogue"},"content":{"rendered":"<p>The beginning of the Lithuanian Folk Artists' Union dates back to March 1, 1966, when the Lithuanian Folk Art Society was founded, renamed with its current name in 1989. Today, it consists of seven branches - the communities of \u0160iauliai, Kaunas, and Panev\u0117\u017eys, as well as the sections of Dz\u016bkija, \u017demaitija, and Tel\u0161iai, along with the Republican Board and the Vilnius branch. Creative individuals of different ages and backgrounds gather in sections dedicated to textiles, knitting, applied carving, weaving, sculpture, graphics, painting, ceramics, blacksmithing, jewelry, and traditional art. Most members have been granted the status of artists, and their works are marked with the national heritage symbol. The Folk Artists' Union supports active artistic activities by promoting their creativity, assisting in organizing exhibitions, and encouraging older generation masters to pass on their experience to the younger generation. Today, there is much to show and be proud of, so it was meaningful to organize an exhibition at the Lithuanian National Museum to commemorate the 50th anniversary of the Lithuanian Folk Artists' Union. The publication presents the catalog of the anniversary exhibition.<\/p>","protected":false},"excerpt":{"rendered":"<p>Fifty Years to the Lithuanian Folk Artist's Union. Exhibition Catalogue<\/p>\n<p>&nbsp;<\/p>\n<p>Vilnius, 2017. 320 p., Lithuanian, summary in English, ISBN 978-609-478-004-2<\/p>\n<p>Compiler: Elvyda Lazauskait\u0117. Layour designer: Edita Gu\u017eait\u0117. Editor: Maryt\u0117 Slu\u0161inskait\u0117.<\/p>\n<p>&nbsp;<\/p>\n<p>The publication contains an English introduction \u201cFifty years to the Lithuanian Folk Artist\u2019s Union\u201d<\/p>","protected":false},"featured_media":512,"template":"","meta":{"_acf_changed":false,"inline_featured_image":false},"product_brand":[],"product_cat":[70,73,19,72],"product_tag":[79,84,102],"class_list":{"0":"post-463","1":"product","2":"type-product","3":"status-publish","4":"has-post-thumbnail","6":"product_cat-etnografija","7":"product_cat-kiti-leidiniai","8":"product_cat-leidiniai","9":"product_cat-parodu-katalogai-ir-kspoziciju-vadovai","10":"product_tag-etnografija","11":"product_tag-parodu-katalogai","12":"product_tag-tautodaile","14":"first","15":"instock","16":"taxable","17":"shipping-taxable","18":"purchasable","19":"product-type-simple"},"acf":[],"_links":{"self":[{"href":"https:\/\/testlnm.lt\/en\/wp-json\/wp\/v2\/product\/463","targetHints":{"allow":["GET"]}}],"collection":[{"href":"https:\/\/testlnm.lt\/en\/wp-json\/wp\/v2\/product"}],"about":[{"href":"https:\/\/testlnm.lt\/en\/wp-json\/wp\/v2\/types\/product"}],"wp:featuredmedia":[{"embeddable":true,"href":"https:\/\/testlnm.lt\/en\/wp-json\/wp\/v2\/media\/512"}],"wp:attachment":[{"href":"https:\/\/testlnm.lt\/en\/wp-json\/wp\/v2\/media?parent=463"}],"wp:term":[{"taxonomy":"product_brand","embeddable":true,"href":"https:\/\/testlnm.lt\/en\/wp-json\/wp\/v2\/product_brand?post=463"},{"taxonomy":"product_cat","embeddable":true,"href":"https:\/\/testlnm.lt\/en\/wp-json\/wp\/v2\/product_cat?post=463"},{"taxonomy":"product_tag","embeddable":true,"href":"https:\/\/testlnm.lt\/en\/wp-json\/wp\/v2\/product_tag?post=463"}],"curies":[{"name":"wp","href":"https:\/\/api.w.org\/{rel}","templated":true}]}}