{"id":465,"date":"2021-09-02T11:55:50","date_gmt":"2021-09-02T08:55:50","guid":{"rendered":"https:\/\/testlnm.lt\/?post_type=product&#038;p=465"},"modified":"2026-04-01T11:44:45","modified_gmt":"2026-04-01T08:44:45","slug":"primityvioji-tapyba-ketvirtoji-respublikine-konkursine-paroda-monikos-biciunienes-premijai-laimeti","status":"publish","type":"product","link":"https:\/\/testlnm.lt\/en\/product\/primityvioji-tapyba-ketvirtoji-respublikine-konkursine-paroda-monikos-biciunienes-premijai-laimeti\/","title":{"rendered":"Primitive Painting: The Fourth National Competitive Exhibition for the Monika Bi\u010di\u016bnien\u0117 Award"},"content":{"rendered":"<p>The catalog introduces the participants who won the Monika Bi\u010di\u016bnien\u0117 Award at the Fourth National competitive exhibition of primitive painting, as well as the paintings exhibited at the show.<\/p>","protected":false},"excerpt":{"rendered":"<p>Primitive Painting: The Fourth National Competitive Exhibition for the Monika Bi\u010di\u016bnien\u0117 Award<\/p>\n<p>&nbsp;<\/p>\n<p>Vilnius, 2017. 116 p., Lithuanian, summary in English, ISBN 978-609-478-010-3<\/p>\n<p>Compiler: Edita Prelgauskien\u0117. Editor: Maryt\u0117 Slu\u0161inskait\u0117. Layout designer: Edita Gu\u017eait\u0117.<\/p>","protected":false},"featured_media":748,"template":"","meta":{"_acf_changed":false,"inline_featured_image":false},"product_brand":[],"product_cat":[19,74,72],"product_tag":[96,86,84,99],"class_list":{"0":"post-465","1":"product","2":"type-product","3":"status-publish","4":"has-post-thumbnail","6":"product_cat-leidiniai","7":"product_cat-menas-architektura","8":"product_cat-parodu-katalogai-ir-kspoziciju-vadovai","9":"product_tag-daile","10":"product_tag-menas","11":"product_tag-parodu-katalogai","12":"product_tag-tapyba","14":"first","15":"outofstock","16":"taxable","17":"shipping-taxable","18":"purchasable","19":"product-type-simple"},"acf":[],"_links":{"self":[{"href":"https:\/\/testlnm.lt\/en\/wp-json\/wp\/v2\/product\/465","targetHints":{"allow":["GET"]}}],"collection":[{"href":"https:\/\/testlnm.lt\/en\/wp-json\/wp\/v2\/product"}],"about":[{"href":"https:\/\/testlnm.lt\/en\/wp-json\/wp\/v2\/types\/product"}],"wp:featuredmedia":[{"embeddable":true,"href":"https:\/\/testlnm.lt\/en\/wp-json\/wp\/v2\/media\/748"}],"wp:attachment":[{"href":"https:\/\/testlnm.lt\/en\/wp-json\/wp\/v2\/media?parent=465"}],"wp:term":[{"taxonomy":"product_brand","embeddable":true,"href":"https:\/\/testlnm.lt\/en\/wp-json\/wp\/v2\/product_brand?post=465"},{"taxonomy":"product_cat","embeddable":true,"href":"https:\/\/testlnm.lt\/en\/wp-json\/wp\/v2\/product_cat?post=465"},{"taxonomy":"product_tag","embeddable":true,"href":"https:\/\/testlnm.lt\/en\/wp-json\/wp\/v2\/product_tag?post=465"}],"curies":[{"name":"wp","href":"https:\/\/api.w.org\/{rel}","templated":true}]}}