{"id":4695,"date":"2026-01-22T09:37:53","date_gmt":"2026-01-22T07:37:53","guid":{"rendered":"https:\/\/testlnm.lt\/?post_type=product&#038;p=4695"},"modified":"2026-04-17T09:20:36","modified_gmt":"2026-04-17T06:20:36","slug":"marskineliai-zmogus-tarp-pasauliu","status":"publish","type":"product","link":"https:\/\/testlnm.lt\/en\/product\/marskineliai-zmogus-tarp-pasauliu\/","title":{"rendered":"T-shirt \"A Soul Between Worlds\""},"content":{"rendered":"<p>The T-shirt was created for the international exhibition of the National Museum of Lithuania \u201cA Soul Between Worlds. Indigenous Ainu in Northern Japan and Ethnographer Bronis\u0142aw Pi\u0142sudskii\". More information about the exhibition here. <a href=\"http:\/\/google.com\/search?q=\u017emogus+tarp+pasauli\u0173+paroda&amp;oq=\u017emogus+tarp+pasauli\u0173+paroda&amp;gs_lcrp=EgZjaHJvbWUyCQgAEEUYORigATIHCAEQIRigATIHCAIQIRiPAjIHCAMQIRiPAjIHCAQQIRiPAtIBCDM4NDdqMGo0qAIAsAIB&amp;sourceid=chrome&amp;ie=UTF-8\">\u010dia<\/a>.<\/p>","protected":false},"excerpt":{"rendered":"<p>Material: 100% cotton<br \/>\nSpecial illustration for the exhibition created by: Koji Yuki<br \/>\nGraphic design: Gail\u0117 Pranck\u016bnait\u0117<\/p>\n<p>Sizes:<br \/>\n\u2013 women's S (color Off-white)<br \/>\n\u2013 unisex M, L, XL (color Off-white)<br \/>\n\u2013 children's 10 years (color Grey melange)<\/p>","protected":false},"featured_media":4658,"template":"","meta":{"_acf_changed":false,"inline_featured_image":false},"product_brand":[],"product_cat":[20,174,185,21],"product_tag":[],"class_list":{"0":"post-4695","1":"product","2":"type-product","3":"status-publish","4":"has-post-thumbnail","6":"product_cat-dovanos-suvenyrai","7":"product_cat-naujienos","8":"product_cat-parodos-zmogus-tarp-pasauliu-suvenyrai","9":"product_cat-vaikams","11":"first","12":"outofstock","13":"taxable","14":"shipping-taxable","15":"purchasable","16":"product-type-variable"},"acf":[],"_links":{"self":[{"href":"https:\/\/testlnm.lt\/en\/wp-json\/wp\/v2\/product\/4695","targetHints":{"allow":["GET"]}}],"collection":[{"href":"https:\/\/testlnm.lt\/en\/wp-json\/wp\/v2\/product"}],"about":[{"href":"https:\/\/testlnm.lt\/en\/wp-json\/wp\/v2\/types\/product"}],"wp:featuredmedia":[{"embeddable":true,"href":"https:\/\/testlnm.lt\/en\/wp-json\/wp\/v2\/media\/4658"}],"wp:attachment":[{"href":"https:\/\/testlnm.lt\/en\/wp-json\/wp\/v2\/media?parent=4695"}],"wp:term":[{"taxonomy":"product_brand","embeddable":true,"href":"https:\/\/testlnm.lt\/en\/wp-json\/wp\/v2\/product_brand?post=4695"},{"taxonomy":"product_cat","embeddable":true,"href":"https:\/\/testlnm.lt\/en\/wp-json\/wp\/v2\/product_cat?post=4695"},{"taxonomy":"product_tag","embeddable":true,"href":"https:\/\/testlnm.lt\/en\/wp-json\/wp\/v2\/product_tag?post=4695"}],"curies":[{"name":"wp","href":"https:\/\/api.w.org\/{rel}","templated":true}]}}