{"id":470,"date":"2021-09-02T12:25:33","date_gmt":"2021-09-02T09:25:33","guid":{"rendered":"https:\/\/testlnm.lt\/?post_type=product&#038;p=470"},"modified":"2026-04-17T09:21:01","modified_gmt":"2026-04-17T06:21:01","slug":"irena-seliukaite-juozas-sorys-valstybines-jono-basanaviciaus-premijos-laureatai-1992-2017-m","status":"publish","type":"product","link":"https:\/\/testlnm.lt\/en\/product\/irena-seliukaite-juozas-sorys-valstybines-jono-basanaviciaus-premijos-laureatai-1992-2017-m\/","title":{"rendered":"Irena Seliukait\u0117, Juozas \u0160orys. Laureates of the Jonas Basanavi\u010dius State Award (1992-2017)"},"content":{"rendered":"<p>The book presents the winners of the 1992-2017 Jonas Basanavi\u010dius State Prize. Thirty-seven persons have been awarded this award over the past twenty-six years, whose activities and lives have made a significant contribution to the strengthening of the state after the restoration of independence, the preservation of national identity, and the development of national culture. The laureates of the award are people of various professions: philologists, historians, geographers, musicologists, architects, physicists, economists, excellent experts in their fields, public figures, who have done beautiful and meaningful work in the field of ethnic culture. The first part of the book presents, in chronological order, the activities of the laureates of the Jonas Basanavi\u010dius State Award, for which the prize of the respective year was awarded. The second part of the book contains interviews with the laureates by Juozas \u0160orys.<\/p>","protected":false},"excerpt":{"rendered":"<p>Irena Seliukait\u0117, Juozas \u0160orys. Laureates of the Jonas Basanavi\u010dius State Award (1992-2017)<\/p>\n<p>&nbsp;<\/p>\n<p>Vilnius, 2018. 464 p., Lithuanian, ISBN 978-609-478-012-7<\/p>\n<p>Artist: Ar\u016bnas Prelgauskas. Editor: Nijol\u0117 Deveikien\u0117.<\/p>\n<p>&nbsp;<\/p>","protected":false},"featured_media":701,"template":"","meta":{"_acf_changed":false,"inline_featured_image":false},"product_brand":[],"product_cat":[75,70,19],"product_tag":[104,90,103],"class_list":{"0":"post-470","1":"product","2":"type-product","3":"status-publish","4":"has-post-thumbnail","6":"product_cat-biografijos","7":"product_cat-etnografija","8":"product_cat-leidiniai","9":"product_tag-jonas-basanavicius","10":"product_tag-kiti","11":"product_tag-premija","13":"first","14":"instock","15":"taxable","16":"shipping-taxable","17":"purchasable","18":"product-type-simple"},"acf":[],"_links":{"self":[{"href":"https:\/\/testlnm.lt\/en\/wp-json\/wp\/v2\/product\/470","targetHints":{"allow":["GET"]}}],"collection":[{"href":"https:\/\/testlnm.lt\/en\/wp-json\/wp\/v2\/product"}],"about":[{"href":"https:\/\/testlnm.lt\/en\/wp-json\/wp\/v2\/types\/product"}],"wp:featuredmedia":[{"embeddable":true,"href":"https:\/\/testlnm.lt\/en\/wp-json\/wp\/v2\/media\/701"}],"wp:attachment":[{"href":"https:\/\/testlnm.lt\/en\/wp-json\/wp\/v2\/media?parent=470"}],"wp:term":[{"taxonomy":"product_brand","embeddable":true,"href":"https:\/\/testlnm.lt\/en\/wp-json\/wp\/v2\/product_brand?post=470"},{"taxonomy":"product_cat","embeddable":true,"href":"https:\/\/testlnm.lt\/en\/wp-json\/wp\/v2\/product_cat?post=470"},{"taxonomy":"product_tag","embeddable":true,"href":"https:\/\/testlnm.lt\/en\/wp-json\/wp\/v2\/product_tag?post=470"}],"curies":[{"name":"wp","href":"https:\/\/api.w.org\/{rel}","templated":true}]}}