{"id":4712,"date":"2026-01-27T13:46:50","date_gmt":"2026-01-27T11:46:50","guid":{"rendered":"https:\/\/testlnm.lt\/?post_type=product&#038;p=4712"},"modified":"2026-04-01T11:44:11","modified_gmt":"2026-04-01T08:44:11","slug":"albumas-xix-a-lietuvos-dailes-parastese-nepastebeta-miesto-kasdiena","status":"publish","type":"product","link":"https:\/\/testlnm.lt\/en\/product\/albumas-xix-a-lietuvos-dailes-parastese-nepastebeta-miesto-kasdiena\/","title":{"rendered":"Albumas \u201eXIX a. Lietuvos dail\u0117s para\u0161t\u0117se: nepasteb\u0117ta miesto kasdiena\u201c"},"content":{"rendered":"<p>Tai kvietimas \u012fsitraukti \u012f savoti\u0161k\u0105 \u017eaidim\u0105: \u012fsi\u017ei\u016br\u0117ti ir leisti miestui prabilti detal\u0117se.<\/p>\n<p>Matyt, ne vienam yra pasitaik\u0119, kad gerai pa\u017e\u012fstamas, daug kart\u0173 matytas daiktas ima ir nustebina netik\u0117ta jame pasisl\u0117pusia smulkmena. Taip nutinka ir su grafikos ar tapybos darbais \u2013 pa\u017evelgi \u012f \u017einom\u0105, ne kart\u0105 tyrin\u0117t\u0105 k\u016brin\u012f ir atrandi jame anks\u010diau nereg\u0117t\u0105 detal\u0119: garlaivis svarbaus asmens portrete, be\u017ed\u017eion\u0117l\u0117 Vilniaus centre, vis atsikartojanti kepuri\u0173 pardavimo scena, \u017ealtys turguje\u2026 Tie ne i\u0161 karto pasteb\u0117ti ma\u017emo\u017eiai paprastai slepiasi vaizdo antrame plane. \u017dmoni\u0173, gyv\u016bn\u0173 fig\u016br\u0117l\u0117s, kitos smulkmenos, pagyvinan\u010dios ir pa\u012fvairinan\u010dios kra\u0161tovaizd\u012f, kurian\u010dios tikrovi\u0161kumo, gilumos \u012fsp\u016bd\u012f, atspindi miesto vaizduose slypin\u010di\u0105 gyvenimo realyb\u0119. \u0160ios stafa\u017ein\u0117s fig\u016br\u0117l\u0117s ir tapo atspirties ta\u0161ku knygos autoriams: istorikams ir menotyrininkams \u2013 pasakojant apie \u012fvairius miesto gyvenimo elementus: aprang\u0105 ir mad\u0105, vaikus ir elgetas, gatv\u0117s muzikantus ir prekeivius, u\u017eeigas, laivus, sielius ir kita.<\/p>\n<p>\u0160is leidinys gali b\u016bti skaitomas kaip dvi atskiros knygos: kaip straipsni\u0173 rinkinys apie miestie\u010di\u0173 kasdien\u0105, paremtas stafa\u017eini\u0173 fig\u016br\u0117li\u0173 analize, ir kaip meno albumas, pristatantis XIX a. Lietuvos dail\u0117s k\u016brinius. Pasirinkta knygos konstrukcija suteikia galimyb\u0119 skaitytojui vienu metu atsiversti abi knygas. Jis kvie\u010diamas \u012fsitraukti \u012f pikanti\u0161k\u0105 \u017eaidim\u0105: paie\u0161koti nepasteb\u0117t\u0173 fig\u016br\u0117li\u0173 ar pam\u0117ginti i\u0161 detal\u0117s nusp\u0117ti \u017einom\u0105 meno k\u016brin\u012f, kurio fragmentas atspindi konkret\u0173 miesto kasdienos aspekt\u0105.<\/p>\n<p>Pla\u010diau susipa\u017einti su leidiniu galima \u010dia: <a href=\"https:\/\/lnm.lt\/aktualijos\/nuo-panoramos-prie-detales-albumas-atveriantis-nepastebeta-xix-a-miesto-kasdiena\/\" target=\"_blank\" rel=\"noopener\">Nuo panoramos prie detal\u0117s: albumas, atveriantis nepasteb\u0117t\u0105 XIX a. miesto kasdien\u0105<\/a><\/p>","protected":false},"excerpt":{"rendered":"<p>Sudarytoja Diana Streikuvien\u0117<\/p>\n<p>Tekstai: \u017dygintas Bu\u010dys, Ieva Burbait\u0117, Karolina Glinska, Reda Gri\u0161kait\u0117, R\u016bta Janonien\u0117, Laima Lau\u010dkait\u0117, Diana Streikuvien\u0117<br \/>\nRecenzentai: dr. Virgilijus Puga\u010diauskas, dr. Birut\u0117 R\u016bta Vitkauskien\u0117<\/p>\n<p>Dizainer\u0117 Kotryna \u0160eibokait\u0117-\u0160a<\/p>\n<p>Projekto partneris TARTLE &#8211; Lietuvos meno pa\u017einimo centras<br \/>\nR\u0117m\u0117jas Lietuvos respublikos kult\u016bros ministerija<\/p>\n<p>Vilnius, 2026, lietuvi\u0173 k., santrauka angl\u0173 k., 510 psl., kietas vir\u0161elis, ISBN 978-609-478-097-4.<\/p>","protected":false},"featured_media":4825,"template":"","meta":{"_acf_changed":false,"inline_featured_image":false},"product_brand":[],"product_cat":[25,23,24,19,74,147,174],"product_tag":[],"class_list":{"0":"post-4712","1":"product","2":"type-product","3":"status-publish","4":"has-post-thumbnail","6":"product_cat-apie-vilniu","7":"product_cat-istorija","8":"product_cat-kolekciju-rinkiniai","9":"product_cat-leidiniai","10":"product_cat-menas-architektura","11":"product_cat-naujausi-leidiniai","12":"product_cat-naujienos","14":"first","15":"outofstock","16":"taxable","17":"shipping-taxable","18":"purchasable","19":"product-type-simple"},"acf":[],"_links":{"self":[{"href":"https:\/\/testlnm.lt\/en\/wp-json\/wp\/v2\/product\/4712","targetHints":{"allow":["GET"]}}],"collection":[{"href":"https:\/\/testlnm.lt\/en\/wp-json\/wp\/v2\/product"}],"about":[{"href":"https:\/\/testlnm.lt\/en\/wp-json\/wp\/v2\/types\/product"}],"wp:featuredmedia":[{"embeddable":true,"href":"https:\/\/testlnm.lt\/en\/wp-json\/wp\/v2\/media\/4825"}],"wp:attachment":[{"href":"https:\/\/testlnm.lt\/en\/wp-json\/wp\/v2\/media?parent=4712"}],"wp:term":[{"taxonomy":"product_brand","embeddable":true,"href":"https:\/\/testlnm.lt\/en\/wp-json\/wp\/v2\/product_brand?post=4712"},{"taxonomy":"product_cat","embeddable":true,"href":"https:\/\/testlnm.lt\/en\/wp-json\/wp\/v2\/product_cat?post=4712"},{"taxonomy":"product_tag","embeddable":true,"href":"https:\/\/testlnm.lt\/en\/wp-json\/wp\/v2\/product_tag?post=4712"}],"curies":[{"name":"wp","href":"https:\/\/api.w.org\/{rel}","templated":true}]}}