{"id":4718,"date":"2026-02-06T14:03:29","date_gmt":"2026-02-06T12:03:29","guid":{"rendered":"https:\/\/testlnm.lt\/?post_type=product&#038;p=4718"},"modified":"2026-04-01T11:44:11","modified_gmt":"2026-04-01T08:44:11","slug":"kursiai-genties-kultura-gyvensenos-kovu-tikejimu-tarpgentiniu-rysiu-atspindziai","status":"publish","type":"product","link":"https:\/\/testlnm.lt\/en\/product\/kursiai-genties-kultura-gyvensenos-kovu-tikejimu-tarpgentiniu-rysiu-atspindziai\/","title":{"rendered":"\u201eKur\u0161iai. Genties kult\u016bra: gyvensenos, kov\u0173, tik\u0117jim\u0173, tarpgentini\u0173 ry\u0161i\u0173 atspind\u017eiai&#8221;"},"content":{"rendered":"<p>Lietuvos nacionalinis muziejus ir Latvijas Nacion\u0101lais v\u0113stures muzejs<\/p>\n<p>Kur\u0161iai \u2013 viena i\u0161 balt\u0173 gen\u010di\u0173, apie V a.-VI a. prad\u017ei\u0105 susiformavusi Baltijos pietrytiniame paj\u016bryje ir klest\u0117jimo laikais IX-XII a. prapl\u0117tusi gyvenam\u0105 teritorij\u0105 \u0161iaur\u0117s kryptimi. \u0160iuo metu istorin\u0117s kur\u0161i\u0173 gyventos \u017eem\u0117s yra Lietuvos ir Latvijos teritorijoje.<\/p>\n<p>Tre\u010dioji katalogo dalis apima \u012fvairias gyvenimo sritis, kurias atspindi kur\u0161iams b\u016bdingi archeologiniai radiniai. \u012e katalog\u0105 \u012ftraukti eksponatai, reprezentuojantys kur\u0161i\u0173 ginkluot\u0119, prie\u0161istorinius \u016bkio ir buities \u012frankius, padargus. Vienos i\u0161 turtingiausi\u0173 ir karingiausi\u0173 balt\u0173 gen\u010di\u0173 ry\u0161iai su kitais kra\u0161tais atsiskleid\u017eia per prekybinius ry\u0161ius ir i\u0161likusius \u012fve\u017etinius daiktus. Kur\u0161i\u0173 dvasinio gyvenimo atspind\u017eiai i\u0161ry\u0161k\u0117ja tik jiems b\u016bdinguose amuletuose, daikt\u0173 miniati\u016brose, iki istorini\u0173 laik\u0173 i\u0161likusiose \u0161ventviet\u0117se. Kur\u0161i\u0173 genties kult\u016brai skirtas t\u0119stinis katalogas leid\u017eia geriau pa\u017einti gent\u012f, kuri dramati\u0161k\u0173 istorini\u0173 pervart\u0173 buvo suskaldyta ir palaipsniui \u012fsiliejo \u012f dvi balt\u0173 tautas \u2013 lietuvi\u0173 ir latvi\u0173.<\/p>\n<p>Katalogo pirmoje dalyje <a href=\"https:\/\/testlnm.lt\/en\/product\/kursiai-genties-kultura-laidosenos-duomenimis-katalogas\/\">\u201eKur\u0161iai. Genties kult\u016bra laidosenos duomenimis&#8221;<\/a> aptarti pagrindiniai \u017einomi kur\u0161i\u0173 laidojimo paminklai Lietuvoje ir Latvijoje.<\/p>\n<p>Antra katalogo dalis <a href=\"https:\/\/testlnm.lt\/en\/product\/kursiai-genties-kultura-papuosalai-ir-nesiosena-katalogas\/\">\u201eKur\u0161iai. Genties kult\u016bra: papuo\u0161alai ir ne\u0161iosena&#8221;<\/a> skirta tik \u0161iai gen\u010diai b\u016bdingiems papuo\u0161alams ir aprangos detal\u0117ms.<\/p>","protected":false},"excerpt":{"rendered":"<p>Pareng\u0117 Egl\u0117 Griciuvien\u0117, Gytis Gri\u017eas, Vykintas Vaitkevi\u010dius, Zane Bu\u017ea, Janis Ciglis<br \/>\nDailinink\u0117 Vida Ona Kurait\u0117, redaktor\u0117 Nijol\u0117 Deveikien\u0117<br \/>\nFotografai: K\u0119stutis Sto\u0161kus, Ar\u016bnas Balt\u0117nas, Roberts Kanin\u0161<br \/>\nI\u0161 latvi\u0173 kalbos vert\u0117 Povilas Bar\u0161ys, Egl\u0117 Griciuvien\u0117<br \/>\n\u012e angl\u0173 kalb\u0105 vert\u0117 Virginija Rimkut\u0117<\/p>\n<p>Vilnius, 2025, 328 p., lietuvi\u0173 k., angl\u0173 k. ISBN 978-609-478-098-1.<\/p>","protected":false},"featured_media":4719,"template":"","meta":{"_acf_changed":false,"inline_featured_image":false},"product_brand":[],"product_cat":[34,19,183,147,174],"product_tag":[],"class_list":{"0":"post-4718","1":"product","2":"type-product","3":"status-publish","4":"has-post-thumbnail","6":"product_cat-archeologija","7":"product_cat-leidiniai","8":"product_cat-leidiniai-anglu-kalba","9":"product_cat-naujausi-leidiniai","10":"product_cat-naujienos","12":"first","13":"instock","14":"taxable","15":"shipping-taxable","16":"purchasable","17":"product-type-simple"},"acf":[],"_links":{"self":[{"href":"https:\/\/testlnm.lt\/en\/wp-json\/wp\/v2\/product\/4718","targetHints":{"allow":["GET"]}}],"collection":[{"href":"https:\/\/testlnm.lt\/en\/wp-json\/wp\/v2\/product"}],"about":[{"href":"https:\/\/testlnm.lt\/en\/wp-json\/wp\/v2\/types\/product"}],"wp:featuredmedia":[{"embeddable":true,"href":"https:\/\/testlnm.lt\/en\/wp-json\/wp\/v2\/media\/4719"}],"wp:attachment":[{"href":"https:\/\/testlnm.lt\/en\/wp-json\/wp\/v2\/media?parent=4718"}],"wp:term":[{"taxonomy":"product_brand","embeddable":true,"href":"https:\/\/testlnm.lt\/en\/wp-json\/wp\/v2\/product_brand?post=4718"},{"taxonomy":"product_cat","embeddable":true,"href":"https:\/\/testlnm.lt\/en\/wp-json\/wp\/v2\/product_cat?post=4718"},{"taxonomy":"product_tag","embeddable":true,"href":"https:\/\/testlnm.lt\/en\/wp-json\/wp\/v2\/product_tag?post=4718"}],"curies":[{"name":"wp","href":"https:\/\/api.w.org\/{rel}","templated":true}]}}