{"id":481,"date":"2021-09-02T13:35:53","date_gmt":"2021-09-02T10:35:53","guid":{"rendered":"https:\/\/testlnm.lt\/?post_type=product&#038;p=481"},"modified":"2026-04-17T09:20:59","modified_gmt":"2026-04-17T06:20:59","slug":"apolonija-dalevskyte-sierakauskiene-atsiminimai","status":"publish","type":"product","link":"https:\/\/testlnm.lt\/en\/product\/apolonija-dalevskyte-sierakauskiene-atsiminimai\/","title":{"rendered":"Apolonija Dalevskyt\u0117-Sierakauskien\u0117. Memoirs"},"content":{"rendered":"<p>The memoirs were written by an extraordinary woman who became a symbol of love, loyalty and patriotism. The family of Apolonija Dalevskyt\u0117-Sierakauskien\u0117 (1838-1918) was famous for its unrelenting struggle for independence. The author talks about the founders of the Lithuanian Youth Fraternity, brothers Aleksandras and Pranci\u0161kis Dalevskis. Pranci\u0161kus and Titas Dalevskis belonged to the underground government of the 1863-1864 uprising. Konstantinas Dalevskis was a comrade of Zygmantas Sierakauskas and took part in the defence of Paris in 1871. His mother and six sisters were exiled for their patriotic activities.<\/p>\n<p>An important part of the memoirs is the story of the 1863-1864 uprising and its leader Zigmantas Sierakauskas. The author refutes what she considers to be an erroneous assessment of Sierakauskas' activities, as presented by Jok\u016bbas Gei\u0161toras in his memoirs. The poignant account of the love story between Apolonija and Zigmantas lifts the curtain on the private life of the rebel leader.<\/p>\n<p>The memoirs are a monument to her loved ones. The author depicts great personalities who are immensely devoted to their homeland, selfless, impeccable, honest, and always ready to sacrifice. And she herself looks like a work of the romantic imagination. She considers her family's past to be her greatest treasure, inseparable from the fate of Lithuania and Poland.<\/p>","protected":false},"excerpt":{"rendered":"<p>Apolonija Dalevskyt\u0117-Sierakauskien\u0117. Memoirs<\/p>\n<p>&nbsp;<\/p>\n<p>Vilnius, 2019. 308 p., Lithuanian, ISBN 978-609-478-028-8<\/p>\n<p>Prepared by Tamara Baira\u0161auskait\u0117 and Jolanta Sikorska-Kulesza. Artist: Edita Gu\u017eait\u0117. Editor: Onut\u0117 Gud\u017ei\u016bnien\u0117.<\/p>","protected":false},"featured_media":505,"template":"","meta":{"_acf_changed":false,"inline_featured_image":false},"product_brand":[],"product_cat":[75,23,19],"product_tag":[82,80],"class_list":{"0":"post-481","1":"product","2":"type-product","3":"status-publish","4":"has-post-thumbnail","6":"product_cat-biografijos","7":"product_cat-istorija","8":"product_cat-leidiniai","9":"product_tag-biografija","10":"product_tag-istorija","12":"first","13":"instock","14":"taxable","15":"shipping-taxable","16":"purchasable","17":"product-type-simple"},"acf":[],"_links":{"self":[{"href":"https:\/\/testlnm.lt\/en\/wp-json\/wp\/v2\/product\/481","targetHints":{"allow":["GET"]}}],"collection":[{"href":"https:\/\/testlnm.lt\/en\/wp-json\/wp\/v2\/product"}],"about":[{"href":"https:\/\/testlnm.lt\/en\/wp-json\/wp\/v2\/types\/product"}],"wp:featuredmedia":[{"embeddable":true,"href":"https:\/\/testlnm.lt\/en\/wp-json\/wp\/v2\/media\/505"}],"wp:attachment":[{"href":"https:\/\/testlnm.lt\/en\/wp-json\/wp\/v2\/media?parent=481"}],"wp:term":[{"taxonomy":"product_brand","embeddable":true,"href":"https:\/\/testlnm.lt\/en\/wp-json\/wp\/v2\/product_brand?post=481"},{"taxonomy":"product_cat","embeddable":true,"href":"https:\/\/testlnm.lt\/en\/wp-json\/wp\/v2\/product_cat?post=481"},{"taxonomy":"product_tag","embeddable":true,"href":"https:\/\/testlnm.lt\/en\/wp-json\/wp\/v2\/product_tag?post=481"}],"curies":[{"name":"wp","href":"https:\/\/api.w.org\/{rel}","templated":true}]}}