{"id":482,"date":"2021-09-02T13:30:43","date_gmt":"2021-09-02T10:30:43","guid":{"rendered":"https:\/\/testlnm.lt\/?post_type=product&#038;p=482"},"modified":"2026-04-17T09:20:59","modified_gmt":"2026-04-17T06:20:59","slug":"vienuoliktoji-respublikine-medaliu-trienale","status":"publish","type":"product","link":"https:\/\/testlnm.lt\/en\/product\/vienuoliktoji-respublikine-medaliu-trienale\/","title":{"rendered":"The Eleventh National Medal Triennial"},"content":{"rendered":"<p>The National Museum of Lithuania, continuing the tradition started by the Artists' Union three decades ago, organised the Eleventh National Medal Triennial from 18 November 2016 to 12 February 2017.<\/p>\n<p>The catalogue introduces the participating artists, provides brief information about them, lists the works on display, discusses their characteristics, and publishes images of the most outstanding medals.<\/p>","protected":false},"excerpt":{"rendered":"<p>The Eleventh National Medal Triennial<\/p>\n<p>&nbsp;<\/p>\n<p>Vilnius, 2019. 56 p., Lithuanian, summary in English, ISBN 978-609-478-022-6<\/p>\n<p>Compiler: Regina Abl\u0117nien\u0117. Artist: Ar\u016bnas Prelgauskas. Editor: Daiva Staki\u0161aitien\u0117. Photographer: K\u0119stutis Sto\u0161kus.<\/p>","protected":false},"featured_media":611,"template":"","meta":{"_acf_changed":false,"inline_featured_image":false},"product_brand":[],"product_cat":[19,72],"product_tag":[84],"class_list":{"0":"post-482","1":"product","2":"type-product","3":"status-publish","4":"has-post-thumbnail","6":"product_cat-leidiniai","7":"product_cat-parodu-katalogai-ir-kspoziciju-vadovai","8":"product_tag-parodu-katalogai","10":"first","11":"instock","12":"taxable","13":"shipping-taxable","14":"purchasable","15":"product-type-simple"},"acf":[],"_links":{"self":[{"href":"https:\/\/testlnm.lt\/en\/wp-json\/wp\/v2\/product\/482","targetHints":{"allow":["GET"]}}],"collection":[{"href":"https:\/\/testlnm.lt\/en\/wp-json\/wp\/v2\/product"}],"about":[{"href":"https:\/\/testlnm.lt\/en\/wp-json\/wp\/v2\/types\/product"}],"wp:featuredmedia":[{"embeddable":true,"href":"https:\/\/testlnm.lt\/en\/wp-json\/wp\/v2\/media\/611"}],"wp:attachment":[{"href":"https:\/\/testlnm.lt\/en\/wp-json\/wp\/v2\/media?parent=482"}],"wp:term":[{"taxonomy":"product_brand","embeddable":true,"href":"https:\/\/testlnm.lt\/en\/wp-json\/wp\/v2\/product_brand?post=482"},{"taxonomy":"product_cat","embeddable":true,"href":"https:\/\/testlnm.lt\/en\/wp-json\/wp\/v2\/product_cat?post=482"},{"taxonomy":"product_tag","embeddable":true,"href":"https:\/\/testlnm.lt\/en\/wp-json\/wp\/v2\/product_tag?post=482"}],"curies":[{"name":"wp","href":"https:\/\/api.w.org\/{rel}","templated":true}]}}