{"id":486,"date":"2021-09-02T14:05:12","date_gmt":"2021-09-02T11:05:12","guid":{"rendered":"https:\/\/testlnm.lt\/?post_type=product&#038;p=486"},"modified":"2026-04-01T11:44:40","modified_gmt":"2026-04-01T08:44:40","slug":"antanas-gudaitis-tekstai-ir-vaizdai","status":"publish","type":"product","link":"https:\/\/testlnm.lt\/en\/product\/antanas-gudaitis-tekstai-ir-vaizdai\/","title":{"rendered":"Antanas Gudaitis. Texts and Images"},"content":{"rendered":"<p>Antanas Gudaitis is one of the most prominent Lithuanian artists of the 20th century, who shaped the principles of modern national painting in the interwar period and developed them in Soviet Lithuania. His work is among the most prominent manifestations of Lithuanian colourist painting, which acquired the name of lyrical expressionism.<\/p>\n<p>This book is about a creator, a teacher, a cultural figure, a free man who lived with dignity in the dramatic circumstances that did not subdue him, did not crush him, just as no other circumstances would have.<br \/>\nThe publication is printed with the support of MG Baltic Concern.<\/p>","protected":false},"excerpt":{"rendered":"<p>Antanas Gudaitis. Texts and Images<\/p>\n<p>&nbsp;<\/p>\n<p>Vilnius, 2020. 542 p., Lithuanian, summary in English, ISBN 978-609-478-035-6<\/p>\n<p>Publication compilers: Egl\u0117 Kun\u010diuvien\u0117, Ema Mikul\u0117nait\u0117. Artist: Vida Kurait\u0117. Editors: Rimant\u0117 Umbrasait\u0117, Nijol\u0117 Deveikien\u0117.<\/p>","protected":false},"featured_media":574,"template":"","meta":{"_acf_changed":false,"inline_featured_image":false},"product_brand":[],"product_cat":[19,74],"product_tag":[89,86],"class_list":{"0":"post-486","1":"product","2":"type-product","3":"status-publish","4":"has-post-thumbnail","6":"product_cat-leidiniai","7":"product_cat-menas-architektura","8":"product_tag-kolekciju-rinkiniai","9":"product_tag-menas","11":"first","12":"instock","13":"taxable","14":"shipping-taxable","15":"purchasable","16":"product-type-simple"},"acf":[],"_links":{"self":[{"href":"https:\/\/testlnm.lt\/en\/wp-json\/wp\/v2\/product\/486","targetHints":{"allow":["GET"]}}],"collection":[{"href":"https:\/\/testlnm.lt\/en\/wp-json\/wp\/v2\/product"}],"about":[{"href":"https:\/\/testlnm.lt\/en\/wp-json\/wp\/v2\/types\/product"}],"wp:featuredmedia":[{"embeddable":true,"href":"https:\/\/testlnm.lt\/en\/wp-json\/wp\/v2\/media\/574"}],"wp:attachment":[{"href":"https:\/\/testlnm.lt\/en\/wp-json\/wp\/v2\/media?parent=486"}],"wp:term":[{"taxonomy":"product_brand","embeddable":true,"href":"https:\/\/testlnm.lt\/en\/wp-json\/wp\/v2\/product_brand?post=486"},{"taxonomy":"product_cat","embeddable":true,"href":"https:\/\/testlnm.lt\/en\/wp-json\/wp\/v2\/product_cat?post=486"},{"taxonomy":"product_tag","embeddable":true,"href":"https:\/\/testlnm.lt\/en\/wp-json\/wp\/v2\/product_tag?post=486"}],"curies":[{"name":"wp","href":"https:\/\/api.w.org\/{rel}","templated":true}]}}