{"id":4867,"date":"2026-03-02T13:19:54","date_gmt":"2026-03-02T11:19:54","guid":{"rendered":"https:\/\/testlnm.lt\/?post_type=product&#038;p=4867"},"modified":"2026-04-01T11:44:11","modified_gmt":"2026-04-01T08:44:11","slug":"kazuhiko-sawada-bronislavas-pilsudskis-zmogus-vadintas-ainu-karaliumi","status":"publish","type":"product","link":"https:\/\/testlnm.lt\/en\/product\/kazuhiko-sawada-bronislavas-pilsudskis-zmogus-vadintas-ainu-karaliumi\/","title":{"rendered":"Kazuhiko Sawada \u201eBronislavas Pilsudskis: \u017dmogus, vadintas ain\u0173 karaliumi\u201c"},"content":{"rendered":"<p><span data-teams=\"true\">Pirmoji i\u0161sami Japonijoje parengta kritin\u0117 biografija, pasakojanti apie likimo negandas patyrusio did\u017eio \u017emogaus gyvenim\u0105, susijus\u012f su \u012fsimintiniausiais istorijos \u012fvykiais. Bronislovas Pilsudskis gim\u0117 bajor\u0173 \u0161eimoje Rusijos valdomoje Lietuvoje, studijavo Sankt Peterburgo universitete, ta\u010diau buvo apkaltintas pasik\u0117sinimu \u012f caro gyvyb\u0119 ir i\u0161tremtas \u012f Sachalin\u0105. Ten jis atliko giliak\u0173 (nivch\u0173) ir ain\u0173 tyrimus ir su viena aine susilauk\u0117 dviej\u0173 vaik\u0173. V\u0117liau, atvyk\u0119s \u012f Japonij\u0105, jis susipa\u017eino su daugybe \u012fdomi\u0173 \u017emoni\u0173 \u2013 \u0161ie ry\u0161iai gyvai atskleid\u017eia Meiji eros Japonijos dvasi\u0105.<\/span><\/p>","protected":false},"excerpt":{"rendered":"<p>Vilnius, 2025, lietuvi\u0173 k., 592 psl., mink\u0161tas vir\u0161elis, ISBN 978-609-478-105-6.<\/p>\n<p>I\u0161 japon\u0173 kalbos vert\u0117 Aiden Wojciechowicz<br \/>\nVir\u0161elio dizainer\u0117 Gail\u0117 Pranck\u016bnait\u0117<br \/>\nMaketo dizainer\u0117 Edita Gu\u017eait\u0117<br \/>\nRedaktor\u0117 Daiva Vai\u0161nien\u0117<\/p>","protected":false},"featured_media":4868,"template":"","meta":{"_acf_changed":false,"inline_featured_image":false},"product_brand":[],"product_cat":[75,23,19,183,147,174,185],"product_tag":[],"class_list":{"0":"post-4867","1":"product","2":"type-product","3":"status-publish","4":"has-post-thumbnail","6":"product_cat-biografijos","7":"product_cat-istorija","8":"product_cat-leidiniai","9":"product_cat-leidiniai-anglu-kalba","10":"product_cat-naujausi-leidiniai","11":"product_cat-naujienos","12":"product_cat-parodos-zmogus-tarp-pasauliu-suvenyrai","14":"first","15":"outofstock","16":"taxable","17":"shipping-taxable","18":"purchasable","19":"product-type-simple"},"acf":[],"_links":{"self":[{"href":"https:\/\/testlnm.lt\/en\/wp-json\/wp\/v2\/product\/4867","targetHints":{"allow":["GET"]}}],"collection":[{"href":"https:\/\/testlnm.lt\/en\/wp-json\/wp\/v2\/product"}],"about":[{"href":"https:\/\/testlnm.lt\/en\/wp-json\/wp\/v2\/types\/product"}],"wp:featuredmedia":[{"embeddable":true,"href":"https:\/\/testlnm.lt\/en\/wp-json\/wp\/v2\/media\/4868"}],"wp:attachment":[{"href":"https:\/\/testlnm.lt\/en\/wp-json\/wp\/v2\/media?parent=4867"}],"wp:term":[{"taxonomy":"product_brand","embeddable":true,"href":"https:\/\/testlnm.lt\/en\/wp-json\/wp\/v2\/product_brand?post=4867"},{"taxonomy":"product_cat","embeddable":true,"href":"https:\/\/testlnm.lt\/en\/wp-json\/wp\/v2\/product_cat?post=4867"},{"taxonomy":"product_tag","embeddable":true,"href":"https:\/\/testlnm.lt\/en\/wp-json\/wp\/v2\/product_tag?post=4867"}],"curies":[{"name":"wp","href":"https:\/\/api.w.org\/{rel}","templated":true}]}}