{"id":487,"date":"2021-09-02T14:10:16","date_gmt":"2021-09-02T11:10:16","guid":{"rendered":"https:\/\/testlnm.lt\/?post_type=product&#038;p=487"},"modified":"2026-04-17T09:20:58","modified_gmt":"2026-04-17T06:20:58","slug":"mamute-ona-jablonskyte-landsbergiene","status":"publish","type":"product","link":"https:\/\/testlnm.lt\/en\/product\/mamute-ona-jablonskyte-landsbergiene\/","title":{"rendered":"Mummy. Ona Jablonskyt\u0117-Landsbergien\u0117"},"content":{"rendered":"<p>Ona Jablonskyt\u0117-Landsbergien\u0117 (1894-1957) was the daughter of the linguist Jonas Jablonskis, an ophthalmologist who performed complex eye surgeries, mother of three children, and a Righteous Among the Nations, who hid persecuted people during World War II.<\/p>\n<p>\"Mummy had a unique heart, a caring, unadulterated and non-fictional maternal attitude.  She is a person who seemed to be allowed by God to help and heal others - literally. And every day, with her presence, advice and example, she'd help\", said her son Vytautas Landsbergis.\u0161<\/p>\n<p>This book tells the story of Lithuania in the first half of the 20th century through the fate of a single family - how historical events rippled through their lives, how families were torn apart, persecuted and how they survived.<\/p>\n<p>The book contains memories of family members, professional and personal documents and surviving letters.<\/p>","protected":false},"excerpt":{"rendered":"<p>Mummy. Ona Jablonskyt\u0117-Landsbergien\u0117<\/p>\n<p>&nbsp;<\/p>\n<p>Vilnius, 2020. 304 p., Lithuanian, ISBN 978-609-478-036-3<\/p>\n<p>Prepared by Vytautas Landsbergis. Artist: Vida Ona Kurait\u0117. Editor: Daiva Vai\u0161nien\u0117.<\/p>","protected":false},"featured_media":597,"template":"","meta":{"_acf_changed":false,"inline_featured_image":false},"product_brand":[],"product_cat":[75,23,19],"product_tag":[82,80],"class_list":{"0":"post-487","1":"product","2":"type-product","3":"status-publish","4":"has-post-thumbnail","6":"product_cat-biografijos","7":"product_cat-istorija","8":"product_cat-leidiniai","9":"product_tag-biografija","10":"product_tag-istorija","12":"first","13":"instock","14":"taxable","15":"shipping-taxable","16":"purchasable","17":"product-type-simple"},"acf":[],"_links":{"self":[{"href":"https:\/\/testlnm.lt\/en\/wp-json\/wp\/v2\/product\/487","targetHints":{"allow":["GET"]}}],"collection":[{"href":"https:\/\/testlnm.lt\/en\/wp-json\/wp\/v2\/product"}],"about":[{"href":"https:\/\/testlnm.lt\/en\/wp-json\/wp\/v2\/types\/product"}],"wp:featuredmedia":[{"embeddable":true,"href":"https:\/\/testlnm.lt\/en\/wp-json\/wp\/v2\/media\/597"}],"wp:attachment":[{"href":"https:\/\/testlnm.lt\/en\/wp-json\/wp\/v2\/media?parent=487"}],"wp:term":[{"taxonomy":"product_brand","embeddable":true,"href":"https:\/\/testlnm.lt\/en\/wp-json\/wp\/v2\/product_brand?post=487"},{"taxonomy":"product_cat","embeddable":true,"href":"https:\/\/testlnm.lt\/en\/wp-json\/wp\/v2\/product_cat?post=487"},{"taxonomy":"product_tag","embeddable":true,"href":"https:\/\/testlnm.lt\/en\/wp-json\/wp\/v2\/product_tag?post=487"}],"curies":[{"name":"wp","href":"https:\/\/api.w.org\/{rel}","templated":true}]}}