{"id":4870,"date":"2026-03-04T13:04:10","date_gmt":"2026-03-04T11:04:10","guid":{"rendered":"https:\/\/testlnm.lt\/?post_type=product&#038;p=4870"},"modified":"2026-04-01T11:44:10","modified_gmt":"2026-04-01T08:44:10","slug":"vidmanto-staniulio-bibliotekos-kolekcija","status":"publish","type":"product","link":"https:\/\/testlnm.lt\/en\/product\/vidmanto-staniulio-bibliotekos-kolekcija\/","title":{"rendered":"Vidmanto Staniulio bibliotekos kolekcija"},"content":{"rendered":"<p>Kataloge Vidmanto Staniulio bibliotekos kolekcija pristatoma bibliofilo, leid\u0117jo ir mecenato Vidmanto Staniulio tikslingai surinkta kolekcija, padovanota muziejui, kad b\u016bt\u0173 i\u0161saugota kaip vienis (did\u017eioji dalis vis\u0105 gyvenim\u0105 rinktos bibliotekos liko jo knygyne-antikvariate). Kolekcij\u0105 sudaro 1440 i\u0161skirtini\u0173, kult\u016brine bei materialine prasme verting\u0173 ir ret\u0173 leidini\u0173 leidini\u0173, kuri\u0173 chronologin\u0117s ribos apima 1475\u20131984 metus. Tai: inkunabulai (pirmosios renkamaisiais spaudmenimis spausdintos knygos), paleotipai (pereinamojo poinkunabulinio laikotarpio spaudiniai), kontrafakcijos (leidiniai su ty\u010dia neteisingai nurodytais knygos duomenimis), gra\u017edankos (lietuvi\u0161ki spaudiniai reformuotos kirilikos ra\u0161menimis), kalendoriai ir autografuotos knygos. Katalogas parengtas, remiantis paties bibliofilo sudarytu s\u0105ra\u0161u, \u2013 taip parodomas kolekcijos kaupimo pagal am\u017eius ir svarbius istorinius laikotarpius pavyzdys. Katalog\u0105 papildo chronologin\u0117, unifikuot\u0173 pradmen\u0173, geografin\u0117 leidybos duomen\u0173 ir autografuose minim\u0173 asmenvard\u017ei\u0173 rodykl\u0117s.<\/p>","protected":false},"excerpt":{"rendered":"<p>Sudarytoja Asta Pu\u010dinskait\u0117<\/p>\n<p><span data-teams=\"true\">Redaktor\u0117 ir rodykli\u0173 sudarytoja Maryt\u0117 Slu\u0161inskait\u0117<br \/>\nFotografas Gediminas Tre\u010diokas<br \/>\nDizainer\u0117 Vida Kurait\u0117<\/span><\/p>\n<p>Vilnius, 2025, lietuvi\u0173 k., 184 psl., kietas vir\u0161elis, ISBN 978-609-478-102-5<\/p>","protected":false},"featured_media":4879,"template":"","meta":{"_acf_changed":false,"inline_featured_image":false},"product_brand":[],"product_cat":[24,19,147,174],"product_tag":[],"class_list":{"0":"post-4870","1":"product","2":"type-product","3":"status-publish","4":"has-post-thumbnail","6":"product_cat-kolekciju-rinkiniai","7":"product_cat-leidiniai","8":"product_cat-naujausi-leidiniai","9":"product_cat-naujienos","11":"first","12":"outofstock","13":"taxable","14":"shipping-taxable","15":"purchasable","16":"product-type-simple"},"acf":[],"_links":{"self":[{"href":"https:\/\/testlnm.lt\/en\/wp-json\/wp\/v2\/product\/4870","targetHints":{"allow":["GET"]}}],"collection":[{"href":"https:\/\/testlnm.lt\/en\/wp-json\/wp\/v2\/product"}],"about":[{"href":"https:\/\/testlnm.lt\/en\/wp-json\/wp\/v2\/types\/product"}],"wp:featuredmedia":[{"embeddable":true,"href":"https:\/\/testlnm.lt\/en\/wp-json\/wp\/v2\/media\/4879"}],"wp:attachment":[{"href":"https:\/\/testlnm.lt\/en\/wp-json\/wp\/v2\/media?parent=4870"}],"wp:term":[{"taxonomy":"product_brand","embeddable":true,"href":"https:\/\/testlnm.lt\/en\/wp-json\/wp\/v2\/product_brand?post=4870"},{"taxonomy":"product_cat","embeddable":true,"href":"https:\/\/testlnm.lt\/en\/wp-json\/wp\/v2\/product_cat?post=4870"},{"taxonomy":"product_tag","embeddable":true,"href":"https:\/\/testlnm.lt\/en\/wp-json\/wp\/v2\/product_tag?post=4870"}],"curies":[{"name":"wp","href":"https:\/\/api.w.org\/{rel}","templated":true}]}}