{"id":4943,"date":"2026-03-18T09:13:46","date_gmt":"2026-03-18T07:13:46","guid":{"rendered":"https:\/\/testlnm.lt\/?post_type=product&#038;p=4943"},"modified":"2026-04-01T11:44:10","modified_gmt":"2026-04-01T08:44:10","slug":"knygu-slibinas-fantastinis-pasakojimas-apie-knygu-grozi","status":"publish","type":"product","link":"https:\/\/testlnm.lt\/en\/product\/knygu-slibinas-fantastinis-pasakojimas-apie-knygu-grozi\/","title":{"rendered":"Knyg\u0173 slibinas. Fantastinis pasakojimas apie knyg\u0173 gro\u017e\u012f"},"content":{"rendered":"<p>Sveikos ir sveiki! A\u0161 \u2013 Ugnius Slibinas, kil\u0119s i\u0161 senos ir garbingos slibin\u0173 gimin\u0117s.<br \/>\nLabai m\u0117gstu naujos knygos kvap\u0105 \u2013 tik stengiuosi nenusi\u010diaud\u0117ti, kad nety\u010dia jos nesudegin\u010diau. Mat mano gimin\u0117 kadaise gars\u0117jo s\u0117kmingu knyg\u0173 deginimo verslu. Laimei, laikai pasikeit\u0117 ir dabar a\u0161 knygas labai saugau.<br \/>\nVisai neseniai t\u0117v\u0173 namuose aptikau pasl\u0117pt\u0105 lob\u012f \u2013 kr\u016bv\u0105 nuostabiausi\u0173 knyg\u0173. Bevartydamas taip jomis susi\u017eav\u0117jau, kad kartu su savo bi\u010diule Jurga i\u0161mokau skaityti!<\/p>\n<p>Leiskim\u0117s \u012f fantastin\u012f nuotyk\u012f kartu. Su\u017einosi, kaip gimsta gera knyga: i\u0161 koki\u0173 med\u017eiag\u0173 ji padaryta, kaip spausdinama. Atrasi, kad knyg\u0173 istorija labai \u012fdomi. Ar \u017einojai, kad seniau knygos buvo itin retos ir brangios? \u012ed\u0117miai skaityk ir i\u0161siai\u0161kinsi, kas yra ekslibrisas \u2013 ypatingas \u017eenklas, kuriuo knyg\u0173 myl\u0117tojai pa\u017eymi savo bibliotek\u0173 knygas.<br \/>\nO ar tu m\u0117gsti skaityti?<\/p>\n<p>Knyga vaikams lydi parod\u0105 \u201eKnyg\u0173 slibinas. Fantastinis pasakojimas apie knyg\u0173 gro\u017e\u012f\u201c, vykstan\u010di\u0105 Kazio Varnelio namuose-muziejuje.<\/p>\n<div class=\"video-shortcode\">\n<blockquote class=\"wp-embedded-content\" data-secret=\"8QAKgFyqsG\"><p><a href=\"https:\/\/lnm.lt\/renginiai\/paroda-knygu-slibinas-fantastinis-pasakojimas-apie-knygu-grozi\/\">Paroda \u201eKnyg\u0173 slibinas. Fantastinis pasakojimas apie knyg\u0173 gro\u017e\u012f\u201c<\/a><\/p><\/blockquote>\n<p><iframe class=\"wp-embedded-content\" sandbox=\"allow-scripts\" security=\"restricted\" style=\"position: absolute; visibility: hidden;\" title=\"&#8220;Paroda \u201eKnyg\u0173 slibinas. Fantastinis pasakojimas apie knyg\u0173 gro\u017e\u012f\u201c&#8221; &#8212; Lietuvos nacionalinis muziejus\" src=\"https:\/\/lnm.lt\/renginiai\/paroda-knygu-slibinas-fantastinis-pasakojimas-apie-knygu-grozi\/embed\/#?secret=d69jLuy4Ha#?secret=8QAKgFyqsG\" data-secret=\"8QAKgFyqsG\" width=\"600\" height=\"338\" frameborder=\"0\" marginwidth=\"0\" marginheight=\"0\" scrolling=\"no\"><\/iframe><\/div>","protected":false},"excerpt":{"rendered":"<p>Para\u0161\u0117 Indr\u0117 Urbelyt\u0117<\/p>\n<p>Iliustravo Reda Tomingas<\/p>\n<p>40 psl., kietas vir\u0161elis, 2026 (lietuvi\u0173 k.), <span data-olk-copy-source=\"MessageBody\">ISBN 978-609-478-106-3<\/span><\/p>","protected":false},"featured_media":4944,"template":"","meta":{"_acf_changed":false,"inline_featured_image":false},"product_brand":[],"product_cat":[147,174,21],"product_tag":[],"class_list":{"0":"post-4943","1":"product","2":"type-product","3":"status-publish","4":"has-post-thumbnail","6":"product_cat-naujausi-leidiniai","7":"product_cat-naujienos","8":"product_cat-vaikams","10":"first","11":"instock","12":"taxable","13":"shipping-taxable","14":"purchasable","15":"product-type-simple"},"acf":[],"_links":{"self":[{"href":"https:\/\/testlnm.lt\/en\/wp-json\/wp\/v2\/product\/4943","targetHints":{"allow":["GET"]}}],"collection":[{"href":"https:\/\/testlnm.lt\/en\/wp-json\/wp\/v2\/product"}],"about":[{"href":"https:\/\/testlnm.lt\/en\/wp-json\/wp\/v2\/types\/product"}],"wp:featuredmedia":[{"embeddable":true,"href":"https:\/\/testlnm.lt\/en\/wp-json\/wp\/v2\/media\/4944"}],"wp:attachment":[{"href":"https:\/\/testlnm.lt\/en\/wp-json\/wp\/v2\/media?parent=4943"}],"wp:term":[{"taxonomy":"product_brand","embeddable":true,"href":"https:\/\/testlnm.lt\/en\/wp-json\/wp\/v2\/product_brand?post=4943"},{"taxonomy":"product_cat","embeddable":true,"href":"https:\/\/testlnm.lt\/en\/wp-json\/wp\/v2\/product_cat?post=4943"},{"taxonomy":"product_tag","embeddable":true,"href":"https:\/\/testlnm.lt\/en\/wp-json\/wp\/v2\/product_tag?post=4943"}],"curies":[{"name":"wp","href":"https:\/\/api.w.org\/{rel}","templated":true}]}}