{"id":514,"date":"2021-09-02T14:00:47","date_gmt":"2021-09-02T11:00:47","guid":{"rendered":"https:\/\/testlnm.lt\/?post_type=product&#038;p=514"},"modified":"2026-04-01T11:44:40","modified_gmt":"2026-04-01T08:44:40","slug":"valdas-selenis-nepriklausomybes-akto-signataras-jonas-smilgevicius","status":"publish","type":"product","link":"https:\/\/testlnm.lt\/en\/product\/valdas-selenis-nepriklausomybes-akto-signataras-jonas-smilgevicius\/","title":{"rendered":"Valdas Selenis. Jonas Smilgevi\u010dius, Signatory of the Act of Independence"},"content":{"rendered":"<p>Jonas Smilgevi\u010dius, a signatory of the Act of February 16th and a member of the Lithuanian Scientific Society, can be described as an economical and pragmatic man, who always strived for the best possible result not only for himself, but also for his nation and the state. He studied at Germany's top universities and chose agronomy in order to apply its innovations to the development of his homeland's agriculture and industry. His short-lived political activity in organising the Lithuanian Conference and participating in the Council of Lithuania also shows his constant concern for the situation of his country. Jonas Smilgevi\u010dius devoted his skills, wisdom and experience to strengthening the economy of independent Lithuania.<\/p>\n<p>The publication is printed with the support of MG Baltic Concern.<\/p>","protected":false},"excerpt":{"rendered":"<p>Valdas Selenis. Jonas Smilgevi\u010dius, Signatory of the Act of Independence<\/p>\n<p>From the archive of the National Museum of Lithuania<\/p>\n<p>Vilnius, 2019. From the archive of the National Museum of Lithuania \u2013 24, 120 p., Lithuanian, summary in English, ISSN 1648-2859; ISBN 978-609-478-034-9<\/p>\n<p>Editor: Maryt\u0117 Slu\u0161inskait\u0117. Series' artist: Ar\u016bnas Prelgauskas. Layout designer: Virginija Lapu\u0161auskien\u0117.<\/p>","protected":false},"featured_media":768,"template":"","meta":{"_acf_changed":false,"inline_featured_image":false},"product_brand":[],"product_cat":[75,23,19],"product_tag":[82,80,81],"class_list":{"0":"post-514","1":"product","2":"type-product","3":"status-publish","4":"has-post-thumbnail","6":"product_cat-biografijos","7":"product_cat-istorija","8":"product_cat-leidiniai","9":"product_tag-biografija","10":"product_tag-istorija","11":"product_tag-signataras","13":"first","14":"instock","15":"taxable","16":"shipping-taxable","17":"purchasable","18":"product-type-simple"},"acf":[],"_links":{"self":[{"href":"https:\/\/testlnm.lt\/en\/wp-json\/wp\/v2\/product\/514","targetHints":{"allow":["GET"]}}],"collection":[{"href":"https:\/\/testlnm.lt\/en\/wp-json\/wp\/v2\/product"}],"about":[{"href":"https:\/\/testlnm.lt\/en\/wp-json\/wp\/v2\/types\/product"}],"wp:featuredmedia":[{"embeddable":true,"href":"https:\/\/testlnm.lt\/en\/wp-json\/wp\/v2\/media\/768"}],"wp:attachment":[{"href":"https:\/\/testlnm.lt\/en\/wp-json\/wp\/v2\/media?parent=514"}],"wp:term":[{"taxonomy":"product_brand","embeddable":true,"href":"https:\/\/testlnm.lt\/en\/wp-json\/wp\/v2\/product_brand?post=514"},{"taxonomy":"product_cat","embeddable":true,"href":"https:\/\/testlnm.lt\/en\/wp-json\/wp\/v2\/product_cat?post=514"},{"taxonomy":"product_tag","embeddable":true,"href":"https:\/\/testlnm.lt\/en\/wp-json\/wp\/v2\/product_tag?post=514"}],"curies":[{"name":"wp","href":"https:\/\/api.w.org\/{rel}","templated":true}]}}