{"id":516,"date":"2021-09-02T13:55:47","date_gmt":"2021-09-02T10:55:47","guid":{"rendered":"https:\/\/testlnm.lt\/?post_type=product&#038;p=516"},"modified":"2026-04-17T09:20:58","modified_gmt":"2026-04-17T06:20:58","slug":"vytautas-budvytis-jonas-basanavicius-gyvenimas-ir-veikla-vilniuje","status":"publish","type":"product","link":"https:\/\/testlnm.lt\/en\/product\/vytautas-budvytis-jonas-basanavicius-gyvenimas-ir-veikla-vilniuje\/","title":{"rendered":"Vytautas Budvytis: Jonas Basanavi\u010dius: His Life and Work in Vilnius."},"content":{"rendered":"<p>This biographical book focuses on the personality and thought of Jonas Basanavi\u010dius. At the same time, it raises and examines a fundamental scientific problem - how Basanavi\u010dius, during his life and activities in Vilnius, reflected on the historical past of Lithuania (and, in parallel, the Grand Duchy of Lithuania) and modelled the country's future through Vilnius as a symbol of Lithuania's state past.<\/p>\n<p>The publication is printed with the support of MG Baltic Concern.<\/p>","protected":false},"excerpt":{"rendered":"<p>Vytautas Budvytis: Jonas Basanavi\u010dius: His Life and Work in Vilnius.<\/p>\n<p>From the archive of the National Museum of Lithuania<\/p>\n<p>Vilnius, 2019. From the archive of the National Museum of Lithuania \u2013 23, 248 p., Lithuanian, summary in English, ISSN 1648-2859; ISBN 978-609-478-032-5<\/p>\n<p>Editor: Maryt\u0117 Slu\u0161inskait\u0117. Series' artist: Ar\u016bnas Prelgauskas. Layout designer: Virginija Lapu\u0161auskien\u0117.<\/p>\n<p>&nbsp;<\/p>","protected":false},"featured_media":633,"template":"","meta":{"_acf_changed":false,"inline_featured_image":false},"product_brand":[],"product_cat":[75,23,19],"product_tag":[82,80,81],"class_list":{"0":"post-516","1":"product","2":"type-product","3":"status-publish","4":"has-post-thumbnail","6":"product_cat-biografijos","7":"product_cat-istorija","8":"product_cat-leidiniai","9":"product_tag-biografija","10":"product_tag-istorija","11":"product_tag-signataras","13":"first","14":"instock","15":"taxable","16":"shipping-taxable","17":"purchasable","18":"product-type-simple"},"acf":[],"_links":{"self":[{"href":"https:\/\/testlnm.lt\/en\/wp-json\/wp\/v2\/product\/516","targetHints":{"allow":["GET"]}}],"collection":[{"href":"https:\/\/testlnm.lt\/en\/wp-json\/wp\/v2\/product"}],"about":[{"href":"https:\/\/testlnm.lt\/en\/wp-json\/wp\/v2\/types\/product"}],"wp:featuredmedia":[{"embeddable":true,"href":"https:\/\/testlnm.lt\/en\/wp-json\/wp\/v2\/media\/633"}],"wp:attachment":[{"href":"https:\/\/testlnm.lt\/en\/wp-json\/wp\/v2\/media?parent=516"}],"wp:term":[{"taxonomy":"product_brand","embeddable":true,"href":"https:\/\/testlnm.lt\/en\/wp-json\/wp\/v2\/product_brand?post=516"},{"taxonomy":"product_cat","embeddable":true,"href":"https:\/\/testlnm.lt\/en\/wp-json\/wp\/v2\/product_cat?post=516"},{"taxonomy":"product_tag","embeddable":true,"href":"https:\/\/testlnm.lt\/en\/wp-json\/wp\/v2\/product_tag?post=516"}],"curies":[{"name":"wp","href":"https:\/\/api.w.org\/{rel}","templated":true}]}}