{"id":517,"date":"2021-09-02T11:30:06","date_gmt":"2021-09-02T08:30:06","guid":{"rendered":"https:\/\/testlnm.lt\/?post_type=product&#038;p=517"},"modified":"2026-04-17T09:21:03","modified_gmt":"2026-04-17T06:21:03","slug":"algimantas-katilius-vasario-16-osios-akto-signataras-kunigas-alfonsas-petrulis","status":"publish","type":"product","link":"https:\/\/testlnm.lt\/en\/product\/algimantas-katilius-vasario-16-osios-akto-signataras-kunigas-alfonsas-petrulis\/","title":{"rendered":"Algimantas Katilius. Father Alfonsas Petrulis, signatory of the Act of February 16th"},"content":{"rendered":"<p>The life of Alfonas Petrulis, a signatory of the Act of February 16th, was closely intertwined with the Lithuanian national revival in the Vilnius region. He was an active public figure, a promoter of Lithuanian identity, a collaborator in the press, and contributed to the establishment of cultural and educational societies, belonging to the Lithuanian Scientific Society. Narrating the signatory's biography also reveals the context of his time - the occupations of Imperial Russia and Imperial Germany, the establishment of independent Lithuania, and its early years.<\/p>","protected":false},"excerpt":{"rendered":"<p>Algimantas Katilius. Father Alfonsas Petrulis, signatory of the Act of February 16th<\/p>\n<p>From the archive of the National Museum of Lithuania<\/p>\n<p>Vilnius, 2017. From the archive of the National Museum of Lithuania \u2013 22, 144 p., Lithuanian, ISSN 1648-2859; ISBN 978-609-478-001-1<\/p>\n<p>Editor: Nijol\u0117 Deveikien\u0117. Series' artist: Ar\u016bnas Prelgauskas. Layout designer: Virginija Lapu\u0161auskien\u0117.<\/p>","protected":false},"featured_media":567,"template":"","meta":{"_acf_changed":false,"inline_featured_image":false},"product_brand":[],"product_cat":[75,23,19],"product_tag":[82,80,81],"class_list":{"0":"post-517","1":"product","2":"type-product","3":"status-publish","4":"has-post-thumbnail","6":"product_cat-biografijos","7":"product_cat-istorija","8":"product_cat-leidiniai","9":"product_tag-biografija","10":"product_tag-istorija","11":"product_tag-signataras","13":"first","14":"instock","15":"taxable","16":"shipping-taxable","17":"purchasable","18":"product-type-simple"},"acf":[],"_links":{"self":[{"href":"https:\/\/testlnm.lt\/en\/wp-json\/wp\/v2\/product\/517","targetHints":{"allow":["GET"]}}],"collection":[{"href":"https:\/\/testlnm.lt\/en\/wp-json\/wp\/v2\/product"}],"about":[{"href":"https:\/\/testlnm.lt\/en\/wp-json\/wp\/v2\/types\/product"}],"wp:featuredmedia":[{"embeddable":true,"href":"https:\/\/testlnm.lt\/en\/wp-json\/wp\/v2\/media\/567"}],"wp:attachment":[{"href":"https:\/\/testlnm.lt\/en\/wp-json\/wp\/v2\/media?parent=517"}],"wp:term":[{"taxonomy":"product_brand","embeddable":true,"href":"https:\/\/testlnm.lt\/en\/wp-json\/wp\/v2\/product_brand?post=517"},{"taxonomy":"product_cat","embeddable":true,"href":"https:\/\/testlnm.lt\/en\/wp-json\/wp\/v2\/product_cat?post=517"},{"taxonomy":"product_tag","embeddable":true,"href":"https:\/\/testlnm.lt\/en\/wp-json\/wp\/v2\/product_tag?post=517"}],"curies":[{"name":"wp","href":"https:\/\/api.w.org\/{rel}","templated":true}]}}