{"id":521,"date":"2021-09-02T10:30:23","date_gmt":"2021-09-02T07:30:23","guid":{"rendered":"https:\/\/testlnm.lt\/?post_type=product&#038;p=521"},"modified":"2026-04-17T09:21:06","modified_gmt":"2026-04-17T06:21:06","slug":"regina-volkaite-kulikauskiene-dienorasciu-pynes","status":"publish","type":"product","link":"https:\/\/testlnm.lt\/en\/product\/regina-volkaite-kulikauskiene-dienorasciu-pynes\/","title":{"rendered":"Regina Volkait\u0117-Kulikauskien\u0117. Braided Diaries"},"content":{"rendered":"<p>The book tells the story of one of the first Lithuanian archaeologists, Dr. habil. Regina Volkait\u0117-Kulikauskien\u0117, an academician. The first part presents the personal and everyday side of her biography based on personal diaries, letters, and memories of relatives. The second part is dedicated to reviewing archaeological excavations spanning half a century conducted by Regina Volkait\u0117-Kulikauskien\u0117. The results of these excavations have long become part of Lithuanian archaeology's heritage. However, even in the most comprehensive publications, data on the organization, composition, and working conditions of the expeditions are often overlooked. This important historical material for archaeology, based on field diary entries and research reports, is presented in this book.<\/p>","protected":false},"excerpt":{"rendered":"<p>Regina Volkait\u0117-Kulikauskien\u0117. Braided Diaries<\/p>\n<p>From the archive of the National Museum of Lithuania<\/p>\n<p>Vilnius, 2016. From the archive of the National Museum of Lithuania \u2013 18, 176 p., Lithuanian, ISSN 1648-2859; ISBN 978-609-8039-89-4.<\/p>\n<p>Prepared by Raimonda Daiva Kulikauskait\u0117-Jankauskien\u0117 and Gintautas Zabiela. Series' artist: Ar\u016bnas Prelgauskas. Layout designer: Virginija Lapu\u0161auskien\u0117. Editor: Nijol\u0117 Deveikien\u0117.<\/p>","protected":false},"featured_media":766,"template":"","meta":{"_acf_changed":false,"inline_featured_image":false},"product_brand":[],"product_cat":[75,19],"product_tag":[83,82],"class_list":{"0":"post-521","1":"product","2":"type-product","3":"status-publish","4":"has-post-thumbnail","6":"product_cat-biografijos","7":"product_cat-leidiniai","8":"product_tag-archeologija","9":"product_tag-biografija","11":"first","12":"instock","13":"taxable","14":"shipping-taxable","15":"purchasable","16":"product-type-simple"},"acf":[],"_links":{"self":[{"href":"https:\/\/testlnm.lt\/en\/wp-json\/wp\/v2\/product\/521","targetHints":{"allow":["GET"]}}],"collection":[{"href":"https:\/\/testlnm.lt\/en\/wp-json\/wp\/v2\/product"}],"about":[{"href":"https:\/\/testlnm.lt\/en\/wp-json\/wp\/v2\/types\/product"}],"wp:featuredmedia":[{"embeddable":true,"href":"https:\/\/testlnm.lt\/en\/wp-json\/wp\/v2\/media\/766"}],"wp:attachment":[{"href":"https:\/\/testlnm.lt\/en\/wp-json\/wp\/v2\/media?parent=521"}],"wp:term":[{"taxonomy":"product_brand","embeddable":true,"href":"https:\/\/testlnm.lt\/en\/wp-json\/wp\/v2\/product_brand?post=521"},{"taxonomy":"product_cat","embeddable":true,"href":"https:\/\/testlnm.lt\/en\/wp-json\/wp\/v2\/product_cat?post=521"},{"taxonomy":"product_tag","embeddable":true,"href":"https:\/\/testlnm.lt\/en\/wp-json\/wp\/v2\/product_tag?post=521"}],"curies":[{"name":"wp","href":"https:\/\/api.w.org\/{rel}","templated":true}]}}